{"id":6094,"date":"2019-08-03T15:13:00","date_gmt":"2019-08-03T13:13:00","guid":{"rendered":"http:\/\/intro-extrovertiert.de\/?page_id=6094"},"modified":"2022-11-13T12:22:28","modified_gmt":"2022-11-13T11:22:28","slug":"nachhaltige-lernerfahrungen","status":"publish","type":"page","link":"https:\/\/www.elke-groeger.de\/selbstfuehrung\/nachhaltige-lernerfahrungen\/","title":{"rendered":"Nachhaltige Lernerfahrungen"},"content":{"rendered":"<div class=\"wpb-content-wrapper\">[vc_row css_animation=\u201d\u201d row_type=\u201crow\u201d use_row_as_full_screen_section=\u201cno\u201d type=\u201cgrid\u201d angled_section=\u201cno\u201d text_align=\u201cleft\u201d background_image_as_pattern=\u201cwithout_pattern\u201d z_index=\u201d\u201d css=\u201d.vc_custom_1564837106178{margin-left: 50px !important;}\u201d][\/vc_row][vc_column][\/vc_column][vc_empty_space height=\u201c18px\u201d][vc_empty_space height=\u201c18px\u201d][vc_empty_space height=\u201c18px\u201d][vc_column_text]\n<h3 style=\"text-align: left;\"><span style=\"font-size: 18pt; color: #30a1b1;\">Ich mache das Gelernte intensiv und nachhaltig erfahrbar<\/span><\/h3>\n[\/vc_column_text][vc_empty_space height=\u201c18px\u201d][vc_separator type=\u201cnormal\u201d color=\u201d#f05e0a\u201d thickness=\u201c1\u201d][vc_empty_space height=\u201c18px\u201d][vc_empty_space height=\u201c18px\u201d][vc_column_text]\n<p style=\"text-align: justify;\"><span style=\"color: #04263f;\"><span style=\"font-size: 14pt;\">In mei\u00adnen Trai\u00adnings ver\u00adbin\u00adde ich Ele\u00admen\u00adte der Huma\u00adnis\u00adti\u00adschen Psy\u00adcho\u00adlo\u00adgie mit neu\u00ades\u00adten Erkennt\u00adnis\u00adsen aus der Gehirn\u00adfor\u00adschung. <strong>Damit st\u00e4r\u00adke ich Ihre F\u00fch\u00adrungs\u00adkr\u00e4f\u00adte und Mit\u00adar\u00adbei\u00adter opti\u00admal f\u00fcr den sou\u00adve\u00adr\u00e4\u00adnen Umgang mit emo\u00adtio\u00adna\u00adlen Her\u00adaus\u00adfor\u00adde\u00adrun\u00adgen!<\/strong> Zudem wei\u00df ich dank mei\u00adner lang\u00adj\u00e4h\u00adri\u00adgen Erfah\u00adrung als F\u00fch\u00adrungs\u00adkraft im mitt\u00adle\u00adren Manage\u00adment nur zu gut, auf was es f\u00fcr den Ein\u00adzel\u00adnen und f\u00fcr eine gute Zusam\u00admen\u00adar\u00adbeit ankommt.&nbsp;<\/span><\/span><\/p>\n[\/vc_column_text][vc_empty_space height=\u201c18px\u201d][vc_empty_space height=\u201c18px\u201d][vc_empty_space height=\u201c18px\u201d][vc_column_text]\n<p style=\"text-align: justify;\"><span style=\"color: #f05e0a;\"><strong><span style=\"font-size: 18pt;\">Das kenn\u00adzeich\u00adnet mei\u00adne Trainings<\/span><\/strong><\/span><\/p>\n[\/vc_column_text][vc_empty_space height=\u201c18px\u201d][vc_empty_space height=\u201c18px\u201d][vc_row_inner row_type=\u201crow\u201d type=\u201cfull_width\u201d text_align=\u201cleft\u201d css_animation=\u201c\u201d][vc_column_inner]<div class=\"q_icon_with_title tiny normal_icon left_from_title \"><div class=\"icon_text_holder\" style><div class=\"icon_text_inner\" style><div class=\"icon_title_holder\"><div class=\"icon_holder \" style=\" \"><span data-icon-type=\"normal\" class=\"qode_iwt_icon_holder q_font_awsome_icon fa-lg  \"><i class=\"qode_icon_font_awesome fa fa-check-square-o qode_iwt_icon_element\" style=\"color: #04263f\"><\/i><\/span><\/div><h4 class=\"icon_title\" style=\"color: #04263f;font-weight: 500;\">Elke Groeger ist seit vielen Jahren auf die Themenfelder \u201eSelbstf\u00fchrung\u201c und \u201cSelbstcoaching\u201c spezialisiert. Entsprechend gro\u00df sind ihr Know-how und ihre Erfahrung in diesem Bereich.<\/h4><\/div><p style><\/p><\/div><\/div><\/div><div class=\"q_icon_with_title tiny normal_icon left_from_title \"><div class=\"icon_text_holder\" style><div class=\"icon_text_inner\" style><div class=\"icon_title_holder\"><div class=\"icon_holder \" style=\" \"><span data-icon-type=\"normal\" class=\"qode_iwt_icon_holder q_font_awsome_icon fa-lg  \"><i class=\"qode_icon_font_awesome fa fa-check-square-o qode_iwt_icon_element\" style=\"color: #04263f\"><\/i><\/span><\/div><h4 class=\"icon_title\" style=\"color: #04263f;font-weight: 400;\">Elke Groeger verfolgt bei ihrer Arbeit einen st\u00e4rkenorientierten L\u00f6sungsansatz. Das hei\u00dft, ihre Interventionen zielen stets darauf ab, das Selbstbewusstsein und die Handlungskompetenz ihrer Trainingsteilnehmer und Klienten zu st\u00e4rken.<\/h4><\/div><p style><\/p><\/div><\/div><\/div><div class=\"q_icon_with_title tiny normal_icon left_from_title \"><div class=\"icon_text_holder\" style><div class=\"icon_text_inner\" style><div class=\"icon_title_holder\"><div class=\"icon_holder \" style=\" \"><span data-icon-type=\"normal\" class=\"qode_iwt_icon_holder q_font_awsome_icon fa-lg  \"><i class=\"qode_icon_font_awesome fa fa-check-square-o qode_iwt_icon_element\" style=\"color: #04263f\"><\/i><\/span><\/div><h4 class=\"icon_title\" style=\"color: #04263f;font-weight: 400;\">Elke Groeger vermittelt bei ihrer Arbeit ihren Teilnehmern stets ein positives Zielbild, entsprechend motiviert sind diese zur positiven Ver\u00e4nderung.<\/h4><\/div><p style><\/p><\/div><\/div><\/div><div class=\"q_icon_with_title tiny normal_icon left_from_title \"><div class=\"icon_text_holder\" style><div class=\"icon_text_inner\" style><div class=\"icon_title_holder\"><div class=\"icon_holder \" style=\" \"><span data-icon-type=\"normal\" class=\"qode_iwt_icon_holder q_font_awsome_icon fa-lg  \"><i class=\"qode_icon_font_awesome fa fa-check-square-o qode_iwt_icon_element\" style=\"color: #04263f\"><\/i><\/span><\/div><h4 class=\"icon_title\" style=\"color: #04263f;font-weight: 400;\">Elke Groeger vermittelt ihren Klienten auch stets Tools und Methoden zum Selbstcoaching. Entsprechend nachhaltig ist ihre Arbeit.<\/h4><\/div><p style><\/p><\/div><\/div><\/div><div class=\"q_icon_with_title tiny normal_icon left_from_title \"><div class=\"icon_text_holder\" style><div class=\"icon_text_inner\" style><div class=\"icon_title_holder\"><div class=\"icon_holder \" style=\" \"><span data-icon-type=\"normal\" class=\"qode_iwt_icon_holder q_font_awsome_icon fa-lg  \"><i class=\"qode_icon_font_awesome fa fa-check-square-o qode_iwt_icon_element\" style=\"color: #04263f\"><\/i><\/span><\/div><h4 class=\"icon_title\" style=\"color: #04263f;font-weight: 400;\">Elke Groeger ist zudem ausgebildete Heilpraktikerin f\u00fcr Psychotherapie. Deshalb erkennt sie auch, wenn Personen in existenziellen Krisen stecken und kann angemessen hierauf reagieren.<\/h4><\/div><p style><\/p><\/div><\/div><\/div><div class=\"q_icon_with_title tiny normal_icon left_from_title \"><div class=\"icon_text_holder\" style><div class=\"icon_text_inner\" style><div class=\"icon_title_holder\"><div class=\"icon_holder \" style=\" \"><span data-icon-type=\"normal\" class=\"qode_iwt_icon_holder q_font_awsome_icon fa-lg  \"><i class=\"qode_icon_font_awesome fa fa-check-square-o qode_iwt_icon_element\" style=\"color: #04263f\"><\/i><\/span><\/div><h4 class=\"icon_title\" style=\"color: #04263f;font-weight: 400;\">Das oberste Ziel von Elke Groeger bei ihrer Arbeit ist, die von Ihnen gew\u00fcnschten Wirkungen f\u00fcr Ihre Mitarbeiter und F\u00fchrungskr\u00e4fte zu erzielen. Deshalb nimmt sie bei ihrer Arbeit bedarfsorientiert die verschiedenen Rollen wie Berater, Trainer bzw. Wissensvermittler und Coach&nbsp;wahr.<\/h4><\/div><p style><\/p><\/div><\/div><\/div><div class=\"q_icon_with_title tiny normal_icon left_from_title \"><div class=\"icon_text_holder\" style><div class=\"icon_text_inner\" style><div class=\"icon_title_holder\"><div class=\"icon_holder \" style=\" \"><span data-icon-type=\"normal\" class=\"qode_iwt_icon_holder q_font_awsome_icon fa-lg  \"><i class=\"qode_icon_font_awesome fa fa-check-square-o qode_iwt_icon_element\" style=\"color: #04263f\"><\/i><\/span><\/div><h4 class=\"icon_title\" style=\"color: #04263f;font-weight: 500;\">Die Teilnehmer und Klienten k\u00f6nnen aus dem reichhaltigen Erfahrungsschatz von Elke Groeger sch\u00f6pfen.<\/h4><\/div><p style><\/p><\/div><\/div><\/div><div class=\"q_icon_with_title tiny normal_icon left_from_title \"><div class=\"icon_text_holder\" style><div class=\"icon_text_inner\" style><div class=\"icon_title_holder\"><div class=\"icon_holder \" style=\" \"><span data-icon-type=\"normal\" class=\"qode_iwt_icon_holder q_font_awsome_icon fa-lg  \"><i class=\"qode_icon_font_awesome fa fa-check-square-o qode_iwt_icon_element\" style=\"color: #04263f\"><\/i><\/span><\/div><h4 class=\"icon_title\" style=\"color: #04263f;font-weight: 500;\">Elke Groeger vermittelt die Inhalte auch mit Humor, Leichtigkeit und vielen praxisnahen Beispielen.<\/h4><\/div><p style><\/p><\/div><\/div><\/div><div class=\"q_icon_with_title tiny normal_icon left_from_title \"><div class=\"icon_text_holder\" style><div class=\"icon_text_inner\" style><div class=\"icon_title_holder\"><div class=\"icon_holder \" style=\" \"><span data-icon-type=\"normal\" class=\"qode_iwt_icon_holder q_font_awsome_icon fa-lg  \"><i class=\"qode_icon_font_awesome fa fa-check-square-o qode_iwt_icon_element\" style=\"color: #04263f\"><\/i><\/span><\/div><h4 class=\"icon_title\" style=\"color: #04263f;font-weight: 400;\">Elke Groeger hat ihr B\u00fcro und Ihre Praxis in Ihrer N\u00e4he. Entsprechend schnell ist sie da, wenn ein akuter Bedarf besteht.<\/h4><\/div><p style><\/p><\/div><\/div><\/div>[\/vc_column_inner][\/vc_row_inner][vc_empty_space height=\u201c18px\u201d][vc_empty_space height=\u201c18px\u201d][vc_empty_space height=\u201c18px\u201d]\n<\/div>","protected":false},"excerpt":{"rendered":"<p>[vc_row css_animation=\u201d\u201d row_type=\u201crow\u201d use_row_as_full_screen_section=\u201cno\u201d type=\u201cgrid\u201d angled_section=\u201cno\u201d text_align=\u201cleft\u201d background_image_as_pattern=\u201cwithout_pattern\u201d z_index=\u201d\u201d css=\u201d.vc_custom_1564837106178{margin-left: 50px !important;}\u201d][\/vc_row][vc_column][\/vc_column][vc_empty_space height=\u201c18px\u201d][vc_empty_space height=\u201c18px\u201d][vc_empty_space height=\u201c18px\u201d][vc_column_text] Ich mache das Gelern\u00adte intensiv\u2026<\/p>\n","protected":false},"author":2,"featured_media":0,"parent":0,"menu_order":0,"comment_status":"closed","ping_status":"closed","template":"","meta":{"wp_typography_post_enhancements_disabled":false,"footnotes":""},"class_list":["post-6094","page","type-page","status-publish","hentry"],"yoast_head":"<!-- This site is optimized with the Yoast SEO plugin v27.4 - https:\/\/yoast.com\/product\/yoast-seo-wordpress\/ -->\n<title>Nachhaltige Lernerfahrungen - Die Expertin f\u00fcr Selbstf\u00fchrung<\/title>\n<meta name=\"robots\" content=\"index, follow, max-snippet:-1, max-image-preview:large, max-video-preview:-1\" \/>\n<link rel=\"canonical\" href=\"https:\/\/www.elke-groeger.de\/selbstfuehrung\/nachhaltige-lernerfahrungen\/\" \/>\n<meta property=\"og:locale\" content=\"de_DE\" \/>\n<meta property=\"og:type\" content=\"article\" \/>\n<meta property=\"og:title\" content=\"Nachhaltige Lernerfahrungen - Die Expertin f\u00fcr Selbstf\u00fchrung\" \/>\n<meta property=\"og:description\" content=\"[vc_row css_animation=\u201d\u201d row_type=\u201crow\u201d use_row_as_full_screen_section=\u201cno\u201d type=\u201cgrid\u201d angled_section=\u201cno\u201d text_align=\u201cleft\u201d background_image_as_pattern=\u201cwithout_pattern\u201d z_index=\u201d\u201d css=\u201d.vc_custom_1564837106178{margin-left: 50px !important;}\u201d][\/vc_row][vc_column][\/vc_column][vc_empty_space height=\u201c18px\u201d][vc_empty_space height=\u201c18px\u201d][vc_empty_space height=\u201c18px\u201d][vc_column_text] Ich mache das Gelernte intensiv...\" \/>\n<meta property=\"og:url\" content=\"https:\/\/www.elke-groeger.de\/selbstfuehrung\/nachhaltige-lernerfahrungen\/\" \/>\n<meta property=\"og:site_name\" content=\"Die Expertin f\u00fcr Selbstf\u00fchrung\" \/>\n<meta property=\"article:modified_time\" content=\"2022-11-13T11:22:28+00:00\" \/>\n<meta name=\"twitter:card\" content=\"summary_large_image\" \/>\n<meta name=\"twitter:label1\" content=\"Gesch\u00e4tzte Lesezeit\" \/>\n\t<meta name=\"twitter:data1\" content=\"3\u00a0Minuten\" \/>\n<script type=\"application\/ld+json\" class=\"yoast-schema-graph\">{\"@context\":\"https:\\\/\\\/schema.org\",\"@graph\":[{\"@type\":\"WebPage\",\"@id\":\"https:\\\/\\\/www.elke-groeger.de\\\/selbstfuehrung\\\/nachhaltige-lernerfahrungen\\\/\",\"url\":\"https:\\\/\\\/www.elke-groeger.de\\\/selbstfuehrung\\\/nachhaltige-lernerfahrungen\\\/\",\"name\":\"Nachhaltige Lernerfahrungen - Die Expertin f\u00fcr Selbstf\u00fchrung\",\"isPartOf\":{\"@id\":\"https:\\\/\\\/www.elke-groeger.de\\\/selbstfuehrung\\\/#website\"},\"datePublished\":\"2019-08-03T13:13:00+00:00\",\"dateModified\":\"2022-11-13T11:22:28+00:00\",\"breadcrumb\":{\"@id\":\"https:\\\/\\\/www.elke-groeger.de\\\/selbstfuehrung\\\/nachhaltige-lernerfahrungen\\\/#breadcrumb\"},\"inLanguage\":\"de\",\"potentialAction\":[{\"@type\":\"ReadAction\",\"target\":[\"https:\\\/\\\/www.elke-groeger.de\\\/selbstfuehrung\\\/nachhaltige-lernerfahrungen\\\/\"]}]},{\"@type\":\"BreadcrumbList\",\"@id\":\"https:\\\/\\\/www.elke-groeger.de\\\/selbstfuehrung\\\/nachhaltige-lernerfahrungen\\\/#breadcrumb\",\"itemListElement\":[{\"@type\":\"ListItem\",\"position\":1,\"name\":\"Home\",\"item\":\"https:\\\/\\\/www.elke-groeger.de\\\/selbstfuehrung\\\/\"},{\"@type\":\"ListItem\",\"position\":2,\"name\":\"Nachhaltige Lernerfahrungen\"}]},{\"@type\":\"WebSite\",\"@id\":\"https:\\\/\\\/www.elke-groeger.de\\\/selbstfuehrung\\\/#website\",\"url\":\"https:\\\/\\\/www.elke-groeger.de\\\/selbstfuehrung\\\/\",\"name\":\"Die Expertin f\u00fcr Selbstf\u00fchrung\",\"description\":\"\",\"potentialAction\":[{\"@type\":\"SearchAction\",\"target\":{\"@type\":\"EntryPoint\",\"urlTemplate\":\"https:\\\/\\\/www.elke-groeger.de\\\/selbstfuehrung\\\/?s={search_term_string}\"},\"query-input\":{\"@type\":\"PropertyValueSpecification\",\"valueRequired\":true,\"valueName\":\"search_term_string\"}}],\"inLanguage\":\"de\"}]}<\/script>\n<!-- \/ Yoast SEO plugin. -->","yoast_head_json":{"title":"Nachhaltige Lernerfahrungen - Die Expertin f\u00fcr Selbstf\u00fchrung","robots":{"index":"index","follow":"follow","max-snippet":"max-snippet:-1","max-image-preview":"max-image-preview:large","max-video-preview":"max-video-preview:-1"},"canonical":"https:\/\/www.elke-groeger.de\/selbstfuehrung\/nachhaltige-lernerfahrungen\/","og_locale":"de_DE","og_type":"article","og_title":"Nachhaltige Lernerfahrungen - Die Expertin f\u00fcr Selbstf\u00fchrung","og_description":"[vc_row css_animation=\u201d\u201d row_type=\u201crow\u201d use_row_as_full_screen_section=\u201cno\u201d type=\u201cgrid\u201d angled_section=\u201cno\u201d text_align=\u201cleft\u201d background_image_as_pattern=\u201cwithout_pattern\u201d z_index=\u201d\u201d css=\u201d.vc_custom_1564837106178{margin-left: 50px !important;}\u201d][\/vc_row][vc_column][\/vc_column][vc_empty_space height=\u201c18px\u201d][vc_empty_space height=\u201c18px\u201d][vc_empty_space height=\u201c18px\u201d][vc_column_text] Ich mache das Gelernte intensiv...","og_url":"https:\/\/www.elke-groeger.de\/selbstfuehrung\/nachhaltige-lernerfahrungen\/","og_site_name":"Die Expertin f\u00fcr Selbstf\u00fchrung","article_modified_time":"2022-11-13T11:22:28+00:00","twitter_card":"summary_large_image","twitter_misc":{"Gesch\u00e4tzte Lesezeit":"3\u00a0Minuten"},"schema":{"@context":"https:\/\/schema.org","@graph":[{"@type":"WebPage","@id":"https:\/\/www.elke-groeger.de\/selbstfuehrung\/nachhaltige-lernerfahrungen\/","url":"https:\/\/www.elke-groeger.de\/selbstfuehrung\/nachhaltige-lernerfahrungen\/","name":"Nachhaltige Lernerfahrungen - Die Expertin f\u00fcr Selbstf\u00fchrung","isPartOf":{"@id":"https:\/\/www.elke-groeger.de\/selbstfuehrung\/#website"},"datePublished":"2019-08-03T13:13:00+00:00","dateModified":"2022-11-13T11:22:28+00:00","breadcrumb":{"@id":"https:\/\/www.elke-groeger.de\/selbstfuehrung\/nachhaltige-lernerfahrungen\/#breadcrumb"},"inLanguage":"de","potentialAction":[{"@type":"ReadAction","target":["https:\/\/www.elke-groeger.de\/selbstfuehrung\/nachhaltige-lernerfahrungen\/"]}]},{"@type":"BreadcrumbList","@id":"https:\/\/www.elke-groeger.de\/selbstfuehrung\/nachhaltige-lernerfahrungen\/#breadcrumb","itemListElement":[{"@type":"ListItem","position":1,"name":"Home","item":"https:\/\/www.elke-groeger.de\/selbstfuehrung\/"},{"@type":"ListItem","position":2,"name":"Nachhaltige Lernerfahrungen"}]},{"@type":"WebSite","@id":"https:\/\/www.elke-groeger.de\/selbstfuehrung\/#website","url":"https:\/\/www.elke-groeger.de\/selbstfuehrung\/","name":"Die Expertin f\u00fcr Selbstf\u00fchrung","description":"","potentialAction":[{"@type":"SearchAction","target":{"@type":"EntryPoint","urlTemplate":"https:\/\/www.elke-groeger.de\/selbstfuehrung\/?s={search_term_string}"},"query-input":{"@type":"PropertyValueSpecification","valueRequired":true,"valueName":"search_term_string"}}],"inLanguage":"de"}]}},"_links":{"self":[{"href":"https:\/\/www.elke-groeger.de\/selbstfuehrung\/wp-json\/wp\/v2\/pages\/6094","targetHints":{"allow":["GET"]}}],"collection":[{"href":"https:\/\/www.elke-groeger.de\/selbstfuehrung\/wp-json\/wp\/v2\/pages"}],"about":[{"href":"https:\/\/www.elke-groeger.de\/selbstfuehrung\/wp-json\/wp\/v2\/types\/page"}],"author":[{"embeddable":true,"href":"https:\/\/www.elke-groeger.de\/selbstfuehrung\/wp-json\/wp\/v2\/users\/2"}],"replies":[{"embeddable":true,"href":"https:\/\/www.elke-groeger.de\/selbstfuehrung\/wp-json\/wp\/v2\/comments?post=6094"}],"version-history":[{"count":11,"href":"https:\/\/www.elke-groeger.de\/selbstfuehrung\/wp-json\/wp\/v2\/pages\/6094\/revisions"}],"predecessor-version":[{"id":7574,"href":"https:\/\/www.elke-groeger.de\/selbstfuehrung\/wp-json\/wp\/v2\/pages\/6094\/revisions\/7574"}],"wp:attachment":[{"href":"https:\/\/www.elke-groeger.de\/selbstfuehrung\/wp-json\/wp\/v2\/media?parent=6094"}],"curies":[{"name":"wp","href":"https:\/\/api.w.org\/{rel}","templated":true}]}}