{"id":6006,"date":"2019-05-20T16:55:03","date_gmt":"2019-05-20T14:55:03","guid":{"rendered":"http:\/\/intro-extrovertiert.de\/?page_id=6006"},"modified":"2025-08-09T15:47:25","modified_gmt":"2025-08-09T13:47:25","slug":"vortraege","status":"publish","type":"page","link":"https:\/\/www.elke-groeger.de\/selbstfuehrung\/vortraege\/","title":{"rendered":"Vortr\u00e4ge"},"content":{"rendered":"<div class=\"wpb-content-wrapper\">[vc_row css_animation=\u201d\u201d row_type=\u201crow\u201d use_row_as_full_screen_section=\u201cno\u201d type=\u201cgrid\u201d angled_section=\u201cno\u201d text_align=\u201cleft\u201d background_image_as_pattern=\u201cwithout_pattern\u201d z_index=\u201c\u201d][vc_column][vc_empty_space height=\u201c18px\u201d][vc_empty_space height=\u201c18px\u201d][vc_empty_space height=\u201c18px\u201d][vc_column_text]\n<h1 style=\"text-align: center;\"><span style=\"color: #04263f; font-size: 24pt;\">Vortr\u00e4ge f\u00fcr F\u00fchrungskr\u00e4fte und Mitarbeiter<\/span><\/h1>\n[\/vc_column_text][vc_empty_space height=\u201c18px\u201d][vc_column_text]\n<h3 style=\"text-align: center;\"><span style=\"color: #30a1b1; font-size: 18pt;\">Impulse \u2013 Bewusstheit wecken f\u00fcr die Themen Selbstf\u00fchrung und Selbstcoaching<\/span><\/h3>\n[\/vc_column_text][vc_empty_space height=\u201c18px\u201d][vc_separator type=\u201cnormal\u201d color=\u201d#f05e0a\u201d][vc_empty_space height=\u201c18px\u201d][vc_empty_space height=\u201c18px\u201d][vc_single_image image=\u201c6938\u201d img_size=\u201clarge\u201d alignment=\u201ccenter\u201d qode_css_animation=\u201c\u201d][vc_empty_space height=\u201c18px\u201d][vc_empty_space height=\u201c18px\u201d][vc_empty_space height=\u201c18px\u201d][vc_empty_space height=\u201c18px\u201d][vc_column_inner width=\u201c1\/4\u201d][\/vc_column_inner][vc_column_inner width=\u201c3\/4\u201d][\/vc_column_inner][\/vc_column][\/vc_row][vc_row css_animation=\u201d\u201d row_type=\u201crow\u201d use_row_as_full_screen_section=\u201cno\u201d type=\u201cfull_width\u201d angled_section=\u201cno\u201d text_align=\u201cleft\u201d background_image_as_pattern=\u201cwithout_pattern\u201d][vc_column width=\u201c1\/2\u201d][vc_row_inner row_type=\u201crow\u201d use_as_box=\u201cuse_row_as_box\u201d type=\u201cfull_width\u201d text_align=\u201cleft\u201d row_negative_margin=\u201cdisable_negative_margin\u201d css_animation=\u201d\u201d background_color=\u201c#f5f2f0\u201d][vc_column_inner][vc_empty_space height=\u201c18px\u201d][vc_text_separator title=\u201cF\u00fcr F\u00fch\u00adrungs\u00adkr\u00e4f\u00adte und alle Mit\u00adar\u00adbei\u00adter\u201d border=\u201cno\u201d background_color=\u201d#f05e0a\u201d][vc_empty_space height=\u201c18px\u201d][vc_empty_space height=\u201c18px\u201d][vc_column_text]\n<p style=\"text-align: center;\"><span style=\"color: #30a1b1;\"><strong><span style=\"font-size: 12pt;\">Gute Selbst\u00adf\u00fch\u00adrung \u2013 <\/span><\/strong><\/span><\/p>\n[\/vc_column_text][vc_column_text]\n<p style=\"text-align: center;\"><span style=\"color: #30a1b1;\"><strong><span style=\"font-size: 12pt;\">sou\u00adve\u00adr\u00e4n die Her\u00adaus\u00adfor\u00adde\u00adrun\u00adgen des All\u00adtags meistern<\/span><\/strong><\/span><\/p>\n[\/vc_column_text][vc_empty_space height=\u201c18px\u201d][vc_empty_space height=\u201c18px\u201d][vc_empty_space height=\u201c18px\u201d]<div class=\"q_icon_with_title tiny normal_icon left_from_title \"><div class=\"icon_text_holder\" style><div class=\"icon_text_inner\" style><div class=\"icon_title_holder\"><div class=\"icon_holder \" style=\" \"><span data-icon-type=\"normal\" class=\"qode_iwt_icon_holder q_font_awsome_icon fa-lg  \"><i class=\"qode_icon_font_awesome fa fa-caret-right qode_iwt_icon_element\" style=\"color: #04263f\"><\/i><\/span><\/div><h6 class=\"icon_title\" style=\"color: #04263f;font-weight: 400;\">Gute Selbstf\u00fchrung \u2013 der TOP-Erfolgsfaktor f\u00fcr die pers\u00f6nliche und berufliche Zufriedenheit, Gesundheit und Leistungsf\u00e4higkeit<\/h6><\/div><p style><\/p><\/div><\/div><\/div><div class=\"q_icon_with_title tiny normal_icon left_from_title \"><div class=\"icon_text_holder\" style><div class=\"icon_text_inner\" style><div class=\"icon_title_holder\"><div class=\"icon_holder \" style=\" \"><span data-icon-type=\"normal\" class=\"qode_iwt_icon_holder q_font_awsome_icon fa-lg  \"><i class=\"qode_icon_font_awesome fa fa-caret-right qode_iwt_icon_element\" style=\"color: #04263f\"><\/i><\/span><\/div><h6 class=\"icon_title\" style=\"color: #04263f;font-weight: 400;\">Motivation zur positiven Ver\u00e4nderung \u00fcber Vermittlung eines positiven Zielbildes<\/h6><\/div><p style><\/p><\/div><\/div><\/div><div class=\"q_icon_with_title tiny normal_icon left_from_title \"><div class=\"icon_text_holder\" style><div class=\"icon_text_inner\" style><div class=\"icon_title_holder\"><div class=\"icon_holder \" style=\" \"><span data-icon-type=\"normal\" class=\"qode_iwt_icon_holder q_font_awsome_icon fa-lg  \"><i class=\"qode_icon_font_awesome fa fa-caret-right qode_iwt_icon_element\" style=\"color: #04263f\"><\/i><\/span><\/div><h6 class=\"icon_title\" style=\"color: #04263f;font-weight: 400;\">Was bedeutet bewusste und reflektierte Aktivierung, Steuerung und Kontrolle psychischer Prozesse?<\/h6><\/div><p style><\/p><\/div><\/div><\/div><div class=\"q_icon_with_title tiny normal_icon left_from_title \"><div class=\"icon_text_holder\" style><div class=\"icon_text_inner\" style><div class=\"icon_title_holder\"><div class=\"icon_holder \" style=\" \"><span data-icon-type=\"normal\" class=\"qode_iwt_icon_holder q_font_awsome_icon fa-lg  \"><i class=\"qode_icon_font_awesome fa fa-caret-right qode_iwt_icon_element\" style=\"color: #04263f\"><\/i><\/span><\/div><h6 class=\"icon_title\" style=\"color: #04263f;font-weight: 400;\">Aktuelle Hintergr\u00fcnde aus Neurobiologie und Gehirnforschung<\/h6><\/div><p style><\/p><\/div><\/div><\/div><div class=\"q_icon_with_title tiny normal_icon left_from_title \"><div class=\"icon_text_holder\" style><div class=\"icon_text_inner\" style><div class=\"icon_title_holder\"><div class=\"icon_holder \" style=\" \"><span data-icon-type=\"normal\" class=\"qode_iwt_icon_holder q_font_awsome_icon fa-lg  \"><i class=\"qode_icon_font_awesome fa fa-caret-right qode_iwt_icon_element\" style=\"color: #04263f\"><\/i><\/span><\/div><h6 class=\"icon_title\" style=\"color: #04263f;font-weight: 400;\">Achtsamkeit und Selbstregulation als Schl\u00fcssel zu Souver\u00e4nit\u00e4t und Gelassenheit<\/h6><\/div><p style><\/p><\/div><\/div><\/div><div class=\"q_icon_with_title tiny normal_icon left_from_title \"><div class=\"icon_text_holder\" style><div class=\"icon_text_inner\" style><div class=\"icon_title_holder\"><div class=\"icon_holder \" style=\" \"><span data-icon-type=\"normal\" class=\"qode_iwt_icon_holder q_font_awsome_icon fa-lg  \"><i class=\"qode_icon_font_awesome fa fa-caret-right qode_iwt_icon_element\" style=\"color: #04263f\"><\/i><\/span><\/div><h6 class=\"icon_title\" style=\"color: #04263f;font-weight: 400;\">Gesunde und reflektierte F\u00fchrung \u2014 Wege zu Effizienz und Leistungsbereitschaft<\/h6><\/div><p style><\/p><\/div><\/div><\/div>[vc_empty_space height=\u201c18px\u201d][vc_empty_space height=\u201c18px\u201d][vc_column_text]<span style=\"color: #04263f; font-size: 10pt;\"><strong>Ziel\u00adgrup\u00adpe:<\/strong> F\u00fch\u00adrungs\u00adkr\u00e4f\u00adte und alle Mit\u00adar\u00adbei\u00adter<\/span>[\/vc_column_text][vc_empty_space height=\u201c18px\u201d][vc_column_text]<span style=\"color: #04263f; font-size: 10pt;\"><strong>Dau\u00ader:<\/strong> 90 Minu\u00adten (ger\u00adne auch inkl. Fra\u00adge-\/Ant\u00adwort\u00adrun\u00adde)<\/span>[\/vc_column_text][vc_empty_space height=\u201c18px\u201d][vc_column_text]<span style=\"color: #04263f; font-size: 10pt;\"><strong>Ort:<\/strong> inhouse<\/span>[\/vc_column_text][vc_empty_space height=\u201c18px\u201d][\/vc_column_inner][\/vc_row_inner][\/vc_column][vc_column width=\u201c1\/2\u201d][vc_row_inner row_type=\u201crow\u201d use_as_box=\u201cuse_row_as_box\u201d type=\u201cfull_width\u201d text_align=\u201cleft\u201d row_negative_margin=\u201cdisable_negative_margin\u201d css_animation=\u201d\u201d background_color=\u201c#f5f2f0\u201d][vc_column_inner][vc_empty_space height=\u201c18px\u201d][vc_text_separator title=\u201cF\u00fcr F\u00fch\u00adrungs\u00adkr\u00e4f\u00adte\u201d border=\u201cno\u201d background_color=\u201d#f05e0a\u201d][vc_empty_space height=\u201c18px\u201d][vc_empty_space height=\u201c18px\u201d][vc_column_text]\n<p style=\"text-align: center;\"><span style=\"color: #30a1b1;\"><strong><span style=\"font-size: 12pt;\">TOP-Erfolgs\u00adfak\u00adtor gute Selbstf\u00fchrung&nbsp;\u2013&nbsp;<\/span><\/strong><\/span><\/p>\n[\/vc_column_text][vc_column_text]\n<p style=\"text-align: center;\"><span style=\"color: #30a1b1;\"><strong><span style=\"font-size: 12pt;\">Bene\u00adfits f\u00fcr Unter\u00adneh\u00admen und&nbsp;Teams<\/span><\/strong><\/span><\/p>\n[\/vc_column_text][vc_empty_space height=\u201c18px\u201d][vc_empty_space height=\u201c18px\u201d][vc_empty_space height=\u201c18px\u201d]<div class=\"q_icon_with_title tiny normal_icon left_from_title \"><div class=\"icon_text_holder\" style><div class=\"icon_text_inner\" style><div class=\"icon_title_holder\"><div class=\"icon_holder \" style=\" \"><span data-icon-type=\"normal\" class=\"qode_iwt_icon_holder q_font_awsome_icon fa-lg  \"><i class=\"qode_icon_font_awesome fa fa-caret-right qode_iwt_icon_element\" style=\"color: #04263f\"><\/i><\/span><\/div><h6 class=\"icon_title\" style=\"color: #04263f;font-weight: 400;\">Gute Selbstf\u00fchrung \u2013 Zahlen, Daten, Fakten<\/h6><\/div><p style><\/p><\/div><\/div><\/div><div class=\"q_icon_with_title tiny normal_icon left_from_title \"><div class=\"icon_text_holder\" style><div class=\"icon_text_inner\" style><div class=\"icon_title_holder\"><div class=\"icon_holder \" style=\" \"><span data-icon-type=\"normal\" class=\"qode_iwt_icon_holder q_font_awsome_icon fa-lg  \"><i class=\"qode_icon_font_awesome fa fa-caret-right qode_iwt_icon_element\" style=\"color: #04263f\"><\/i><\/span><\/div><h6 class=\"icon_title\" style=\"color: #04263f;font-weight: 400;\">Aktuelle Hintergr\u00fcnde aus Neurobiologie und Gehirnforschung<\/h6><\/div><p style><\/p><\/div><\/div><\/div><div class=\"q_icon_with_title tiny normal_icon left_from_title \"><div class=\"icon_text_holder\" style><div class=\"icon_text_inner\" style><div class=\"icon_title_holder\"><div class=\"icon_holder \" style=\" \"><span data-icon-type=\"normal\" class=\"qode_iwt_icon_holder q_font_awsome_icon fa-lg  \"><i class=\"qode_icon_font_awesome fa fa-caret-right qode_iwt_icon_element\" style=\"color: #04263f\"><\/i><\/span><\/div><h6 class=\"icon_title\" style=\"color: #04263f;font-weight: 400;\">Mitarbeiter, die aktiv an die anstehenden Ver\u00e4nderungen herangehen und gut kooperieren<\/h6><\/div><p style><\/p><\/div><\/div><\/div><div class=\"q_icon_with_title tiny normal_icon left_from_title \"><div class=\"icon_text_holder\" style><div class=\"icon_text_inner\" style><div class=\"icon_title_holder\"><div class=\"icon_holder \" style=\" \"><span data-icon-type=\"normal\" class=\"qode_iwt_icon_holder q_font_awsome_icon fa-lg  \"><i class=\"qode_icon_font_awesome fa fa-caret-right qode_iwt_icon_element\" style=\"color: #04263f\"><\/i><\/span><\/div><h6 class=\"icon_title\" style=\"color: #04263f;font-weight: 400;\">Zufriedene und souver\u00e4ne Mitarbeiter \u2013 weniger Fehlzeiten<\/h6><\/div><p style><\/p><\/div><\/div><\/div><div class=\"q_icon_with_title tiny normal_icon left_from_title \"><div class=\"icon_text_holder\" style><div class=\"icon_text_inner\" style><div class=\"icon_title_holder\"><div class=\"icon_holder \" style=\" \"><span data-icon-type=\"normal\" class=\"qode_iwt_icon_holder q_font_awsome_icon fa-lg  \"><i class=\"qode_icon_font_awesome fa fa-caret-right qode_iwt_icon_element\" style=\"color: #04263f\"><\/i><\/span><\/div><h6 class=\"icon_title\" style=\"color: #04263f;font-weight: 400;\">Wertsch\u00e4tzendes Betriebsklima<\/h6><\/div><p style><\/p><\/div><\/div><\/div><div class=\"q_icon_with_title tiny normal_icon left_from_title \"><div class=\"icon_text_holder\" style><div class=\"icon_text_inner\" style><div class=\"icon_title_holder\"><div class=\"icon_holder \" style=\" \"><span data-icon-type=\"normal\" class=\"qode_iwt_icon_holder q_font_awsome_icon fa-lg  \"><i class=\"qode_icon_font_awesome fa fa-caret-right qode_iwt_icon_element\" style=\"color: #04263f\"><\/i><\/span><\/div><h6 class=\"icon_title\" style=\"color: #04263f;font-weight: 400;\">Ihr Unternehmen als attraktiver Arbeitgeber<\/h6><\/div><p style><\/p><\/div><\/div><\/div><div class=\"q_icon_with_title tiny normal_icon left_from_title \"><div class=\"icon_text_holder\" style><div class=\"icon_text_inner\" style><div class=\"icon_title_holder\"><div class=\"icon_holder \" style=\" \"><span data-icon-type=\"normal\" class=\"qode_iwt_icon_holder q_font_awsome_icon fa-lg  \"><i class=\"qode_icon_font_awesome fa fa-caret-right qode_iwt_icon_element\" style=\"color: #04263f\"><\/i><\/span><\/div><h6 class=\"icon_title\" style=\"color: #04263f;font-weight: 400;\">eine bessere Zusammenarbeit im Unternehmen, mit Ihren Kunden und Lieferanten<\/h6><\/div><p style><\/p><\/div><\/div><\/div>[vc_empty_space height=\u201c18px\u201d][vc_empty_space height=\u201c9px\u201d][vc_column_text]<span style=\"color: #04263f; font-size: 10pt;\"><strong>Ziel\u00adgrup\u00adpe:<\/strong> F\u00fch\u00adrungs\u00adkr\u00e4f\u00adte<\/span>[\/vc_column_text][vc_empty_space height=\u201c18px\u201d][vc_column_text]<span style=\"color: #04263f; font-size: 10pt;\"><strong>Dau\u00ader:<\/strong> 90 Minu\u00adten (ger\u00adne auch inkl. Fra\u00adge-\/Ant\u00adwort\u00adrun\u00adde)<\/span>[\/vc_column_text][vc_empty_space height=\u201c18px\u201d][vc_column_text]<span style=\"color: #04263f; font-size: 10pt;\"><strong>Ort:<\/strong> inhouse<\/span>[\/vc_column_text][vc_empty_space height=\u201c18px\u201d][\/vc_column_inner][\/vc_row_inner][\/vc_column][\/vc_row][vc_column width=\u201c1\/2\u201d][\/vc_column][vc_column width=\u201c1\/2\u201d][\/vc_column][vc_column_inner css=\u201d.vc_custom_1520174817013{border-radius: 2px !important;}\u201d][\/vc_column_inner][vc_column width=\u201c1\/2\u201d][\/vc_column][vc_column_inner css=\u201d.vc_custom_1520174817013{border-radius: 2px !important;}\u201d][\/vc_column_inner][vc_empty_space height=\u201c18px\u201d][vc_column_text css=\u201c\u201d]&nbsp;<div class=\"q_icon_with_title tiny normal_icon left_from_title \">\n<div class=\"icon_text_holder\">\n<div class=\"icon_text_inner\">\n<div class=\"icon_title_holder\"><\/div>\n<\/div>\n<\/div>\n<\/div>\n<p><strong style=\"text-align: justify;\"><span style=\"font-size: 18pt;\"><span style=\"color: #04263f;\">Sie haben Fra\u00adgen oder m\u00f6ch\u00adten einen Ter\u00admin ver\u00adein\u00adba\u00adren? Sehr&nbsp;gerne!<\/span><\/span><\/strong><\/p>\n[vc_empty_space height=\u201c18px\u201d][vc_column_text]\n<div class=\"q_icon_with_title tiny normal_icon left_from_title \">\n<div class=\"icon_text_holder\">\n<div class=\"icon_text_inner\">\n<div class=\"icon_title_holder\">\n<p class=\"icon_title\" style=\"text-align: justify;\"><span style=\"font-size: 14pt; color: #04263f;\"><span style=\"font-family: wingdings, 'zapf dingbats';\"><span style=\"font-family: georgia, palatino, serif;\"><i class=\"fa fa-phone \"><\/i>&nbsp; <\/span><\/span><a href=\"tel:075319184668\">+49 7531 9184668<\/a><\/span><\/p>\n<\/div>\n<\/div>\n<\/div>\n<\/div>\n[\/vc_column_text][vc_column_text]\n<div class=\"q_icon_with_title tiny normal_icon left_from_title \">\n<div class=\"icon_text_holder\">\n<div class=\"icon_text_inner\">\n<div class=\"icon_title_holder\">\n<p class=\"icon_title\" style=\"text-align: justify;\"><span style=\"font-size: 14pt; color: #04263f;\"><span style=\"font-family: georgia, palatino, serif;\"><i class=\"fa fa-envelope \"><\/i>&nbsp;&nbsp;<\/span><a style=\"color: #04263f;\" href=\"mailto:info@elke-groeger.de\" target=\"_blank\" rel=\"noopener noreferrer\">info@elke-groeger.de<\/a><\/span><\/p>\n<\/div>\n<\/div>\n<\/div>\n<\/div>\n[\/vc_column_text][vc_empty_space height=\u201c18px\u201d][vc_empty_space height=\u201c18px\u201d][vc_empty_space height=\u201c18px\u201d]\n<\/div>","protected":false},"excerpt":{"rendered":"<p>[vc_row css_animation=\u201d\u201d row_type=\u201crow\u201d use_row_as_full_screen_section=\u201cno\u201d type=\u201cgrid\u201d angled_section=\u201cno\u201d text_align=\u201cleft\u201d background_image_as_pattern=\u201cwithout_pattern\u201d z_index=\u201c\u201d][vc_column][vc_empty_space height=\u201c18px\u201d][vc_empty_space height=\u201c18px\u201d][vc_empty_space height=\u201c18px\u201d][vc_column_text] Vor\u00adtr\u00e4\u00adge f\u00fcr F\u00fch\u00adrungs\u00adkr\u00e4f\u00adte und Mit\u00adar\u00adbei\u00adter [\/vc_column_text][vc_empty_space height=\u201c18px\u201d][vc_column_text] Impulse\u2026<\/p>\n","protected":false},"author":2,"featured_media":0,"parent":0,"menu_order":0,"comment_status":"closed","ping_status":"closed","template":"","meta":{"wp_typography_post_enhancements_disabled":false,"footnotes":""},"class_list":["post-6006","page","type-page","status-publish","hentry"],"yoast_head":"<!-- This site is optimized with the Yoast SEO plugin v27.5 - https:\/\/yoast.com\/product\/yoast-seo-wordpress\/ -->\n<title>Vortr\u00e4ge - Die Expertin f\u00fcr Selbstf\u00fchrung<\/title>\n<meta name=\"robots\" content=\"index, follow, max-snippet:-1, max-image-preview:large, max-video-preview:-1\" \/>\n<link rel=\"canonical\" href=\"https:\/\/www.elke-groeger.de\/selbstfuehrung\/vortraege\/\" \/>\n<meta property=\"og:locale\" content=\"de_DE\" \/>\n<meta property=\"og:type\" content=\"article\" \/>\n<meta property=\"og:title\" content=\"Vortr\u00e4ge - Die Expertin f\u00fcr Selbstf\u00fchrung\" \/>\n<meta property=\"og:description\" content=\"[vc_row css_animation=\u201d\u201d row_type=\u201crow\u201d use_row_as_full_screen_section=\u201cno\u201d type=\u201cgrid\u201d angled_section=\u201cno\u201d text_align=\u201cleft\u201d background_image_as_pattern=\u201cwithout_pattern\u201d z_index=\u201c\u201d][vc_column][vc_empty_space height=\u201c18px\u201d][vc_empty_space height=\u201c18px\u201d][vc_empty_space height=\u201c18px\u201d][vc_column_text] Vortr\u00e4ge f\u00fcr F\u00fchrungskr\u00e4fte und Mitarbeiter [\/vc_column_text][vc_empty_space height=\u201c18px\u201d][vc_column_text] Impulse...\" \/>\n<meta property=\"og:url\" content=\"https:\/\/www.elke-groeger.de\/selbstfuehrung\/vortraege\/\" \/>\n<meta property=\"og:site_name\" content=\"Die Expertin f\u00fcr Selbstf\u00fchrung\" \/>\n<meta property=\"article:modified_time\" content=\"2025-08-09T13:47:25+00:00\" \/>\n<meta name=\"twitter:card\" content=\"summary_large_image\" \/>\n<meta name=\"twitter:label1\" content=\"Gesch\u00e4tzte Lesezeit\" \/>\n\t<meta name=\"twitter:data1\" content=\"3\u00a0Minuten\" \/>\n<script type=\"application\/ld+json\" class=\"yoast-schema-graph\">{\"@context\":\"https:\\\/\\\/schema.org\",\"@graph\":[{\"@type\":\"WebPage\",\"@id\":\"https:\\\/\\\/www.elke-groeger.de\\\/selbstfuehrung\\\/vortraege\\\/\",\"url\":\"https:\\\/\\\/www.elke-groeger.de\\\/selbstfuehrung\\\/vortraege\\\/\",\"name\":\"Vortr\u00e4ge - Die Expertin f\u00fcr Selbstf\u00fchrung\",\"isPartOf\":{\"@id\":\"https:\\\/\\\/www.elke-groeger.de\\\/selbstfuehrung\\\/#website\"},\"datePublished\":\"2019-05-20T14:55:03+00:00\",\"dateModified\":\"2025-08-09T13:47:25+00:00\",\"breadcrumb\":{\"@id\":\"https:\\\/\\\/www.elke-groeger.de\\\/selbstfuehrung\\\/vortraege\\\/#breadcrumb\"},\"inLanguage\":\"de\",\"potentialAction\":[{\"@type\":\"ReadAction\",\"target\":[\"https:\\\/\\\/www.elke-groeger.de\\\/selbstfuehrung\\\/vortraege\\\/\"]}]},{\"@type\":\"BreadcrumbList\",\"@id\":\"https:\\\/\\\/www.elke-groeger.de\\\/selbstfuehrung\\\/vortraege\\\/#breadcrumb\",\"itemListElement\":[{\"@type\":\"ListItem\",\"position\":1,\"name\":\"Home\",\"item\":\"https:\\\/\\\/www.elke-groeger.de\\\/selbstfuehrung\\\/\"},{\"@type\":\"ListItem\",\"position\":2,\"name\":\"Vortr\u00e4ge\"}]},{\"@type\":\"WebSite\",\"@id\":\"https:\\\/\\\/www.elke-groeger.de\\\/selbstfuehrung\\\/#website\",\"url\":\"https:\\\/\\\/www.elke-groeger.de\\\/selbstfuehrung\\\/\",\"name\":\"Die Expertin f\u00fcr Selbstf\u00fchrung\",\"description\":\"\",\"potentialAction\":[{\"@type\":\"SearchAction\",\"target\":{\"@type\":\"EntryPoint\",\"urlTemplate\":\"https:\\\/\\\/www.elke-groeger.de\\\/selbstfuehrung\\\/?s={search_term_string}\"},\"query-input\":{\"@type\":\"PropertyValueSpecification\",\"valueRequired\":true,\"valueName\":\"search_term_string\"}}],\"inLanguage\":\"de\"}]}<\/script>\n<!-- \/ Yoast SEO plugin. -->","yoast_head_json":{"title":"Vortr\u00e4ge - Die Expertin f\u00fcr Selbstf\u00fchrung","robots":{"index":"index","follow":"follow","max-snippet":"max-snippet:-1","max-image-preview":"max-image-preview:large","max-video-preview":"max-video-preview:-1"},"canonical":"https:\/\/www.elke-groeger.de\/selbstfuehrung\/vortraege\/","og_locale":"de_DE","og_type":"article","og_title":"Vortr\u00e4ge - Die Expertin f\u00fcr Selbstf\u00fchrung","og_description":"[vc_row css_animation=\u201d\u201d row_type=\u201crow\u201d use_row_as_full_screen_section=\u201cno\u201d type=\u201cgrid\u201d angled_section=\u201cno\u201d text_align=\u201cleft\u201d background_image_as_pattern=\u201cwithout_pattern\u201d z_index=\u201c\u201d][vc_column][vc_empty_space height=\u201c18px\u201d][vc_empty_space height=\u201c18px\u201d][vc_empty_space height=\u201c18px\u201d][vc_column_text] Vortr\u00e4ge f\u00fcr F\u00fchrungskr\u00e4fte und Mitarbeiter [\/vc_column_text][vc_empty_space height=\u201c18px\u201d][vc_column_text] Impulse...","og_url":"https:\/\/www.elke-groeger.de\/selbstfuehrung\/vortraege\/","og_site_name":"Die Expertin f\u00fcr Selbstf\u00fchrung","article_modified_time":"2025-08-09T13:47:25+00:00","twitter_card":"summary_large_image","twitter_misc":{"Gesch\u00e4tzte Lesezeit":"3\u00a0Minuten"},"schema":{"@context":"https:\/\/schema.org","@graph":[{"@type":"WebPage","@id":"https:\/\/www.elke-groeger.de\/selbstfuehrung\/vortraege\/","url":"https:\/\/www.elke-groeger.de\/selbstfuehrung\/vortraege\/","name":"Vortr\u00e4ge - Die Expertin f\u00fcr Selbstf\u00fchrung","isPartOf":{"@id":"https:\/\/www.elke-groeger.de\/selbstfuehrung\/#website"},"datePublished":"2019-05-20T14:55:03+00:00","dateModified":"2025-08-09T13:47:25+00:00","breadcrumb":{"@id":"https:\/\/www.elke-groeger.de\/selbstfuehrung\/vortraege\/#breadcrumb"},"inLanguage":"de","potentialAction":[{"@type":"ReadAction","target":["https:\/\/www.elke-groeger.de\/selbstfuehrung\/vortraege\/"]}]},{"@type":"BreadcrumbList","@id":"https:\/\/www.elke-groeger.de\/selbstfuehrung\/vortraege\/#breadcrumb","itemListElement":[{"@type":"ListItem","position":1,"name":"Home","item":"https:\/\/www.elke-groeger.de\/selbstfuehrung\/"},{"@type":"ListItem","position":2,"name":"Vortr\u00e4ge"}]},{"@type":"WebSite","@id":"https:\/\/www.elke-groeger.de\/selbstfuehrung\/#website","url":"https:\/\/www.elke-groeger.de\/selbstfuehrung\/","name":"Die Expertin f\u00fcr Selbstf\u00fchrung","description":"","potentialAction":[{"@type":"SearchAction","target":{"@type":"EntryPoint","urlTemplate":"https:\/\/www.elke-groeger.de\/selbstfuehrung\/?s={search_term_string}"},"query-input":{"@type":"PropertyValueSpecification","valueRequired":true,"valueName":"search_term_string"}}],"inLanguage":"de"}]}},"_links":{"self":[{"href":"https:\/\/www.elke-groeger.de\/selbstfuehrung\/wp-json\/wp\/v2\/pages\/6006","targetHints":{"allow":["GET"]}}],"collection":[{"href":"https:\/\/www.elke-groeger.de\/selbstfuehrung\/wp-json\/wp\/v2\/pages"}],"about":[{"href":"https:\/\/www.elke-groeger.de\/selbstfuehrung\/wp-json\/wp\/v2\/types\/page"}],"author":[{"embeddable":true,"href":"https:\/\/www.elke-groeger.de\/selbstfuehrung\/wp-json\/wp\/v2\/users\/2"}],"replies":[{"embeddable":true,"href":"https:\/\/www.elke-groeger.de\/selbstfuehrung\/wp-json\/wp\/v2\/comments?post=6006"}],"version-history":[{"count":52,"href":"https:\/\/www.elke-groeger.de\/selbstfuehrung\/wp-json\/wp\/v2\/pages\/6006\/revisions"}],"predecessor-version":[{"id":8562,"href":"https:\/\/www.elke-groeger.de\/selbstfuehrung\/wp-json\/wp\/v2\/pages\/6006\/revisions\/8562"}],"wp:attachment":[{"href":"https:\/\/www.elke-groeger.de\/selbstfuehrung\/wp-json\/wp\/v2\/media?parent=6006"}],"curies":[{"name":"wp","href":"https:\/\/api.w.org\/{rel}","templated":true}]}}