{"id":6002,"date":"2019-05-20T16:53:28","date_gmt":"2019-05-20T14:53:28","guid":{"rendered":"http:\/\/intro-extrovertiert.de\/?page_id=6002"},"modified":"2025-08-09T15:45:18","modified_gmt":"2025-08-09T13:45:18","slug":"beratung","status":"publish","type":"page","link":"https:\/\/www.elke-groeger.de\/selbstfuehrung\/beratung\/","title":{"rendered":"Beratung"},"content":{"rendered":"<div class=\"wpb-content-wrapper\">[vc_row css_animation=\u201d\u201d row_type=\u201crow\u201d use_row_as_full_screen_section=\u201cno\u201d type=\u201cfull_width\u201d angled_section=\u201cno\u201d text_align=\u201cleft\u201d background_image_as_pattern=\u201cwithout_pattern\u201d][vc_column][vc_empty_space height=\u201c18px\u201d][vc_empty_space height=\u201c18px\u201d][vc_empty_space height=\u201c18px\u201d][\/vc_column][\/vc_row][vc_row css_animation=\u201d\u201d row_type=\u201crow\u201d use_row_as_full_screen_section=\u201cno\u201d type=\u201cgrid\u201d angled_section=\u201cno\u201d text_align=\u201cleft\u201d background_image_as_pattern=\u201cwithout_pattern\u201d z_index=\u201c\u201d][vc_column][vc_column_text]\n<h1 style=\"text-align: left;\"><span style=\"color: #04263f;\">Beratung f\u00fcr anstehenden Changebedarf in punkto Selbstf\u00fchrung<\/span><\/h1>\n[\/vc_column_text][vc_empty_space height=\u201c18px\u201d][vc_column_text]\n<h3 style=\"text-align: left;\"><span style=\"font-size: 18pt; color: #30a1b1;\">St\u00e4rken Sie Ihre Mitarbeiter und F\u00fchrungskr\u00e4fte in pers\u00f6nlichen und beruflichen Prozessen<\/span><\/h3>\n[\/vc_column_text][vc_empty_space height=\u201c18px\u201d][vc_separator type=\u201cnormal\u201d color=\u201d#f05e0a\u201d thickness=\u201c1\u201d][vc_empty_space height=\u201c18px\u201d][vc_empty_space height=\u201c18px\u201d][vc_empty_space height=\u201c18px\u201d][vc_column_inner width=\u201c1\/4\u201d][\/vc_column_inner][vc_column_inner width=\u201c3\/4\u201d][\/vc_column_inner][\/vc_column][\/vc_row][vc_row css_animation=\u201d\u201d row_type=\u201crow\u201d use_row_as_full_screen_section=\u201cno\u201d type=\u201cgrid\u201d angled_section=\u201cno\u201d text_align=\u201cleft\u201d background_image_as_pattern=\u201cwithout_pattern\u201d z_index=\u201c\u201d][vc_column width=\u201c1\/2\u201d][vc_single_image image=\u201c6936\u201d img_size=\u201c500x360\u201d style=\u201cvc_box_shadow_3d\u201d qode_css_animation=\u201c\u201d][vc_empty_space height=\u201c18px\u201d][vc_empty_space height=\u201c18px\u201d][vc_empty_space height=\u201c18px\u201d][vc_empty_space height=\u201c18px\u201d][vc_column_text]\n<div class=\"q_icon_with_title tiny normal_icon left_from_title \">\n<div class=\"icon_text_holder\">\n<div class=\"icon_text_inner\">\n<div class=\"icon_title_holder\">\n<p class=\"icon_title\" style=\"text-align: justify;\"><strong><span style=\"font-size: 18pt;\"><span style=\"color: #04263f;\">Sie haben Fra\u00adgen oder m\u00f6ch\u00adten einen Ter\u00admin ver\u00adein\u00adba\u00adren? Sehr&nbsp;gerne!<\/span><\/span><\/strong><\/p>\n<\/div>\n<\/div>\n<\/div>\n<\/div>\n[\/vc_column_text][vc_empty_space height=\u201c18px\u201d][vc_column_text css=\u201c\u201d]&nbsp;<div class=\"q_icon_with_title tiny normal_icon left_from_title \">\n<div class=\"icon_text_holder\">\n<div class=\"icon_text_inner\">\n<div class=\"icon_title_holder\">\n<p class=\"icon_title\" style=\"text-align: justify;\"><span style=\"font-size: 14pt; color: #04263f;\"><span style=\"font-family: wingdings, 'zapf dingbats';\"><span style=\"font-family: georgia, palatino, serif;\"><i class=\"fa fa-phone \"><\/i>&nbsp; <\/span><\/span><a href=\"tel:075319184668\">+49 7531 9184668<\/a><\/span><\/p>\n<\/div>\n<\/div>\n<\/div>\n<\/div>\n[\/vc_column_text][vc_column_text]\n<div class=\"q_icon_with_title tiny normal_icon left_from_title \">\n<div class=\"icon_text_holder\">\n<div class=\"icon_text_inner\">\n<div class=\"icon_title_holder\">\n<p class=\"icon_title\" style=\"text-align: justify;\"><span style=\"font-size: 14pt; color: #04263f;\"><span style=\"font-family: georgia, palatino, serif;\"><i class=\"fa fa-envelope \"><\/i>&nbsp;&nbsp;<\/span><a style=\"color: #04263f;\" href=\"mailto:info@elke-groeger.de\" target=\"_blank\" rel=\"noopener noreferrer\">info@elke-groeger.de<\/a><\/span><\/p>\n<\/div>\n<\/div>\n<\/div>\n<\/div>\n[\/vc_column_text][vc_empty_space height=\u201c18px\u201d][\/vc_column][vc_column width=\u201c1\/2\u201d][vc_row_inner row_type=\u201crow\u201d use_as_box=\u201cuse_row_as_box\u201d type=\u201cfull_width\u201d text_align=\u201cleft\u201d row_negative_margin=\u201cdisable_negative_margin\u201d css_animation=\u201d\u201d background_color=\u201c#f5f2f0\u201d][vc_column_inner][vc_empty_space height=\u201c18px\u201d][vc_empty_space height=\u201c18px\u201d][vc_text_separator title=\u201cBeratung f\u00fcr Ihr Unter\u00adneh\u00admen\u201d border=\u201cno\u201d background_color=\u201d#f05e0a\u201d title_color=\u201d#ffffff\u201d][vc_empty_space height=\u201c18px\u201d][vc_empty_space height=\u201c18px\u201d][vc_empty_space height=\u201c18px\u201d][vc_column_text]\n<div class=\"wpb_text_column wpb_content_element \">\n<div class=\"wpb_wrapper\">\n<div class=\"wpb_text_column wpb_content_element \">\n<div class=\"wpb_wrapper\">\n<p><span style=\"color: #30a1b1; font-size: 14pt;\"><strong>Erst\u00adge\u00adspr\u00e4ch mit QuickCheck<\/strong><\/span><\/p>\n<\/div>\n<\/div>\n<\/div>\n<\/div>\n[\/vc_column_text][vc_empty_space height=\u201c18px\u201d][vc_column_text]\n<div class=\"wpb_text_column wpb_content_element \">\n<div class=\"wpb_wrapper\">\n<div class=\"wpb_text_column wpb_content_element \">\n<div class=\"wpb_wrapper\">\n<ul class=\"fa-ul\">\n<li><span style=\"font-size: 12pt; color: #04263f;\"><i class=\"fa-li fa fa-caret-right\"><\/i>Dau\u00ader: nach Vereinbarung<\/span><\/li>\n<li><span style=\"font-size: 12pt; color: #04263f;\"><i class=\"fa-li fa fa-caret-right\"><\/i>kos\u00adten\u00adfrei<\/span><\/li>\n<li><span style=\"font-size: 12pt; color: #04263f;\"><i class=\"fa-li fa fa-caret-right\"><\/i>ers\u00adte Ein\u00adsch\u00e4t\u00adzung \u201cSelbst\u00adf\u00fch\u00adrung und Selbst\u00adcoa\u00adching\u201d in Ihrem Unternehmen<br>\n<\/span><\/li>\n<\/ul>\n<\/div>\n<\/div>\n<\/div>\n<\/div>\n[\/vc_column_text][vc_empty_space height=\u201c18px\u201d][vc_empty_space height=\u201c18px\u201d][vc_column_text]\n<div class=\"wpb_text_column wpb_content_element \">\n<div class=\"wpb_wrapper\">\n<div class=\"wpb_text_column wpb_content_element \">\n<div class=\"wpb_wrapper\">\n<p><span style=\"color: #30a1b1; font-size: 14pt;\"><strong>Bedarfs\u00adana\u00adly\u00adse<\/strong><\/span><\/p>\n<\/div>\n<\/div>\n<\/div>\n<\/div>\n[\/vc_column_text][vc_empty_space height=\u201c18px\u201d][vc_column_text]\n<div class=\"wpb_text_column wpb_content_element \">\n<div class=\"wpb_wrapper\">\n<div class=\"wpb_text_column wpb_content_element \">\n<div class=\"wpb_wrapper\">\n<ul class=\"fa-ul\">\n<li><span style=\"font-size: 12pt; color: #04263f;\"><i class=\"fa-li fa fa-caret-right\"><\/i>Dau\u00ader: je nach Umfang<\/span><\/li>\n<li><span style=\"font-size: 12pt; color: #04263f;\"><i class=\"fa-li fa fa-caret-right\"><\/i>detail\u00adlier\u00adte Ein\u00adsch\u00e4t\u00adzung zu Umset\u00adzungs\u00adw\u00fcn\u00adschen und Zielen<br>\n<\/span><\/li>\n<\/ul>\n<\/div>\n<\/div>\n<\/div>\n<\/div>\n[\/vc_column_text][vc_empty_space height=\u201c18px\u201d][vc_empty_space height=\u201c18px\u201d][vc_column_text]\n<div class=\"wpb_text_column wpb_content_element \">\n<div class=\"wpb_wrapper\">\n<div class=\"wpb_text_column wpb_content_element \">\n<div class=\"wpb_wrapper\">\n<p><span style=\"color: #30a1b1; font-size: 14pt;\"><strong>Pro\u00adjekt\u00adpla\u00adnung<\/strong><\/span><\/p>\n<\/div>\n<\/div>\n<\/div>\n<\/div>\n[\/vc_column_text][vc_empty_space height=\u201c18px\u201d][vc_column_text]\n<div class=\"wpb_text_column wpb_content_element \">\n<div class=\"wpb_wrapper\">\n<div class=\"wpb_text_column wpb_content_element \">\n<div class=\"wpb_wrapper\">\n<ul class=\"fa-ul\">\n<li><span style=\"font-size: 12pt; color: #04263f;\"><i class=\"fa-li fa fa-caret-right\"><br>\n<\/i>Fest\u00adle\u00adgung der Vorgehensweise<\/span><\/li>\n<li><span style=\"font-size: 12pt; color: #04263f;\"><i class=\"fa-li fa fa-caret-right\"><\/i>ma\u00df\u00adge\u00adschnei\u00adder\u00adte Aus\u00adwahl f\u00fcr Ihr Unternehmen<\/span><\/li>\n<\/ul>\n<\/div>\n<\/div>\n<\/div>\n<\/div>\n[\/vc_column_text][vc_empty_space height=\u201c18px\u201d][vc_empty_space height=\u201c18px\u201d][\/vc_column_inner][\/vc_row_inner][\/vc_column][\/vc_row][vc_column width=\u201c1\/2\u201d][\/vc_column][vc_column width=\u201c1\/2\u201d][\/vc_column][vc_column_inner css=\u201d.vc_custom_1520174817013{border-radius: 2px !important;}\u201d][\/vc_column_inner][vc_row css_animation=\u201d\u201d row_type=\u201crow\u201d use_row_as_full_screen_section=\u201cno\u201d type=\u201cfull_width\u201d angled_section=\u201cno\u201d text_align=\u201cleft\u201d background_image_as_pattern=\u201cwithout_pattern\u201d][vc_column][vc_empty_space height=\u201c18px\u201d][vc_empty_space height=\u201c18px\u201d][vc_empty_space height=\u201c18px\u201d][\/vc_column][\/vc_row]\n<\/div>","protected":false},"excerpt":{"rendered":"<p>[vc_row css_animation=\u201d\u201d row_type=\u201crow\u201d use_row_as_full_screen_section=\u201cno\u201d type=\u201cfull_width\u201d angled_section=\u201cno\u201d text_align=\u201cleft\u201d background_image_as_pattern=\u201cwithout_pattern\u201d][vc_column][vc_empty_space height=\u201c18px\u201d][vc_empty_space height=\u201c18px\u201d][vc_empty_space height=\u201c18px\u201d][\/vc_column][\/vc_row][vc_row css_animation=\u201d\u201d row_type=\u201crow\u201d use_row_as_full_screen_section=\u201cno\u201d type=\u201cgrid\u201d angled_section=\u201cno\u201d text_align=\u201cleft\u201d background_image_as_pattern=\u201cwithout_pattern\u201d z_index=\u201c\u201d][vc_column][vc_column_text] Beratung\u2026<\/p>\n","protected":false},"author":2,"featured_media":0,"parent":0,"menu_order":0,"comment_status":"closed","ping_status":"closed","template":"","meta":{"wp_typography_post_enhancements_disabled":false,"footnotes":""},"class_list":["post-6002","page","type-page","status-publish","hentry"],"yoast_head":"<!-- This site is optimized with the Yoast SEO plugin v27.5 - https:\/\/yoast.com\/product\/yoast-seo-wordpress\/ -->\n<title>Beratung - Die Expertin f\u00fcr Selbstf\u00fchrung<\/title>\n<meta name=\"robots\" content=\"index, follow, max-snippet:-1, max-image-preview:large, max-video-preview:-1\" \/>\n<link rel=\"canonical\" href=\"https:\/\/www.elke-groeger.de\/selbstfuehrung\/beratung\/\" \/>\n<meta property=\"og:locale\" content=\"de_DE\" \/>\n<meta property=\"og:type\" content=\"article\" \/>\n<meta property=\"og:title\" content=\"Beratung - Die Expertin f\u00fcr Selbstf\u00fchrung\" \/>\n<meta property=\"og:description\" content=\"[vc_row css_animation=\u201d\u201d row_type=\u201crow\u201d use_row_as_full_screen_section=\u201cno\u201d type=\u201cfull_width\u201d angled_section=\u201cno\u201d text_align=\u201cleft\u201d background_image_as_pattern=\u201cwithout_pattern\u201d][vc_column][vc_empty_space height=\u201c18px\u201d][vc_empty_space height=\u201c18px\u201d][vc_empty_space height=\u201c18px\u201d][\/vc_column][\/vc_row][vc_row css_animation=\u201d\u201d row_type=\u201crow\u201d use_row_as_full_screen_section=\u201cno\u201d type=\u201cgrid\u201d angled_section=\u201cno\u201d text_align=\u201cleft\u201d background_image_as_pattern=\u201cwithout_pattern\u201d z_index=\u201c\u201d][vc_column][vc_column_text] Beratung...\" \/>\n<meta property=\"og:url\" content=\"https:\/\/www.elke-groeger.de\/selbstfuehrung\/beratung\/\" \/>\n<meta property=\"og:site_name\" content=\"Die Expertin f\u00fcr Selbstf\u00fchrung\" \/>\n<meta property=\"article:modified_time\" content=\"2025-08-09T13:45:18+00:00\" \/>\n<meta name=\"twitter:card\" content=\"summary_large_image\" \/>\n<meta name=\"twitter:label1\" content=\"Gesch\u00e4tzte Lesezeit\" \/>\n\t<meta name=\"twitter:data1\" content=\"2\u00a0Minuten\" \/>\n<script type=\"application\/ld+json\" class=\"yoast-schema-graph\">{\"@context\":\"https:\\\/\\\/schema.org\",\"@graph\":[{\"@type\":\"WebPage\",\"@id\":\"https:\\\/\\\/www.elke-groeger.de\\\/selbstfuehrung\\\/beratung\\\/\",\"url\":\"https:\\\/\\\/www.elke-groeger.de\\\/selbstfuehrung\\\/beratung\\\/\",\"name\":\"Beratung - Die Expertin f\u00fcr Selbstf\u00fchrung\",\"isPartOf\":{\"@id\":\"https:\\\/\\\/www.elke-groeger.de\\\/selbstfuehrung\\\/#website\"},\"datePublished\":\"2019-05-20T14:53:28+00:00\",\"dateModified\":\"2025-08-09T13:45:18+00:00\",\"breadcrumb\":{\"@id\":\"https:\\\/\\\/www.elke-groeger.de\\\/selbstfuehrung\\\/beratung\\\/#breadcrumb\"},\"inLanguage\":\"de\",\"potentialAction\":[{\"@type\":\"ReadAction\",\"target\":[\"https:\\\/\\\/www.elke-groeger.de\\\/selbstfuehrung\\\/beratung\\\/\"]}]},{\"@type\":\"BreadcrumbList\",\"@id\":\"https:\\\/\\\/www.elke-groeger.de\\\/selbstfuehrung\\\/beratung\\\/#breadcrumb\",\"itemListElement\":[{\"@type\":\"ListItem\",\"position\":1,\"name\":\"Home\",\"item\":\"https:\\\/\\\/www.elke-groeger.de\\\/selbstfuehrung\\\/\"},{\"@type\":\"ListItem\",\"position\":2,\"name\":\"Beratung\"}]},{\"@type\":\"WebSite\",\"@id\":\"https:\\\/\\\/www.elke-groeger.de\\\/selbstfuehrung\\\/#website\",\"url\":\"https:\\\/\\\/www.elke-groeger.de\\\/selbstfuehrung\\\/\",\"name\":\"Die Expertin f\u00fcr Selbstf\u00fchrung\",\"description\":\"\",\"potentialAction\":[{\"@type\":\"SearchAction\",\"target\":{\"@type\":\"EntryPoint\",\"urlTemplate\":\"https:\\\/\\\/www.elke-groeger.de\\\/selbstfuehrung\\\/?s={search_term_string}\"},\"query-input\":{\"@type\":\"PropertyValueSpecification\",\"valueRequired\":true,\"valueName\":\"search_term_string\"}}],\"inLanguage\":\"de\"}]}<\/script>\n<!-- \/ Yoast SEO plugin. -->","yoast_head_json":{"title":"Beratung - Die Expertin f\u00fcr Selbstf\u00fchrung","robots":{"index":"index","follow":"follow","max-snippet":"max-snippet:-1","max-image-preview":"max-image-preview:large","max-video-preview":"max-video-preview:-1"},"canonical":"https:\/\/www.elke-groeger.de\/selbstfuehrung\/beratung\/","og_locale":"de_DE","og_type":"article","og_title":"Beratung - Die Expertin f\u00fcr Selbstf\u00fchrung","og_description":"[vc_row css_animation=\u201d\u201d row_type=\u201crow\u201d use_row_as_full_screen_section=\u201cno\u201d type=\u201cfull_width\u201d angled_section=\u201cno\u201d text_align=\u201cleft\u201d background_image_as_pattern=\u201cwithout_pattern\u201d][vc_column][vc_empty_space height=\u201c18px\u201d][vc_empty_space height=\u201c18px\u201d][vc_empty_space height=\u201c18px\u201d][\/vc_column][\/vc_row][vc_row css_animation=\u201d\u201d row_type=\u201crow\u201d use_row_as_full_screen_section=\u201cno\u201d type=\u201cgrid\u201d angled_section=\u201cno\u201d text_align=\u201cleft\u201d background_image_as_pattern=\u201cwithout_pattern\u201d z_index=\u201c\u201d][vc_column][vc_column_text] Beratung...","og_url":"https:\/\/www.elke-groeger.de\/selbstfuehrung\/beratung\/","og_site_name":"Die Expertin f\u00fcr Selbstf\u00fchrung","article_modified_time":"2025-08-09T13:45:18+00:00","twitter_card":"summary_large_image","twitter_misc":{"Gesch\u00e4tzte Lesezeit":"2\u00a0Minuten"},"schema":{"@context":"https:\/\/schema.org","@graph":[{"@type":"WebPage","@id":"https:\/\/www.elke-groeger.de\/selbstfuehrung\/beratung\/","url":"https:\/\/www.elke-groeger.de\/selbstfuehrung\/beratung\/","name":"Beratung - Die Expertin f\u00fcr Selbstf\u00fchrung","isPartOf":{"@id":"https:\/\/www.elke-groeger.de\/selbstfuehrung\/#website"},"datePublished":"2019-05-20T14:53:28+00:00","dateModified":"2025-08-09T13:45:18+00:00","breadcrumb":{"@id":"https:\/\/www.elke-groeger.de\/selbstfuehrung\/beratung\/#breadcrumb"},"inLanguage":"de","potentialAction":[{"@type":"ReadAction","target":["https:\/\/www.elke-groeger.de\/selbstfuehrung\/beratung\/"]}]},{"@type":"BreadcrumbList","@id":"https:\/\/www.elke-groeger.de\/selbstfuehrung\/beratung\/#breadcrumb","itemListElement":[{"@type":"ListItem","position":1,"name":"Home","item":"https:\/\/www.elke-groeger.de\/selbstfuehrung\/"},{"@type":"ListItem","position":2,"name":"Beratung"}]},{"@type":"WebSite","@id":"https:\/\/www.elke-groeger.de\/selbstfuehrung\/#website","url":"https:\/\/www.elke-groeger.de\/selbstfuehrung\/","name":"Die Expertin f\u00fcr Selbstf\u00fchrung","description":"","potentialAction":[{"@type":"SearchAction","target":{"@type":"EntryPoint","urlTemplate":"https:\/\/www.elke-groeger.de\/selbstfuehrung\/?s={search_term_string}"},"query-input":{"@type":"PropertyValueSpecification","valueRequired":true,"valueName":"search_term_string"}}],"inLanguage":"de"}]}},"_links":{"self":[{"href":"https:\/\/www.elke-groeger.de\/selbstfuehrung\/wp-json\/wp\/v2\/pages\/6002","targetHints":{"allow":["GET"]}}],"collection":[{"href":"https:\/\/www.elke-groeger.de\/selbstfuehrung\/wp-json\/wp\/v2\/pages"}],"about":[{"href":"https:\/\/www.elke-groeger.de\/selbstfuehrung\/wp-json\/wp\/v2\/types\/page"}],"author":[{"embeddable":true,"href":"https:\/\/www.elke-groeger.de\/selbstfuehrung\/wp-json\/wp\/v2\/users\/2"}],"replies":[{"embeddable":true,"href":"https:\/\/www.elke-groeger.de\/selbstfuehrung\/wp-json\/wp\/v2\/comments?post=6002"}],"version-history":[{"count":22,"href":"https:\/\/www.elke-groeger.de\/selbstfuehrung\/wp-json\/wp\/v2\/pages\/6002\/revisions"}],"predecessor-version":[{"id":8560,"href":"https:\/\/www.elke-groeger.de\/selbstfuehrung\/wp-json\/wp\/v2\/pages\/6002\/revisions\/8560"}],"wp:attachment":[{"href":"https:\/\/www.elke-groeger.de\/selbstfuehrung\/wp-json\/wp\/v2\/media?parent=6002"}],"curies":[{"name":"wp","href":"https:\/\/api.w.org\/{rel}","templated":true}]}}