{"id":5762,"date":"2019-02-22T18:30:26","date_gmt":"2019-02-22T17:30:26","guid":{"rendered":"http:\/\/intro-extrovertiert.de\/?page_id=5762"},"modified":"2025-08-09T15:44:18","modified_gmt":"2025-08-09T13:44:18","slug":"business-coaching-psychologische-beratung","status":"publish","type":"page","link":"https:\/\/www.elke-groeger.de\/selbstfuehrung\/business-coaching-psychologische-beratung\/","title":{"rendered":"Business-Coaching \u2014 Psychologische Beratung"},"content":{"rendered":"<div class=\"wpb-content-wrapper\">[vc_row css_animation=\u201d\u201d row_type=\u201crow\u201d use_row_as_full_screen_section=\u201cno\u201d type=\u201cfull_width\u201d angled_section=\u201cno\u201d text_align=\u201cleft\u201d background_image_as_pattern=\u201cwithout_pattern\u201d][vc_column][vc_empty_space height=\u201c18px\u201d][vc_empty_space height=\u201c18px\u201d][vc_empty_space height=\u201c18px\u201d][\/vc_column][\/vc_row][vc_row css_animation=\u201d\u201d row_type=\u201crow\u201d use_row_as_full_screen_section=\u201cno\u201d type=\u201cgrid\u201d angled_section=\u201cno\u201d text_align=\u201cleft\u201d background_image_as_pattern=\u201cwithout_pattern\u201d z_index=\u201c\u201d][vc_column][vc_column_text]\n<h1 style=\"text-align: left;\"><span style=\"color: #04263f;\">Business-Coaching und psychologische Beratung<\/span><\/h1>\n[\/vc_column_text][vc_empty_space height=\u201c18px\u201d][vc_column_text]\n<h3 style=\"text-align: left;\"><span style=\"font-size: 18pt; color: #30a1b1;\">Festigung der Selbstf\u00fchrung in pers\u00f6nlichen und beruflichen Prozessen<\/span><\/h3>\n[\/vc_column_text][vc_empty_space height=\u201c18px\u201d][vc_separator type=\u201cnormal\u201d color=\u201d#f05e0a\u201d thickness=\u201c1\u201d][vc_empty_space height=\u201c18px\u201d][vc_empty_space height=\u201c18px\u201d][vc_column_inner width=\u201c1\/4\u201d][\/vc_column_inner][vc_column_inner width=\u201c3\/4\u201d][\/vc_column_inner][\/vc_column][\/vc_row][vc_row css_animation=\u201d\u201d row_type=\u201crow\u201d use_row_as_full_screen_section=\u201cno\u201d type=\u201cgrid\u201d angled_section=\u201cno\u201d text_align=\u201cleft\u201d background_image_as_pattern=\u201cwithout_pattern\u201d z_index=\u201c\u201d][vc_column width=\u201c2\/3\u201d][vc_empty_space height=\u201c18px\u201d][vc_single_image image=\u201c5889\u201d img_size=\u201c500x360\u201d alignment=\u201ccenter\u201d style=\u201cvc_box_shadow_3d\u201d qode_css_animation=\u201c\u201d][vc_empty_space height=\u201c18px\u201d][vc_empty_space height=\u201c18px\u201d][vc_row_inner row_type=\u201crow\u201d use_as_box=\u201cuse_row_as_box\u201d type=\u201cfull_width\u201d text_align=\u201cleft\u201d row_negative_margin=\u201cdisable_negative_margin\u201d css_animation=\u201d\u201d background_color=\u201c#f5f2f0\u201d][vc_column_inner][vc_empty_space height=\u201c18px\u201d][vc_empty_space height=\u201c18px\u201d][vc_text_separator title=\u201cCoaching und psy\u00adcho\u00adlo\u00adgi\u00adsche Bera\u00adtung f\u00fcr alle Ziel\u00adgrup\u00adpen\u201d border=\u201cno\u201d background_color=\u201d#f05e0a\u201d title_color=\u201d#ffffff\u201d][vc_empty_space height=\u201c18px\u201d][vc_empty_space height=\u201c18px\u201d][vc_column_text]\n<div class=\"wpb_text_column wpb_content_element \">\n<div class=\"wpb_wrapper\">\n<p style=\"text-align: justify;\"><strong><span style=\"font-size: 10pt; color: #04263f;\">Gelas\u00adsen\u00adheit, Anpas\u00adsungs\u00adf\u00e4\u00adhig\u00adkeit, inne\u00adre St\u00e4r\u00adke und Sou\u00adve\u00adr\u00e4\u00adni\u00adt\u00e4t \u2013 Die\u00adse Eigen\u00adschaf\u00adten braucht es gera\u00adde im rasan\u00adten Wan\u00addel. Im Coa\u00adching arbei\u00adten wir ziel- und l\u00f6sungs\u00adori\u00aden\u00adtiert an indi\u00advi\u00addu\u00adel\u00adlen Fra\u00adge\u00adstel\u00adlun\u00adgen Ihrer F\u00fch\u00adrungs\u00adkr\u00e4f\u00adte und Mit\u00adar\u00adbei\u00adter auf dem Weg zu guter Selbstf\u00fchrung.<\/span><\/strong><\/p>\n<\/div>\n<\/div>\n[\/vc_column_text][vc_empty_space height=\u201c18px\u201d][vc_column_text]\n<div class=\"wpb_text_column wpb_content_element \">\n<div class=\"wpb_wrapper\">\n<p style=\"text-align: justify;\"><strong><span style=\"color: #04263f; font-size: 10pt;\">Im Coa\u00adching-Pro\u00adzess f\u00f6r\u00adde\u00adre ich die Selbst\u00adre\u00adfle\u00adxi\u00adon und Selbst\u00adre\u00adgu\u00adla\u00adti\u00adon jedes Ein\u00adzel\u00adnen. Dabei begeg\u00adne ich mei\u00adnen Coa\u00adchees stets mit Empa\u00adthie, Wert\u00adsch\u00e4t\u00adzung und abso\u00adlu\u00adter Diskretion.<\/span><\/strong><\/p>\n<\/div>\n<\/div>\n[\/vc_column_text][vc_empty_space height=\u201c18px\u201d][vc_column_text]\n<div class=\"wpb_text_column wpb_content_element \">\n<div class=\"wpb_wrapper\">\n<p style=\"text-align: justify;\"><strong><span style=\"color: #04263f; font-size: 10pt;\">Bei aku\u00adten Kri\u00adsen\u00adsi\u00adtua\u00adtio\u00adnen bie\u00adte ich zudem psy\u00adcho\u00adlo\u00adgi\u00adsche Bera\u00adtung an. Meist hel\u00adfen schon weni\u00adge Sit\u00adzun\u00adgen, um den Betrof\u00adfe\u00adnen in der Akut\u00adbe\u00adlas\u00adtung wie\u00adder zu stabilisieren.<\/span><\/strong><\/p>\n<\/div>\n<\/div>\n[\/vc_column_text][vc_empty_space height=\u201c18px\u201d][vc_empty_space height=\u201c18px\u201d][vc_column_text]\n<div class=\"wpb_text_column wpb_content_element \">\n<div class=\"wpb_wrapper\"><strong style=\"color: #04263f; font-size: 10pt;\">M\u00f6g\u00adli\u00adche Themen:<\/strong><\/div>\n<div><\/div>\n<\/div>\n<div class=\"wpb_text_column wpb_content_element \">\n<div class=\"wpb_wrapper\">\n<p><span style=\"font-size: 10pt; color: #04263f;\"><i class=\"qode_icon_font_awesome fa fa-caret-right qode_iwt_icon_element\" style=\"color: #04263f;\"><\/i> Stress und Belas\u00adtun\u00adgen im Berufs- und Alltagsleben<\/span><br>\n<span style=\"font-size: 10pt; color: #04263f;\"><i class=\"qode_icon_font_awesome fa fa-caret-right qode_iwt_icon_element\" style=\"color: #04263f;\"><\/i> Kon\u00adstruk\u00adti\u00adver Umgang mit Kon\u00adflik\u00adten und Widerst\u00e4nden<\/span><br>\n<span style=\"font-size: 10pt; color: #04263f;\"><i class=\"qode_icon_font_awesome fa fa-caret-right qode_iwt_icon_element\" style=\"color: #04263f;\"><\/i> Zie\u00adle kraft\u00advoll erreichen<\/span><br>\n<span style=\"font-size: 10pt; color: #04263f;\"><i class=\"qode_icon_font_awesome fa fa-caret-right qode_iwt_icon_element\" style=\"color: #04263f;\"><\/i> Wenn Ver\u00ad\u00e4n\u00adde\u00adrun\u00adgen an der Sub\u00adstanz zehren<\/span><br>\n<span style=\"font-size: 10pt; color: #04263f;\"><i class=\"qode_icon_font_awesome fa fa-caret-right qode_iwt_icon_element\" style=\"color: #04263f;\"><\/i> Gesun\u00adde und reflek\u00adtier\u00adte F\u00fchrung<\/span><br>\n<span style=\"font-size: 10pt; color: #04263f;\"><i class=\"qode_icon_font_awesome fa fa-caret-right qode_iwt_icon_element\" style=\"color: #04263f;\"><\/i> Stei\u00adgern der sozia\u00adlen, emo\u00adtio\u00adna\u00adlen und kom\u00admu\u00adni\u00adka\u00adti\u00adven Kompetenz<\/span><\/p>\n<\/div>\n<\/div>\n[\/vc_column_text][vc_empty_space height=\u201c18px\u201d][vc_empty_space height=\u201c18px\u201d]<div class=\"q_icon_with_title tiny normal_icon left_from_title \"><div class=\"icon_text_holder\" style><div class=\"icon_text_inner\" style><div class=\"icon_title_holder\"><div class=\"icon_holder \" style=\" \"><span data-icon-type=\"normal\" class=\"qode_iwt_icon_holder q_font_awsome_icon fa-lg  \"><i class=\"qode_icon_font_awesome fa fa-caret-right qode_iwt_icon_element\" style=\"color: #04263f\"><\/i><\/span><\/div><h6 class=\"icon_title\" style=\"color: #04263f;font-weight: 400;\">Spiegelung der Selbstwahrnehmung<\/h6><\/div><p style><\/p><\/div><\/div><\/div><div class=\"q_icon_with_title tiny normal_icon left_from_title \"><div class=\"icon_text_holder\" style><div class=\"icon_text_inner\" style><div class=\"icon_title_holder\"><div class=\"icon_holder \" style=\" \"><span data-icon-type=\"normal\" class=\"qode_iwt_icon_holder q_font_awsome_icon fa-lg  \"><i class=\"qode_icon_font_awesome fa fa-caret-right qode_iwt_icon_element\" style=\"color: #04263f\"><\/i><\/span><\/div><h6 class=\"icon_title\" style=\"color: #04263f;font-weight: 400;\">Einsichten in tiefer liegende Verhaltensursachen<\/h6><\/div><p style><\/p><\/div><\/div><\/div><div class=\"q_icon_with_title tiny normal_icon left_from_title \"><div class=\"icon_text_holder\" style><div class=\"icon_text_inner\" style><div class=\"icon_title_holder\"><div class=\"icon_holder \" style=\" \"><span data-icon-type=\"normal\" class=\"qode_iwt_icon_holder q_font_awsome_icon fa-lg  \"><i class=\"qode_icon_font_awesome fa fa-caret-right qode_iwt_icon_element\" style=\"color: #04263f\"><\/i><\/span><\/div><h6 class=\"icon_title\" style=\"color: #04263f;font-weight: 400;\">bewusste Steuerung und Kontrolle psychischer Prozesse<\/h6><\/div><p style><\/p><\/div><\/div><\/div><div class=\"q_icon_with_title tiny normal_icon left_from_title \"><div class=\"icon_text_holder\" style><div class=\"icon_text_inner\" style><div class=\"icon_title_holder\"><div class=\"icon_holder \" style=\" \"><span data-icon-type=\"normal\" class=\"qode_iwt_icon_holder q_font_awsome_icon fa-lg  \"><i class=\"qode_icon_font_awesome fa fa-caret-right qode_iwt_icon_element\" style=\"color: #04263f\"><\/i><\/span><\/div><h6 class=\"icon_title\" style=\"color: #04263f;font-weight: 400;\">gezielte Nutzung psychischer Ressourcen<\/h6><\/div><p style><\/p><\/div><\/div><\/div><div class=\"q_icon_with_title tiny normal_icon left_from_title \"><div class=\"icon_text_holder\" style><div class=\"icon_text_inner\" style><div class=\"icon_title_holder\"><div class=\"icon_holder \" style=\" \"><span data-icon-type=\"normal\" class=\"qode_iwt_icon_holder q_font_awsome_icon fa-lg  \"><i class=\"qode_icon_font_awesome fa fa-caret-right qode_iwt_icon_element\" style=\"color: #04263f\"><\/i><\/span><\/div><h6 class=\"icon_title\" style=\"color: #04263f;font-weight: 400;\">nachhaltige Ver\u00e4nderung im eigenen Denken, F\u00fchlen und Handeln f\u00fcr l\u00f6sungsorientiertes Verhalten<\/h6><\/div><p style><\/p><\/div><\/div><\/div><div class=\"q_icon_with_title tiny normal_icon left_from_title \"><div class=\"icon_text_holder\" style><div class=\"icon_text_inner\" style><div class=\"icon_title_holder\"><div class=\"icon_holder \" style=\" \"><span data-icon-type=\"normal\" class=\"qode_iwt_icon_holder q_font_awsome_icon fa-lg  \"><i class=\"qode_icon_font_awesome fa fa-caret-right qode_iwt_icon_element\" style=\"color: #04263f\"><\/i><\/span><\/div><h6 class=\"icon_title\" style=\"color: #04263f;font-weight: 400;\">F\u00f6rderung von Selbstwirksamkeit und Selbstcoaching<\/h6><\/div><p style><\/p><\/div><\/div><\/div>[vc_empty_space height=\u201c18px\u201d][vc_column_text]\n<div class=\"wpb_text_column wpb_content_element \">\n<div class=\"wpb_wrapper\">\n<p style=\"text-align: justify;\"><span style=\"color: #04263f; font-size: 10pt;\"><strong>Ziel\u00adgrup\u00adpe:<\/strong> F\u00fch\u00adrungs\u00adkr\u00e4f\u00adte und alle Mitarbeiter<\/span><\/p>\n<\/div>\n<\/div>\n[\/vc_column_text][vc_empty_space height=\u201c18px\u201d][vc_column_text]\n<div class=\"wpb_text_column wpb_content_element \">\n<div class=\"wpb_wrapper\">\n<p style=\"text-align: justify;\"><span style=\"color: #04263f; font-size: 10pt;\"><strong>Dau\u00ader:<\/strong><br>\n<\/span><span style=\"color: #04263f; font-size: 10pt;\">\u2013 indi\u00advi\u00addu\u00adell nach Fra\u00adge\u00adstel\u00adlun\u00adgen und Themen<br>\n\u2013 erfah\u00adrungs\u00adge\u00adm\u00e4\u00df hat sich ein Zeit\u00adbud\u00adget von ca. 10 Stun\u00adden bew\u00e4hrt<\/span><\/p>\n<\/div>\n<\/div>\n[\/vc_column_text][vc_empty_space height=\u201c18px\u201d][vc_column_text css=\u201c\u201d]&nbsp;<div class=\"wpb_text_column wpb_content_element \">\n<div class=\"wpb_wrapper\">\n<p><span style=\"color: #04263f; font-size: 10pt;\"><strong>Ort:<\/strong><br>\n<\/span><span style=\"color: #04263f; font-size: 10pt;\">\u2013 inhouse<br>\n<\/span><span style=\"color: #04263f; font-size: 10pt;\">\u2013 in mei\u00adner Pra\u00adxis in Konstanz<br>\n\u2013 per Telefon<br>\n\u2013 per Zoom, Webex, Teams<br>\n<\/span><\/p>\n<\/div>\n<\/div>\n[\/vc_column_text][vc_empty_space height=\u201c18px\u201d][vc_empty_space height=\u201c18px\u201d][\/vc_column_inner][\/vc_row_inner][\/vc_column][vc_column width=\u201c1\/3\u201d][\/vc_column][\/vc_row][vc_column width=\u201c1\/2\u201d][\/vc_column][vc_column width=\u201c1\/2\u201d][\/vc_column][vc_column_inner css=\u201d.vc_custom_1520174817013{border-radius: 2px !important;}\u201d][\/vc_column_inner][vc_row css_animation=\u201d\u201d row_type=\u201crow\u201d use_row_as_full_screen_section=\u201cno\u201d type=\u201cfull_width\u201d angled_section=\u201cno\u201d text_align=\u201cleft\u201d background_image_as_pattern=\u201cwithout_pattern\u201d][vc_column][vc_empty_space height=\u201c18px\u201d][vc_empty_space height=\u201c18px\u201d][vc_column_text]\n<div class=\"q_icon_with_title tiny normal_icon left_from_title \">\n<div class=\"icon_text_holder\">\n<div class=\"icon_text_inner\">\n<div class=\"icon_title_holder\">\n<p class=\"icon_title\" style=\"text-align: justify;\"><strong><span style=\"font-size: 18pt;\"><span style=\"color: #04263f;\">Sie haben Fra\u00adgen oder m\u00f6ch\u00adten einen Ter\u00admin ver\u00adein\u00adba\u00adren? Sehr&nbsp;gerne!<\/span><\/span><\/strong><\/p>\n<\/div>\n<\/div>\n<\/div>\n<\/div>\n[\/vc_column_text][vc_empty_space height=\u201c18px\u201d][vc_column_text css=\u201c\u201d]&nbsp;<div class=\"q_icon_with_title tiny normal_icon left_from_title \">\n<div class=\"icon_text_holder\">\n<div class=\"icon_text_inner\">\n<div class=\"icon_title_holder\">\n<p class=\"icon_title\" style=\"text-align: justify;\"><span style=\"font-size: 14pt; color: #04263f;\"><span style=\"font-family: wingdings, 'zapf dingbats';\"><span style=\"font-family: georgia, palatino, serif;\"><i class=\"fa fa-phone \"><\/i>&nbsp; <\/span><\/span><a href=\"tel:075319184668\">+49 7531 9184668<\/a><\/span><\/p>\n<\/div>\n<\/div>\n<\/div>\n<\/div>\n[\/vc_column_text][vc_column_text]\n<div class=\"q_icon_with_title tiny normal_icon left_from_title \">\n<div class=\"icon_text_holder\">\n<div class=\"icon_text_inner\">\n<div class=\"icon_title_holder\">\n<p class=\"icon_title\" style=\"text-align: justify;\"><span style=\"font-size: 14pt; color: #04263f;\"><span style=\"font-family: georgia, palatino, serif;\"><i class=\"fa fa-envelope \"><\/i>&nbsp;&nbsp;<\/span><a style=\"color: #04263f;\" href=\"mailto:info@elke-groeger.de\" target=\"_blank\" rel=\"noopener noreferrer\">info@elke-groeger.de<\/a><\/span><\/p>\n<\/div>\n<\/div>\n<\/div>\n<\/div>\n[\/vc_column_text][vc_empty_space height=\u201c18px\u201d][vc_empty_space height=\u201c18px\u201d][vc_empty_space height=\u201c18px\u201d][\/vc_column][\/vc_row]\n<\/div>","protected":false},"excerpt":{"rendered":"<p>[vc_row css_animation=\u201d\u201d row_type=\u201crow\u201d use_row_as_full_screen_section=\u201cno\u201d type=\u201cfull_width\u201d angled_section=\u201cno\u201d text_align=\u201cleft\u201d background_image_as_pattern=\u201cwithout_pattern\u201d][vc_column][vc_empty_space height=\u201c18px\u201d][vc_empty_space height=\u201c18px\u201d][vc_empty_space height=\u201c18px\u201d][\/vc_column][\/vc_row][vc_row css_animation=\u201d\u201d row_type=\u201crow\u201d use_row_as_full_screen_section=\u201cno\u201d type=\u201cgrid\u201d angled_section=\u201cno\u201d text_align=\u201cleft\u201d background_image_as_pattern=\u201cwithout_pattern\u201d z_index=\u201c\u201d][vc_column][vc_column_text] Business-Coaching\u2026<\/p>\n","protected":false},"author":2,"featured_media":0,"parent":0,"menu_order":0,"comment_status":"closed","ping_status":"closed","template":"","meta":{"wp_typography_post_enhancements_disabled":false,"footnotes":""},"class_list":["post-5762","page","type-page","status-publish","hentry"],"yoast_head":"<!-- This site is optimized with the Yoast SEO plugin v27.5 - https:\/\/yoast.com\/product\/yoast-seo-wordpress\/ -->\n<title>Business-Coaching - Psychologische Beratung - Die Expertin f\u00fcr Selbstf\u00fchrung<\/title>\n<meta name=\"robots\" content=\"index, follow, max-snippet:-1, max-image-preview:large, max-video-preview:-1\" \/>\n<link rel=\"canonical\" href=\"https:\/\/www.elke-groeger.de\/selbstfuehrung\/business-coaching-psychologische-beratung\/\" \/>\n<meta property=\"og:locale\" content=\"de_DE\" \/>\n<meta property=\"og:type\" content=\"article\" \/>\n<meta property=\"og:title\" content=\"Business-Coaching - Psychologische Beratung - Die Expertin f\u00fcr Selbstf\u00fchrung\" \/>\n<meta property=\"og:description\" content=\"[vc_row css_animation=\u201d\u201d row_type=\u201crow\u201d use_row_as_full_screen_section=\u201cno\u201d type=\u201cfull_width\u201d angled_section=\u201cno\u201d text_align=\u201cleft\u201d background_image_as_pattern=\u201cwithout_pattern\u201d][vc_column][vc_empty_space height=\u201c18px\u201d][vc_empty_space height=\u201c18px\u201d][vc_empty_space height=\u201c18px\u201d][\/vc_column][\/vc_row][vc_row css_animation=\u201d\u201d row_type=\u201crow\u201d use_row_as_full_screen_section=\u201cno\u201d type=\u201cgrid\u201d angled_section=\u201cno\u201d text_align=\u201cleft\u201d background_image_as_pattern=\u201cwithout_pattern\u201d z_index=\u201c\u201d][vc_column][vc_column_text] Business-Coaching...\" \/>\n<meta property=\"og:url\" content=\"https:\/\/www.elke-groeger.de\/selbstfuehrung\/business-coaching-psychologische-beratung\/\" \/>\n<meta property=\"og:site_name\" content=\"Die Expertin f\u00fcr Selbstf\u00fchrung\" \/>\n<meta property=\"article:modified_time\" content=\"2025-08-09T13:44:18+00:00\" \/>\n<meta name=\"twitter:card\" content=\"summary_large_image\" \/>\n<meta name=\"twitter:label1\" content=\"Gesch\u00e4tzte Lesezeit\" \/>\n\t<meta name=\"twitter:data1\" content=\"3\u00a0Minuten\" \/>\n<script type=\"application\/ld+json\" class=\"yoast-schema-graph\">{\"@context\":\"https:\\\/\\\/schema.org\",\"@graph\":[{\"@type\":\"WebPage\",\"@id\":\"https:\\\/\\\/www.elke-groeger.de\\\/selbstfuehrung\\\/business-coaching-psychologische-beratung\\\/\",\"url\":\"https:\\\/\\\/www.elke-groeger.de\\\/selbstfuehrung\\\/business-coaching-psychologische-beratung\\\/\",\"name\":\"Business-Coaching - Psychologische Beratung - Die Expertin f\u00fcr Selbstf\u00fchrung\",\"isPartOf\":{\"@id\":\"https:\\\/\\\/www.elke-groeger.de\\\/selbstfuehrung\\\/#website\"},\"datePublished\":\"2019-02-22T17:30:26+00:00\",\"dateModified\":\"2025-08-09T13:44:18+00:00\",\"breadcrumb\":{\"@id\":\"https:\\\/\\\/www.elke-groeger.de\\\/selbstfuehrung\\\/business-coaching-psychologische-beratung\\\/#breadcrumb\"},\"inLanguage\":\"de\",\"potentialAction\":[{\"@type\":\"ReadAction\",\"target\":[\"https:\\\/\\\/www.elke-groeger.de\\\/selbstfuehrung\\\/business-coaching-psychologische-beratung\\\/\"]}]},{\"@type\":\"BreadcrumbList\",\"@id\":\"https:\\\/\\\/www.elke-groeger.de\\\/selbstfuehrung\\\/business-coaching-psychologische-beratung\\\/#breadcrumb\",\"itemListElement\":[{\"@type\":\"ListItem\",\"position\":1,\"name\":\"Home\",\"item\":\"https:\\\/\\\/www.elke-groeger.de\\\/selbstfuehrung\\\/\"},{\"@type\":\"ListItem\",\"position\":2,\"name\":\"Business-Coaching &#8211; Psychologische Beratung\"}]},{\"@type\":\"WebSite\",\"@id\":\"https:\\\/\\\/www.elke-groeger.de\\\/selbstfuehrung\\\/#website\",\"url\":\"https:\\\/\\\/www.elke-groeger.de\\\/selbstfuehrung\\\/\",\"name\":\"Die Expertin f\u00fcr Selbstf\u00fchrung\",\"description\":\"\",\"potentialAction\":[{\"@type\":\"SearchAction\",\"target\":{\"@type\":\"EntryPoint\",\"urlTemplate\":\"https:\\\/\\\/www.elke-groeger.de\\\/selbstfuehrung\\\/?s={search_term_string}\"},\"query-input\":{\"@type\":\"PropertyValueSpecification\",\"valueRequired\":true,\"valueName\":\"search_term_string\"}}],\"inLanguage\":\"de\"}]}<\/script>\n<!-- \/ Yoast SEO plugin. -->","yoast_head_json":{"title":"Business-Coaching - Psychologische Beratung - Die Expertin f\u00fcr Selbstf\u00fchrung","robots":{"index":"index","follow":"follow","max-snippet":"max-snippet:-1","max-image-preview":"max-image-preview:large","max-video-preview":"max-video-preview:-1"},"canonical":"https:\/\/www.elke-groeger.de\/selbstfuehrung\/business-coaching-psychologische-beratung\/","og_locale":"de_DE","og_type":"article","og_title":"Business-Coaching - Psychologische Beratung - Die Expertin f\u00fcr Selbstf\u00fchrung","og_description":"[vc_row css_animation=\u201d\u201d row_type=\u201crow\u201d use_row_as_full_screen_section=\u201cno\u201d type=\u201cfull_width\u201d angled_section=\u201cno\u201d text_align=\u201cleft\u201d background_image_as_pattern=\u201cwithout_pattern\u201d][vc_column][vc_empty_space height=\u201c18px\u201d][vc_empty_space height=\u201c18px\u201d][vc_empty_space height=\u201c18px\u201d][\/vc_column][\/vc_row][vc_row css_animation=\u201d\u201d row_type=\u201crow\u201d use_row_as_full_screen_section=\u201cno\u201d type=\u201cgrid\u201d angled_section=\u201cno\u201d text_align=\u201cleft\u201d background_image_as_pattern=\u201cwithout_pattern\u201d z_index=\u201c\u201d][vc_column][vc_column_text] Business-Coaching...","og_url":"https:\/\/www.elke-groeger.de\/selbstfuehrung\/business-coaching-psychologische-beratung\/","og_site_name":"Die Expertin f\u00fcr Selbstf\u00fchrung","article_modified_time":"2025-08-09T13:44:18+00:00","twitter_card":"summary_large_image","twitter_misc":{"Gesch\u00e4tzte Lesezeit":"3\u00a0Minuten"},"schema":{"@context":"https:\/\/schema.org","@graph":[{"@type":"WebPage","@id":"https:\/\/www.elke-groeger.de\/selbstfuehrung\/business-coaching-psychologische-beratung\/","url":"https:\/\/www.elke-groeger.de\/selbstfuehrung\/business-coaching-psychologische-beratung\/","name":"Business-Coaching - Psychologische Beratung - Die Expertin f\u00fcr Selbstf\u00fchrung","isPartOf":{"@id":"https:\/\/www.elke-groeger.de\/selbstfuehrung\/#website"},"datePublished":"2019-02-22T17:30:26+00:00","dateModified":"2025-08-09T13:44:18+00:00","breadcrumb":{"@id":"https:\/\/www.elke-groeger.de\/selbstfuehrung\/business-coaching-psychologische-beratung\/#breadcrumb"},"inLanguage":"de","potentialAction":[{"@type":"ReadAction","target":["https:\/\/www.elke-groeger.de\/selbstfuehrung\/business-coaching-psychologische-beratung\/"]}]},{"@type":"BreadcrumbList","@id":"https:\/\/www.elke-groeger.de\/selbstfuehrung\/business-coaching-psychologische-beratung\/#breadcrumb","itemListElement":[{"@type":"ListItem","position":1,"name":"Home","item":"https:\/\/www.elke-groeger.de\/selbstfuehrung\/"},{"@type":"ListItem","position":2,"name":"Business-Coaching &#8211; Psychologische Beratung"}]},{"@type":"WebSite","@id":"https:\/\/www.elke-groeger.de\/selbstfuehrung\/#website","url":"https:\/\/www.elke-groeger.de\/selbstfuehrung\/","name":"Die Expertin f\u00fcr Selbstf\u00fchrung","description":"","potentialAction":[{"@type":"SearchAction","target":{"@type":"EntryPoint","urlTemplate":"https:\/\/www.elke-groeger.de\/selbstfuehrung\/?s={search_term_string}"},"query-input":{"@type":"PropertyValueSpecification","valueRequired":true,"valueName":"search_term_string"}}],"inLanguage":"de"}]}},"_links":{"self":[{"href":"https:\/\/www.elke-groeger.de\/selbstfuehrung\/wp-json\/wp\/v2\/pages\/5762","targetHints":{"allow":["GET"]}}],"collection":[{"href":"https:\/\/www.elke-groeger.de\/selbstfuehrung\/wp-json\/wp\/v2\/pages"}],"about":[{"href":"https:\/\/www.elke-groeger.de\/selbstfuehrung\/wp-json\/wp\/v2\/types\/page"}],"author":[{"embeddable":true,"href":"https:\/\/www.elke-groeger.de\/selbstfuehrung\/wp-json\/wp\/v2\/users\/2"}],"replies":[{"embeddable":true,"href":"https:\/\/www.elke-groeger.de\/selbstfuehrung\/wp-json\/wp\/v2\/comments?post=5762"}],"version-history":[{"count":86,"href":"https:\/\/www.elke-groeger.de\/selbstfuehrung\/wp-json\/wp\/v2\/pages\/5762\/revisions"}],"predecessor-version":[{"id":8559,"href":"https:\/\/www.elke-groeger.de\/selbstfuehrung\/wp-json\/wp\/v2\/pages\/5762\/revisions\/8559"}],"wp:attachment":[{"href":"https:\/\/www.elke-groeger.de\/selbstfuehrung\/wp-json\/wp\/v2\/media?parent=5762"}],"curies":[{"name":"wp","href":"https:\/\/api.w.org\/{rel}","templated":true}]}}