{"id":4314,"date":"2017-12-08T11:54:28","date_gmt":"2017-12-08T10:54:28","guid":{"rendered":"https:\/\/www.elke-groeger.de\/geschaeftskunden\/?page_id=4314"},"modified":"2025-06-07T11:19:55","modified_gmt":"2025-06-07T09:19:55","slug":"leistungen-elke-groeger","status":"publish","type":"page","link":"https:\/\/www.elke-groeger.de\/selbstfuehrung\/leistungen-elke-groeger\/","title":{"rendered":"Leistungen Elke Groeger"},"content":{"rendered":"<div class=\"wpb-content-wrapper\">[vc_row css_animation=\u201d\u201d row_type=\u201crow\u201d use_row_as_full_screen_section=\u201cno\u201d type=\u201cfull_width\u201d angled_section=\u201cno\u201d text_align=\u201cleft\u201d background_image_as_pattern=\u201cwithout_pattern\u201d css=\u201d.vc_custom_1520958099171{background-color: #f5f2f0 !important;}\u201d][vc_column][vc_empty_space height=\u201c18px\u201d][vc_empty_space height=\u201c18px\u201d][vc_empty_space height=\u201c18px\u201d][vc_empty_space height=\u201c18px\u201d][vc_empty_space height=\u201c18px\u201d][vc_column_text]\n<h1 style=\"text-align: center;\"><span style=\"font-size: 36pt; color: #756f6f;\">Pers\u00f6nlichkeitsentwicklung und Selbstmanagement<\/span><\/h1>\n[\/vc_column_text][vc_empty_space height=\u201c18px\u201d][vc_column_text]\n<h1 style=\"text-align: center;\"><span style=\"color: #756f6f; font-size: 24pt;\">L\u00f6sungen <\/span><span style=\"color: #756f6f; font-size: 24pt;\">f\u00fcr Menschen und Unternehmen <\/span><span style=\"color: #756f6f; font-size: 24pt;\">in Ver\u00e4nderungsprozessen<\/span><\/h1>\n[\/vc_column_text][vc_empty_space height=\u201c18px\u201d][vc_empty_space height=\u201c18px\u201d][vc_empty_space height=\u201c18px\u201d][vc_row_inner row_type=\u201crow\u201d type=\u201cfull_width\u201d text_align=\u201cleft\u201d css_animation=\u201c\u201d][vc_column_inner width=\u201c1\/6\u201d][\/vc_column_inner][vc_column_inner width=\u201c1\/6\u201d][vc_single_image image=\u201c5368\u201d img_size=\u201cfull\u201d alignment=\u201ccenter\u201d qode_css_animation=\u201c\u201d][vc_empty_space height=\u201c18px\u201d][vc_empty_space height=\u201c18px\u201d][\/vc_column_inner][vc_column_inner width=\u201c3\/6\u201d][vc_empty_space height=\u201c9px\u201d][vc_empty_space height=\u201c9px\u201d][vc_column_text]\n<p style=\"text-align: justify;\"><span style=\"font-size: 14pt;\">Als Exper\u00adtin f\u00fcr Per\u00ads\u00f6n\u00adlich\u00adkeits\u00adent\u00adwick\u00adlung, Selbst\u00adf\u00fch\u00adrung und Selbst\u00adcoa\u00adching und mit mei\u00adnem Back\u00adground als Bera\u00adte\u00adrin, Trai\u00adne\u00adrin, Coach und The\u00adra\u00adpeu\u00adtin unter\u00adst\u00fct\u00adze ich Sie als Per\u00adson oder Unter\u00adneh\u00admen auf dem Weg, dass Sie bzw. jeder Mit\u00adar\u00adbei\u00adter psy\u00adchisch gesund und leis\u00adtungs\u00adf\u00e4\u00adhig bleibt.<\/span><\/p>\n[\/vc_column_text][\/vc_column_inner][vc_column_inner width=\u201c1\/6\u201d][\/vc_column_inner][\/vc_row_inner][vc_empty_space height=\u201c18px\u201d][vc_column_text]\n<p style=\"text-align: center;\"><span style=\"font-size: 18pt;\">Ler\u00adnen Sie mei\u00adne Ange\u00adbo\u00adte ken\u00adnen. Ich freue mich, wenn wir ins Gespr\u00e4ch kommen!<\/span><\/p>\n[\/vc_column_text][vc_empty_space height=\u201c18px\u201d][vc_column_text css=\u201c\u201d]&nbsp;<div class=\"wpb_text_column wpb_content_element \" style=\"text-align: left;\">\n<div class=\"wpb_wrapper\" style=\"text-align: center;\"><i class=\"fa fa-envelope fa- \" style=\"font-size: 14pt;\"><\/i><span style=\"font-size: 14pt;\">&nbsp;&nbsp;<\/span><a style=\"font-size: 14pt;\" href=\"mailto:info@elke-groeger.de\" target=\"_blank\" rel=\"noopener noreferrer\">info@elke-groeger.de<\/a><span style=\"font-size: 14pt;\">&nbsp;|&nbsp;<\/span><i class=\"fa fa-phone fa- \" style=\"font-size: 14pt;\"><\/i><span style=\"font-size: 14pt;\">&nbsp; 07531 9184668<\/span><\/div>\n<\/div>\n[\/vc_column_text][vc_empty_space height=\u201c18px\u201d][vc_empty_space height=\u201c18px\u201d][\/vc_column][\/vc_row][vc_row css_animation=\u201d\u201d row_type=\u201crow\u201d use_row_as_full_screen_section=\u201cno\u201d type=\u201cfull_width\u201d angled_section=\u201cno\u201d text_align=\u201cleft\u201d background_image_as_pattern=\u201cwithout_pattern\u201d][vc_column][vc_empty_space height=\u201c18px\u201d][vc_empty_space height=\u201c18px\u201d][\/vc_column][\/vc_row][vc_row css_animation=\u201d\u201d row_type=\u201crow\u201d use_row_as_full_screen_section=\u201cno\u201d type=\u201cfull_width\u201d angled_section=\u201cno\u201d text_align=\u201cleft\u201d background_image_as_pattern=\u201cwithout_pattern\u201d][vc_column width=\u201c1\/2\u201d][vc_single_image image=\u201c5351\u201d img_size=\u201c335x94\u201d alignment=\u201ccenter\u201d onclick=\u201ccustom_link\u201d qode_css_animation=\u201d\u201d link=\u201chttps:\/\/www.elke-groeger.de\/privatkunden\/\u201d][vc_empty_space height=\u201c18px\u201d][vc_column_text]\n<p style=\"text-align: center;\"><span style=\"font-size: 14pt; color: #6a1252;\">The\u00adra\u00adpeu\u00adtin&nbsp;| Bera\u00adte\u00adrin&nbsp;| Coach<\/span><\/p>\n[\/vc_column_text][vc_empty_space height=\u201c18px\u201d][vc_empty_space height=\u201c18px\u201d][vc_empty_space height=\u201c18px\u201d][vc_row_inner row_type=\u201crow\u201d use_as_box=\u201cuse_row_as_box\u201d type=\u201cfull_width\u201d text_align=\u201ccenter\u201d row_negative_margin=\u201cdisable_negative_margin\u201d css_animation=\u201d\u201d border_color=\u201c#6a1252\u201d][vc_column_inner][vc_empty_space height=\u201c18px\u201d][vc_empty_space height=\u201c18px\u201d][vc_column_text]\n<p style=\"text-align: center;\"><a href=\"https:\/\/www.elke-groeger.de\/privatkunden\/\" target=\"_blank\" rel=\"noopener noreferrer\"><span style=\"color: #e94b21; font-size: 24pt;\"><strong>Hel\u00adden\u00adwe\u00adge f\u00fcr Privatkunden<\/strong><\/span><\/a><\/p>\n[\/vc_column_text][vc_empty_space height=\u201c18px\u201d][vc_separator type=\u201csmall\u201d position=\u201ccenter\u201d color=\u201c#e94b21\u201d thickness=\u201c2\u201d up=\u201c5\u201d down=\u201c5\u201d][vc_empty_space height=\u201c18px\u201d][vc_column_text]\n<p style=\"text-align: center;\"><span style=\"color: #6a1252;\"><strong><span style=\"font-size: 14pt;\">Erwach\u00adse\u00adne&nbsp;| Kin\u00adder&nbsp;| Jugendliche<\/span><\/strong><\/span><\/p>\n[\/vc_column_text][vc_empty_space height=\u201c18px\u201d][\/vc_column_inner][\/vc_row_inner][vc_empty_space height=\u201c18px\u201d][vc_empty_space height=\u201c18px\u201d][vc_single_image image=\u201c5341\u201d img_size=\u201cfull\u201d alignment=\u201ccenter\u201d onclick=\u201ccustom_link\u201d qode_css_animation=\u201d\u201d link=\u201chttps:\/\/www.elke-groeger.de\/privatkunden\/\u201d][vc_empty_space height=\u201c18px\u201d][vc_empty_space height=\u201c18px\u201d][vc_row_inner row_type=\u201crow\u201d use_as_box=\u201cuse_row_as_box\u201d type=\u201cfull_width\u201d text_align=\u201cleft\u201d row_negative_margin=\u201cdisable_negative_margin\u201d css_animation=\u201c\u201d][vc_column_inner css=\u201d.vc_custom_1513438697355{border-radius: 2px !important;}\u201d]<div class=\"q_icon_with_title tiny normal_icon left_from_title \"><div class=\"icon_text_holder\" style><div class=\"icon_text_inner\" style><div class=\"icon_title_holder\"><div class=\"icon_holder \" style=\" \"><span data-icon-type=\"normal\" class=\"qode_iwt_icon_holder q_font_awsome_icon fa-lg  \"><i class=\"qode_icon_font_awesome fa fa-bullseye qode_iwt_icon_element\" style=\"color: #6a1252\"><\/i><\/span><\/div><h3 class=\"icon_title\" style=\"color: #3e002d;font-weight: 400;\">Sie leiden unter seelischen Belastungen oder stecken in einer&nbsp;Krise?<\/h3><\/div><p style><\/p><\/div><\/div><\/div><div class=\"q_icon_with_title tiny normal_icon left_from_title \"><div class=\"icon_text_holder\" style><div class=\"icon_text_inner\" style><div class=\"icon_title_holder\"><div class=\"icon_holder \" style=\" \"><span data-icon-type=\"normal\" class=\"qode_iwt_icon_holder q_font_awsome_icon fa-lg  \"><i class=\"qode_icon_font_awesome fa fa-bullseye qode_iwt_icon_element\" style=\"color: #6a1252\"><\/i><\/span><\/div><h3 class=\"icon_title\" style=\"color: #3e002d;font-weight: 400;\">Sie m\u00f6chten (wieder) mehr Lebensfreude sp\u00fcren?<\/h3><\/div><p style><\/p><\/div><\/div><\/div><div class=\"q_icon_with_title tiny normal_icon left_from_title \"><div class=\"icon_text_holder\" style><div class=\"icon_text_inner\" style><div class=\"icon_title_holder\"><div class=\"icon_holder \" style=\" \"><span data-icon-type=\"normal\" class=\"qode_iwt_icon_holder q_font_awsome_icon fa-lg  \"><i class=\"qode_icon_font_awesome fa fa-bullseye qode_iwt_icon_element\" style=\"color: #6a1252\"><\/i><\/span><\/div><h3 class=\"icon_title\" style=\"color: #3e002d;font-weight: 400;\">Sie m\u00f6chten mehr Klarheit und Orientierung?<\/h3><\/div><p style><\/p><\/div><\/div><\/div><div class=\"q_icon_with_title tiny normal_icon left_from_title \"><div class=\"icon_text_holder\" style><div class=\"icon_text_inner\" style><div class=\"icon_title_holder\"><div class=\"icon_holder \" style=\" \"><span data-icon-type=\"normal\" class=\"qode_iwt_icon_holder q_font_awsome_icon fa-lg  \"><i class=\"qode_icon_font_awesome fa fa-bullseye qode_iwt_icon_element\" style=\"color: #6a1252\"><\/i><\/span><\/div><h3 class=\"icon_title\" style=\"color: #3e002d;font-weight: 400;\">Sie f\u00fchlen sich blockiert und suchen nach einer L\u00f6sung?<\/h3><\/div><p style><\/p><\/div><\/div><\/div><div class=\"q_icon_with_title tiny normal_icon left_from_title \"><div class=\"icon_text_holder\" style><div class=\"icon_text_inner\" style><div class=\"icon_title_holder\"><div class=\"icon_holder \" style=\" \"><span data-icon-type=\"normal\" class=\"qode_iwt_icon_holder q_font_awsome_icon fa-lg  \"><i class=\"qode_icon_font_awesome fa fa-bullseye qode_iwt_icon_element\" style=\"color: #6a1252\"><\/i><\/span><\/div><h3 class=\"icon_title\" style=\"color: #3e002d;font-weight: 400;\">Sie m\u00f6chten traumatische Erlebnisse bew\u00e4ltigen?<\/h3><\/div><p style><\/p><\/div><\/div><\/div>[\/vc_column_inner][\/vc_row_inner][vc_empty_space height=\u201c18px\u201d][vc_empty_space height=\u201c18px\u201d][vc_row_inner row_type=\u201crow\u201d type=\u201cfull_width\u201d text_align=\u201cleft\u201d css_animation=\u201c\u201d][vc_column_inner width=\u201c1\/4\u201d][vc_empty_space height=\u201c18px\u201d][vc_empty_space height=\u201c18px\u201d][\/vc_column_inner][vc_column_inner width=\u201c3\/4\u201d]<a itemprop=\"url\" href=\"https:\/\/www.elke-groeger.de\/privatkunden\" target=\"_blank\" data-hover-background-color=\"#f7f3e4\" class=\"qbutton  large center default\" style=\"color: #6a1252; border-color: #6a1252; font-style: normal; font-weight: 700; margin: 5px; border-radius: 4px;-moz-border-radius: 4px;-webkit-border-radius: 4px; background-color:#ffffff;\">Erfah\u00adren Sie mehr!<i class=\"qode_icon_font_awesome fa fa-eye qode_button_icon_element\" style=\"color: #6a1252\"><\/i><\/a>[vc_empty_space height=\u201c18px\u201d][vc_empty_space height=\u201c18px\u201d][vc_empty_space height=\u201c18px\u201d][\/vc_column_inner][\/vc_row_inner][\/vc_column][vc_column width=\u201c1\/2\u201d][vc_single_image image=\u201c5349\u201d img_size=\u201c335x94\u201d alignment=\u201ccenter\u201d onclick=\u201ccustom_link\u201d img_link_target=\u201c_blank\u201d qode_css_animation=\u201d\u201d link=\u201chttps:\/\/www.elke-groeger.de\/selbstfuehrung\/\u201d][vc_empty_space height=\u201c18px\u201d][vc_column_text]\n<p style=\"text-align: center;\"><span style=\"font-size: 14pt; color: #2a4964;\">Bera\u00adte\u00adrin | Trai\u00adne\u00adrin |&nbsp;Coach&nbsp;<\/span><\/p>\n[\/vc_column_text][vc_empty_space height=\u201c18px\u201d][vc_empty_space height=\u201c18px\u201d][vc_empty_space height=\u201c18px\u201d][vc_row_inner row_type=\u201crow\u201d use_as_box=\u201cuse_row_as_box\u201d type=\u201cfull_width\u201d text_align=\u201ccenter\u201d row_negative_margin=\u201cdisable_negative_margin\u201d css_animation=\u201d\u201d border_color=\u201c#30a1b1\u201d][vc_column_inner][vc_empty_space height=\u201c18px\u201d][vc_empty_space height=\u201c18px\u201d][vc_column_text]\n<p style=\"text-align: center;\"><a href=\"http:\/\/www.elke-groeger.de\/selbstfuehrung\" target=\"_blank\" rel=\"noopener noreferrer\"><span style=\"color: #30a1b1; font-size: 24pt;\"><strong>Selbst\u00adf\u00fch\u00adrung und Selbst\u00adcoa\u00adching im Business<\/strong><\/span><\/a><\/p>\n[\/vc_column_text][vc_empty_space height=\u201c18px\u201d][vc_separator type=\u201csmall\u201d position=\u201ccenter\u201d color=\u201c#30a1b1\u201d thickness=\u201c2\u201d up=\u201c5\u201d down=\u201c5\u201d][vc_empty_space height=\u201c18px\u201d][vc_column_text]\n<p style=\"text-align: center;\"><span style=\"font-size: 14pt; color: #2a4964;\"><strong>F\u00fch\u00adrungs\u00adkr\u00e4f\u00adte | Mitarbeiter&nbsp;<\/strong><\/span><\/p>\n[\/vc_column_text][vc_empty_space height=\u201c18px\u201d][\/vc_column_inner][\/vc_row_inner][vc_empty_space height=\u201c18px\u201d][vc_empty_space height=\u201c18px\u201d][vc_single_image image=\u201c5384\u201d img_size=\u201cfull\u201d alignment=\u201ccenter\u201d onclick=\u201ccustom_link\u201d img_link_target=\u201c_blank\u201d qode_css_animation=\u201d\u201d link=\u201chttps:\/\/www.elke-groeger.de\/selbstfuehrung\/\u201d][vc_empty_space height=\u201c18px\u201d][vc_empty_space height=\u201c18px\u201d][vc_row_inner row_type=\u201crow\u201d use_as_box=\u201cuse_row_as_box\u201d type=\u201cfull_width\u201d text_align=\u201cleft\u201d row_negative_margin=\u201cdisable_negative_margin\u201d css_animation=\u201c\u201d][vc_column_inner css=\u201d.vc_custom_1513438747702{border-radius: 2px !important;}\u201d]<div class=\"q_icon_with_title tiny normal_icon left_from_title \"><div class=\"icon_text_holder\" style><div class=\"icon_text_inner\" style><div class=\"icon_title_holder\"><div class=\"icon_holder \" style=\" \"><span data-icon-type=\"normal\" class=\"qode_iwt_icon_holder q_font_awsome_icon fa-lg  \"><i class=\"qode_icon_font_awesome fa fa-bullseye qode_iwt_icon_element\" style=\"color: #30a1b1\"><\/i><\/span><\/div><h3 class=\"icon_title\" style=\"color: #04263f;font-weight: 400;\">Sie m\u00f6chten leistungsf\u00e4hige, psychisch gesunde Mitarbeiter, die auch bei hohen Belastungen souver\u00e4n handeln?<\/h3><\/div><p style><\/p><\/div><\/div><\/div><div class=\"q_icon_with_title tiny normal_icon left_from_title \"><div class=\"icon_text_holder\" style><div class=\"icon_text_inner\" style><div class=\"icon_title_holder\"><div class=\"icon_holder \" style=\" \"><span data-icon-type=\"normal\" class=\"qode_iwt_icon_holder q_font_awsome_icon fa-lg  \"><i class=\"qode_icon_font_awesome fa fa-bullseye qode_iwt_icon_element\" style=\"color: #30a1b1\"><\/i><\/span><\/div><h3 class=\"icon_title\" style=\"color: #04263f;font-weight: 400;\">Sie m\u00f6chten Mitarbeiter, die sich in Zeiten des rasanten Wandels selbst gut f\u00fchren und coachen k\u00f6nnen?<\/h3><\/div><p style><\/p><\/div><\/div><\/div><div class=\"q_icon_with_title tiny normal_icon left_from_title \"><div class=\"icon_text_holder\" style><div class=\"icon_text_inner\" style><div class=\"icon_title_holder\"><div class=\"icon_holder \" style=\" \"><span data-icon-type=\"normal\" class=\"qode_iwt_icon_holder q_font_awsome_icon fa-lg  \"><i class=\"qode_icon_font_awesome fa fa-bullseye qode_iwt_icon_element\" style=\"color: #30a1b1\"><\/i><\/span><\/div><h3 class=\"icon_title\" style=\"color: #04263f;font-weight: 400;\">Sie m\u00f6chten Mitarbeiter, die Verantwortung f\u00fcr das eigene Denken, F\u00fchlen, Entscheiden und Handeln \u00fcbernehmen?<\/h3><\/div><p style><\/p><\/div><\/div><\/div><div class=\"q_icon_with_title tiny normal_icon left_from_title \"><div class=\"icon_text_holder\" style><div class=\"icon_text_inner\" style><div class=\"icon_title_holder\"><div class=\"icon_holder \" style=\" \"><span data-icon-type=\"normal\" class=\"qode_iwt_icon_holder q_font_awsome_icon fa-lg  \"><i class=\"qode_icon_font_awesome fa fa-bullseye qode_iwt_icon_element\" style=\"color: #30a1b1\"><\/i><\/span><\/div><h3 class=\"icon_title\" style=\"color: #04263f;font-weight: 400;\">Sie wollen Konflikten, Leistungseinbu\u00dfen und Fehlzeiten vorbeugen?<\/h3><\/div><p style><\/p><\/div><\/div><\/div>[\/vc_column_inner][\/vc_row_inner][vc_empty_space height=\u201c18px\u201d][vc_empty_space height=\u201c18px\u201d][vc_row_inner row_type=\u201crow\u201d type=\u201cfull_width\u201d text_align=\u201cleft\u201d css_animation=\u201c\u201d][vc_column_inner width=\u201c1\/4\u201d][vc_empty_space height=\u201c18px\u201d][vc_empty_space height=\u201c18px\u201d][\/vc_column_inner][vc_column_inner width=\u201c3\/4\u201d]<a itemprop=\"url\" href=\"https:\/\/www.elke-groeger.de\/selbstfuehrung\/\" target=\"_blank\" data-hover-background-color=\"#f5f2f0\" data-hover-border-color=\"#8eb9f2\" class=\"qbutton  large center default\" style=\"color: #30a1b1; border-color: #30a1b1; font-style: normal; font-weight: 700; margin: 5px; border-radius: 4px;-moz-border-radius: 4px;-webkit-border-radius: 4px; background-color:#ffffff;\">Erfah\u00adren Sie mehr!<i class=\"qode_icon_font_awesome fa fa-eye qode_button_icon_element\" style=\"color: #30a1b1\"><\/i><\/a>[vc_empty_space height=\u201c18px\u201d][vc_empty_space height=\u201c18px\u201d][vc_empty_space height=\u201c18px\u201d][\/vc_column_inner][\/vc_row_inner][\/vc_column][\/vc_row][vc_row css_animation=\u201d\u201d row_type=\u201crow\u201d use_row_as_full_screen_section=\u201cno\u201d type=\u201cfull_width\u201d angled_section=\u201cno\u201d text_align=\u201cleft\u201d background_image_as_pattern=\u201cwithout_pattern\u201d][vc_column][vc_empty_space height=\u201c18px\u201d][vc_empty_space height=\u201c18px\u201d][vc_empty_space height=\u201c18px\u201d][\/vc_column][\/vc_row]\n<\/div>","protected":false},"excerpt":{"rendered":"<p>[vc_row css_animation=\u201d\u201d row_type=\u201crow\u201d use_row_as_full_screen_section=\u201cno\u201d type=\u201cfull_width\u201d angled_section=\u201cno\u201d text_align=\u201cleft\u201d background_image_as_pattern=\u201cwithout_pattern\u201d css=\u201d.vc_custom_1520958099171{background-color: #f5f2f0 !important;}\u201d][vc_column][vc_empty_space height=\u201c18px\u201d][vc_empty_space height=\u201c18px\u201d][vc_empty_space height=\u201c18px\u201d][vc_empty_space height=\u201c18px\u201d][vc_empty_space height=\u201c18px\u201d][vc_column_text] Per\u00ads\u00f6n\u00adlich\u00adkeits\u00adent\u00adwick\u00adlung und Selbst\u00adma\u00adnage\u00adment [\/vc_column_text][vc_empty_space\u2026<\/p>\n","protected":false},"author":2,"featured_media":0,"parent":0,"menu_order":0,"comment_status":"closed","ping_status":"closed","template":"landing_page.php","meta":{"wp_typography_post_enhancements_disabled":false,"footnotes":""},"class_list":["post-4314","page","type-page","status-publish","hentry"],"yoast_head":"<!-- This site is optimized with the Yoast SEO plugin v27.5 - https:\/\/yoast.com\/product\/yoast-seo-wordpress\/ -->\n<title>Leistungen Elke Groeger - Die Expertin f\u00fcr Selbstf\u00fchrung<\/title>\n<meta name=\"robots\" content=\"index, follow, max-snippet:-1, max-image-preview:large, max-video-preview:-1\" \/>\n<link rel=\"canonical\" href=\"https:\/\/www.elke-groeger.de\/selbstfuehrung\/leistungen-elke-groeger\/\" \/>\n<meta property=\"og:locale\" content=\"de_DE\" \/>\n<meta property=\"og:type\" content=\"article\" \/>\n<meta property=\"og:title\" content=\"Leistungen Elke Groeger - Die Expertin f\u00fcr Selbstf\u00fchrung\" \/>\n<meta property=\"og:description\" content=\"[vc_row css_animation=\u201d\u201d row_type=\u201crow\u201d use_row_as_full_screen_section=\u201cno\u201d type=\u201cfull_width\u201d angled_section=\u201cno\u201d text_align=\u201cleft\u201d background_image_as_pattern=\u201cwithout_pattern\u201d css=\u201d.vc_custom_1520958099171{background-color: #f5f2f0 !important;}\u201d][vc_column][vc_empty_space height=\u201c18px\u201d][vc_empty_space height=\u201c18px\u201d][vc_empty_space height=\u201c18px\u201d][vc_empty_space height=\u201c18px\u201d][vc_empty_space height=\u201c18px\u201d][vc_column_text] Pers\u00f6nlichkeitsentwicklung und Selbstmanagement [\/vc_column_text][vc_empty_space...\" \/>\n<meta property=\"og:url\" content=\"https:\/\/www.elke-groeger.de\/selbstfuehrung\/leistungen-elke-groeger\/\" \/>\n<meta property=\"og:site_name\" content=\"Die Expertin f\u00fcr Selbstf\u00fchrung\" \/>\n<meta property=\"article:modified_time\" content=\"2025-06-07T09:19:55+00:00\" \/>\n<meta name=\"twitter:card\" content=\"summary_large_image\" \/>\n<meta name=\"twitter:label1\" content=\"Gesch\u00e4tzte Lesezeit\" \/>\n\t<meta name=\"twitter:data1\" content=\"4\u00a0Minuten\" \/>\n<script type=\"application\/ld+json\" class=\"yoast-schema-graph\">{\"@context\":\"https:\\\/\\\/schema.org\",\"@graph\":[{\"@type\":\"WebPage\",\"@id\":\"https:\\\/\\\/www.elke-groeger.de\\\/selbstfuehrung\\\/leistungen-elke-groeger\\\/\",\"url\":\"https:\\\/\\\/www.elke-groeger.de\\\/selbstfuehrung\\\/leistungen-elke-groeger\\\/\",\"name\":\"Leistungen Elke Groeger - Die Expertin f\u00fcr Selbstf\u00fchrung\",\"isPartOf\":{\"@id\":\"https:\\\/\\\/www.elke-groeger.de\\\/selbstfuehrung\\\/#website\"},\"datePublished\":\"2017-12-08T10:54:28+00:00\",\"dateModified\":\"2025-06-07T09:19:55+00:00\",\"breadcrumb\":{\"@id\":\"https:\\\/\\\/www.elke-groeger.de\\\/selbstfuehrung\\\/leistungen-elke-groeger\\\/#breadcrumb\"},\"inLanguage\":\"de\",\"potentialAction\":[{\"@type\":\"ReadAction\",\"target\":[\"https:\\\/\\\/www.elke-groeger.de\\\/selbstfuehrung\\\/leistungen-elke-groeger\\\/\"]}]},{\"@type\":\"BreadcrumbList\",\"@id\":\"https:\\\/\\\/www.elke-groeger.de\\\/selbstfuehrung\\\/leistungen-elke-groeger\\\/#breadcrumb\",\"itemListElement\":[{\"@type\":\"ListItem\",\"position\":1,\"name\":\"Home\",\"item\":\"https:\\\/\\\/www.elke-groeger.de\\\/selbstfuehrung\\\/\"},{\"@type\":\"ListItem\",\"position\":2,\"name\":\"Leistungen Elke Groeger\"}]},{\"@type\":\"WebSite\",\"@id\":\"https:\\\/\\\/www.elke-groeger.de\\\/selbstfuehrung\\\/#website\",\"url\":\"https:\\\/\\\/www.elke-groeger.de\\\/selbstfuehrung\\\/\",\"name\":\"Die Expertin f\u00fcr Selbstf\u00fchrung\",\"description\":\"\",\"potentialAction\":[{\"@type\":\"SearchAction\",\"target\":{\"@type\":\"EntryPoint\",\"urlTemplate\":\"https:\\\/\\\/www.elke-groeger.de\\\/selbstfuehrung\\\/?s={search_term_string}\"},\"query-input\":{\"@type\":\"PropertyValueSpecification\",\"valueRequired\":true,\"valueName\":\"search_term_string\"}}],\"inLanguage\":\"de\"}]}<\/script>\n<!-- \/ Yoast SEO plugin. -->","yoast_head_json":{"title":"Leistungen Elke Groeger - Die Expertin f\u00fcr Selbstf\u00fchrung","robots":{"index":"index","follow":"follow","max-snippet":"max-snippet:-1","max-image-preview":"max-image-preview:large","max-video-preview":"max-video-preview:-1"},"canonical":"https:\/\/www.elke-groeger.de\/selbstfuehrung\/leistungen-elke-groeger\/","og_locale":"de_DE","og_type":"article","og_title":"Leistungen Elke Groeger - Die Expertin f\u00fcr Selbstf\u00fchrung","og_description":"[vc_row css_animation=\u201d\u201d row_type=\u201crow\u201d use_row_as_full_screen_section=\u201cno\u201d type=\u201cfull_width\u201d angled_section=\u201cno\u201d text_align=\u201cleft\u201d background_image_as_pattern=\u201cwithout_pattern\u201d css=\u201d.vc_custom_1520958099171{background-color: #f5f2f0 !important;}\u201d][vc_column][vc_empty_space height=\u201c18px\u201d][vc_empty_space height=\u201c18px\u201d][vc_empty_space height=\u201c18px\u201d][vc_empty_space height=\u201c18px\u201d][vc_empty_space height=\u201c18px\u201d][vc_column_text] Pers\u00f6nlichkeitsentwicklung und Selbstmanagement [\/vc_column_text][vc_empty_space...","og_url":"https:\/\/www.elke-groeger.de\/selbstfuehrung\/leistungen-elke-groeger\/","og_site_name":"Die Expertin f\u00fcr Selbstf\u00fchrung","article_modified_time":"2025-06-07T09:19:55+00:00","twitter_card":"summary_large_image","twitter_misc":{"Gesch\u00e4tzte Lesezeit":"4\u00a0Minuten"},"schema":{"@context":"https:\/\/schema.org","@graph":[{"@type":"WebPage","@id":"https:\/\/www.elke-groeger.de\/selbstfuehrung\/leistungen-elke-groeger\/","url":"https:\/\/www.elke-groeger.de\/selbstfuehrung\/leistungen-elke-groeger\/","name":"Leistungen Elke Groeger - Die Expertin f\u00fcr Selbstf\u00fchrung","isPartOf":{"@id":"https:\/\/www.elke-groeger.de\/selbstfuehrung\/#website"},"datePublished":"2017-12-08T10:54:28+00:00","dateModified":"2025-06-07T09:19:55+00:00","breadcrumb":{"@id":"https:\/\/www.elke-groeger.de\/selbstfuehrung\/leistungen-elke-groeger\/#breadcrumb"},"inLanguage":"de","potentialAction":[{"@type":"ReadAction","target":["https:\/\/www.elke-groeger.de\/selbstfuehrung\/leistungen-elke-groeger\/"]}]},{"@type":"BreadcrumbList","@id":"https:\/\/www.elke-groeger.de\/selbstfuehrung\/leistungen-elke-groeger\/#breadcrumb","itemListElement":[{"@type":"ListItem","position":1,"name":"Home","item":"https:\/\/www.elke-groeger.de\/selbstfuehrung\/"},{"@type":"ListItem","position":2,"name":"Leistungen Elke Groeger"}]},{"@type":"WebSite","@id":"https:\/\/www.elke-groeger.de\/selbstfuehrung\/#website","url":"https:\/\/www.elke-groeger.de\/selbstfuehrung\/","name":"Die Expertin f\u00fcr Selbstf\u00fchrung","description":"","potentialAction":[{"@type":"SearchAction","target":{"@type":"EntryPoint","urlTemplate":"https:\/\/www.elke-groeger.de\/selbstfuehrung\/?s={search_term_string}"},"query-input":{"@type":"PropertyValueSpecification","valueRequired":true,"valueName":"search_term_string"}}],"inLanguage":"de"}]}},"_links":{"self":[{"href":"https:\/\/www.elke-groeger.de\/selbstfuehrung\/wp-json\/wp\/v2\/pages\/4314","targetHints":{"allow":["GET"]}}],"collection":[{"href":"https:\/\/www.elke-groeger.de\/selbstfuehrung\/wp-json\/wp\/v2\/pages"}],"about":[{"href":"https:\/\/www.elke-groeger.de\/selbstfuehrung\/wp-json\/wp\/v2\/types\/page"}],"author":[{"embeddable":true,"href":"https:\/\/www.elke-groeger.de\/selbstfuehrung\/wp-json\/wp\/v2\/users\/2"}],"replies":[{"embeddable":true,"href":"https:\/\/www.elke-groeger.de\/selbstfuehrung\/wp-json\/wp\/v2\/comments?post=4314"}],"version-history":[{"count":3,"href":"https:\/\/www.elke-groeger.de\/selbstfuehrung\/wp-json\/wp\/v2\/pages\/4314\/revisions"}],"predecessor-version":[{"id":8499,"href":"https:\/\/www.elke-groeger.de\/selbstfuehrung\/wp-json\/wp\/v2\/pages\/4314\/revisions\/8499"}],"wp:attachment":[{"href":"https:\/\/www.elke-groeger.de\/selbstfuehrung\/wp-json\/wp\/v2\/media?parent=4314"}],"curies":[{"name":"wp","href":"https:\/\/api.w.org\/{rel}","templated":true}]}}