{"id":3707,"date":"2017-08-02T09:34:27","date_gmt":"2017-08-02T07:34:27","guid":{"rendered":"https:\/\/www.elke-groeger.de\/geschaeftskunden\/?page_id=3707"},"modified":"2025-06-05T20:34:26","modified_gmt":"2025-06-05T18:34:26","slug":"datenschutz","status":"publish","type":"page","link":"https:\/\/www.elke-groeger.de\/selbstfuehrung\/datenschutz\/","title":{"rendered":"Datenschutz"},"content":{"rendered":"<div class=\"wpb-content-wrapper\"><\/div>","protected":false},"excerpt":{"rendered":"","protected":false},"author":2,"featured_media":0,"parent":0,"menu_order":0,"comment_status":"closed","ping_status":"closed","template":"","meta":{"wp_typography_post_enhancements_disabled":false,"footnotes":""},"class_list":["post-3707","page","type-page","status-publish","hentry"],"yoast_head":"<!-- This site is optimized with the Yoast SEO plugin v27.5 - https:\/\/yoast.com\/product\/yoast-seo-wordpress\/ -->\n<title>Datenschutz - Die Expertin f\u00fcr Selbstf\u00fchrung<\/title>\n<meta name=\"robots\" content=\"noindex, nofollow\" \/>\n<meta property=\"og:locale\" content=\"de_DE\" \/>\n<meta property=\"og:type\" content=\"article\" \/>\n<meta property=\"og:title\" content=\"Datenschutz - Die Expertin f\u00fcr Selbstf\u00fchrung\" \/>\n<meta property=\"og:url\" content=\"https:\/\/www.elke-groeger.de\/selbstfuehrung\/datenschutz\/\" \/>\n<meta property=\"og:site_name\" content=\"Die Expertin f\u00fcr Selbstf\u00fchrung\" \/>\n<meta property=\"article:modified_time\" content=\"2025-06-05T18:34:26+00:00\" \/>\n<meta name=\"twitter:card\" content=\"summary_large_image\" \/>\n<meta name=\"twitter:label1\" content=\"Gesch\u00e4tzte Lesezeit\" \/>\n\t<meta name=\"twitter:data1\" content=\"1\u00a0Minute\" \/>\n<script type=\"application\/ld+json\" class=\"yoast-schema-graph\">{\"@context\":\"https:\\\/\\\/schema.org\",\"@graph\":[{\"@type\":\"WebPage\",\"@id\":\"https:\\\/\\\/www.elke-groeger.de\\\/selbstfuehrung\\\/datenschutz\\\/\",\"url\":\"https:\\\/\\\/www.elke-groeger.de\\\/selbstfuehrung\\\/datenschutz\\\/\",\"name\":\"Datenschutz - Die Expertin f\u00fcr Selbstf\u00fchrung\",\"isPartOf\":{\"@id\":\"https:\\\/\\\/www.elke-groeger.de\\\/selbstfuehrung\\\/#website\"},\"datePublished\":\"2017-08-02T07:34:27+00:00\",\"dateModified\":\"2025-06-05T18:34:26+00:00\",\"breadcrumb\":{\"@id\":\"https:\\\/\\\/www.elke-groeger.de\\\/selbstfuehrung\\\/datenschutz\\\/#breadcrumb\"},\"inLanguage\":\"de\",\"potentialAction\":[{\"@type\":\"ReadAction\",\"target\":[\"https:\\\/\\\/www.elke-groeger.de\\\/selbstfuehrung\\\/datenschutz\\\/\"]}]},{\"@type\":\"BreadcrumbList\",\"@id\":\"https:\\\/\\\/www.elke-groeger.de\\\/selbstfuehrung\\\/datenschutz\\\/#breadcrumb\",\"itemListElement\":[{\"@type\":\"ListItem\",\"position\":1,\"name\":\"Home\",\"item\":\"https:\\\/\\\/www.elke-groeger.de\\\/selbstfuehrung\\\/\"},{\"@type\":\"ListItem\",\"position\":2,\"name\":\"Datenschutz\"}]},{\"@type\":\"WebSite\",\"@id\":\"https:\\\/\\\/www.elke-groeger.de\\\/selbstfuehrung\\\/#website\",\"url\":\"https:\\\/\\\/www.elke-groeger.de\\\/selbstfuehrung\\\/\",\"name\":\"Die Expertin f\u00fcr Selbstf\u00fchrung\",\"description\":\"\",\"potentialAction\":[{\"@type\":\"SearchAction\",\"target\":{\"@type\":\"EntryPoint\",\"urlTemplate\":\"https:\\\/\\\/www.elke-groeger.de\\\/selbstfuehrung\\\/?s={search_term_string}\"},\"query-input\":{\"@type\":\"PropertyValueSpecification\",\"valueRequired\":true,\"valueName\":\"search_term_string\"}}],\"inLanguage\":\"de\"}]}<\/script>\n<!-- \/ Yoast SEO plugin. -->","yoast_head_json":{"title":"Datenschutz - Die Expertin f\u00fcr Selbstf\u00fchrung","robots":{"index":"noindex","follow":"nofollow"},"og_locale":"de_DE","og_type":"article","og_title":"Datenschutz - Die Expertin f\u00fcr Selbstf\u00fchrung","og_url":"https:\/\/www.elke-groeger.de\/selbstfuehrung\/datenschutz\/","og_site_name":"Die Expertin f\u00fcr Selbstf\u00fchrung","article_modified_time":"2025-06-05T18:34:26+00:00","twitter_card":"summary_large_image","twitter_misc":{"Gesch\u00e4tzte Lesezeit":"1\u00a0Minute"},"schema":{"@context":"https:\/\/schema.org","@graph":[{"@type":"WebPage","@id":"https:\/\/www.elke-groeger.de\/selbstfuehrung\/datenschutz\/","url":"https:\/\/www.elke-groeger.de\/selbstfuehrung\/datenschutz\/","name":"Datenschutz - Die Expertin f\u00fcr Selbstf\u00fchrung","isPartOf":{"@id":"https:\/\/www.elke-groeger.de\/selbstfuehrung\/#website"},"datePublished":"2017-08-02T07:34:27+00:00","dateModified":"2025-06-05T18:34:26+00:00","breadcrumb":{"@id":"https:\/\/www.elke-groeger.de\/selbstfuehrung\/datenschutz\/#breadcrumb"},"inLanguage":"de","potentialAction":[{"@type":"ReadAction","target":["https:\/\/www.elke-groeger.de\/selbstfuehrung\/datenschutz\/"]}]},{"@type":"BreadcrumbList","@id":"https:\/\/www.elke-groeger.de\/selbstfuehrung\/datenschutz\/#breadcrumb","itemListElement":[{"@type":"ListItem","position":1,"name":"Home","item":"https:\/\/www.elke-groeger.de\/selbstfuehrung\/"},{"@type":"ListItem","position":2,"name":"Datenschutz"}]},{"@type":"WebSite","@id":"https:\/\/www.elke-groeger.de\/selbstfuehrung\/#website","url":"https:\/\/www.elke-groeger.de\/selbstfuehrung\/","name":"Die Expertin f\u00fcr Selbstf\u00fchrung","description":"","potentialAction":[{"@type":"SearchAction","target":{"@type":"EntryPoint","urlTemplate":"https:\/\/www.elke-groeger.de\/selbstfuehrung\/?s={search_term_string}"},"query-input":{"@type":"PropertyValueSpecification","valueRequired":true,"valueName":"search_term_string"}}],"inLanguage":"de"}]}},"_links":{"self":[{"href":"https:\/\/www.elke-groeger.de\/selbstfuehrung\/wp-json\/wp\/v2\/pages\/3707","targetHints":{"allow":["GET"]}}],"collection":[{"href":"https:\/\/www.elke-groeger.de\/selbstfuehrung\/wp-json\/wp\/v2\/pages"}],"about":[{"href":"https:\/\/www.elke-groeger.de\/selbstfuehrung\/wp-json\/wp\/v2\/types\/page"}],"author":[{"embeddable":true,"href":"https:\/\/www.elke-groeger.de\/selbstfuehrung\/wp-json\/wp\/v2\/users\/2"}],"replies":[{"embeddable":true,"href":"https:\/\/www.elke-groeger.de\/selbstfuehrung\/wp-json\/wp\/v2\/comments?post=3707"}],"version-history":[{"count":28,"href":"https:\/\/www.elke-groeger.de\/selbstfuehrung\/wp-json\/wp\/v2\/pages\/3707\/revisions"}],"predecessor-version":[{"id":8498,"href":"https:\/\/www.elke-groeger.de\/selbstfuehrung\/wp-json\/wp\/v2\/pages\/3707\/revisions\/8498"}],"wp:attachment":[{"href":"https:\/\/www.elke-groeger.de\/selbstfuehrung\/wp-json\/wp\/v2\/media?parent=3707"}],"curies":[{"name":"wp","href":"https:\/\/api.w.org\/{rel}","templated":true}]}}