{"id":3689,"date":"2017-08-01T17:44:36","date_gmt":"2017-08-01T15:44:36","guid":{"rendered":"https:\/\/www.elke-groeger.de\/geschaeftskunden\/?page_id=3689"},"modified":"2025-06-05T20:13:28","modified_gmt":"2025-06-05T18:13:28","slug":"impressum","status":"publish","type":"page","link":"https:\/\/www.elke-groeger.de\/selbstfuehrung\/impressum\/","title":{"rendered":"Impressum"},"content":{"rendered":"<div class=\"wpb-content-wrapper\"><h3><\/h3>\n<h3 style=\"vertical-align: baseline;\"><span style=\"color: #30a1b1;\"><strong>Quellenangaben f\u00fcr Bildmaterial:<\/strong><\/span><\/h3>\n[\/vc_column_text][vc_empty_space height=\u201c18px\u201d][vc_column_text]<span style=\"font-size: 12pt; color: #04263f;\">Die Nut\u00adzungs\u00adrech\u00adte des ver\u00adwen\u00adde\u00adten Bild\u00adma\u00adte\u00adri\u00adals sind&nbsp;ent\u00adwe\u00adder im per\u00ads\u00f6n\u00adli\u00adchen Besitz von Elke Groe\u00adger oder wur\u00adden bei einer Bild\u00adagen\u00adtur k\u00e4uf\u00adlich erwor\u00adben.<\/span>[\/vc_column_text][vc_empty_space height=\u201c18px\u201d][vc_column_text]<span style=\"font-size: 12pt; color: #04263f;\"><strong>Ein\u00adzel\u00adnach\u00adwei\u00adse:<\/strong><\/span>[\/vc_column_text][vc_empty_space height=\u201c18px\u201d][vc_column_text]\n<p style=\"text-align: justify;\"><span style=\"font-size: 10pt; color: #04263f;\"><strong>Titel-Hin\u00adter\u00adgrund\u00adbil\u00adder<\/strong><br>\nUrhe\u00adber: Peter Schilling<\/span><\/p>\n<p><span style=\"font-size: 10pt; color: #04263f;\"><strong>Bera\u00adtung, Business-Coaching<\/strong><\/span><br>\n<span style=\"font-size: 10pt; color: #04263f;\">Urhe\u00adber: Peter Schilling<\/span><\/p>\n<p><span style=\"font-size: 10pt; color: #04263f;\"><strong>Semi\u00adna\u00adre-Work\u00adshops<\/strong><\/span><br>\n<span style=\"font-size: 10pt; color: #04263f;\">Urhe\u00adber: Tho\u00admas Krauss<\/span><\/p>\n<p><span style=\"font-size: 10pt; color: #04263f;\"><strong>Vor\u00adtr\u00e4\u00adge<\/strong><\/span><br>\n<span style=\"font-size: 10pt; color: #04263f;\">Urhe\u00adber: Pr\u00e4\u00adsi\u00addi\u00adum Tech\u00adnik, Logis\u00adtik, Ser\u00advice der Polizei<\/span><\/p>\n<p><span style=\"font-size: 10pt; color: #04263f;\"><strong>Impuls\u00adBlog<\/strong><br>\nBild: #29995498 | Urhe\u00adber:&nbsp; car\u00adl\u00ados\u00adcastil\u00adla \u2013 fotolia.com<br>\nBild: #133693727 | Urhe\u00adber: serge\u2011b \u2013 fotolia.com<br>\nBild:&nbsp;<\/span><span style=\"font-size: 10pt;\">#144265058 | Urhe\u00adber:&nbsp;J\u00fcr\u00adgen F\u00e4lch\u00adle \u2013 fotolia.com<br>\nBild:&nbsp;#212260074 | Urhe\u00adber:&nbsp;deni\u00adsis\u00adma\u00adgi\u00adl\u00adov \u2013 fotolia.com<br>\nBild: #120305871 | Urhe\u00adber:&nbsp;ken\u00adtoh \u2013 fotolia.com<\/span>[\/vc_column_text][vc_empty_space height=\u201c18px\u201d][vc_empty_space height=\u201c18px\u201d][vc_column_text]\n<\/p><h3 style=\"vertical-align: baseline;\"><span style=\"color: #30a1b1;\"><strong>Werbung und Sponsoring:<\/strong><\/span><\/h3>\n[\/vc_column_text][vc_empty_space height=\u201c18px\u201d][vc_column_text]\n<p style=\"background: white; vertical-align: baseline;\"><span style=\"font-size: 12pt; color: #04263f;\">Die\u00adse Web\u00adsite ist wer\u00adbe\u00adfrei und eigen\u00adfi\u00adnan\u00adziert, es gibt kei\u00adnen Sponsor.<\/span><\/p>\n[\/vc_column_text][vc_empty_space height=\u201c18px\u201d][vc_empty_space height=\u201c18px\u201d][vc_column_text]\n<p style=\"background: white; vertical-align: baseline;\"><span style=\"font-size: 14pt; color: #04263f;\">Hier geht es zur <a href=\"https:\/\/www.elke-groeger.de\/selbstfuehrung\/datenschutz\/\" target=\"_blank\" rel=\"noopener noreferrer\"><strong>Daten\u00adschutz\u00ader\u00adkl\u00e4\u00adrung<\/strong><\/a><\/span><\/p>\n[\/vc_column_text][vc_empty_space height=\u201c18px\u201d][vc_empty_space height=\u201c18px\u201d][vc_empty_space height=\u201c18px\u201d][\/vc_column][\/vc_row]\n<\/div>","protected":false},"excerpt":{"rendered":"<p>Quel\u00adlen\u00adan\u00adga\u00adben f\u00fcr Bild\u00adma\u00adte\u00adri\u00adal: [\/vc_column_text][vc_empty_space height=\u201c18px\u201d][vc_column_text]Die Nut\u00adzungs\u00adrech\u00adte des ver\u00adwen\u00adde\u00adten Bild\u00adma\u00adte\u00adri\u00adals sind&nbsp;ent\u00adwe\u00adder im per\u00ads\u00f6n\u00adli\u00adchen Besitz von Elke Groe\u00adger oder wur\u00adden bei&nbsp;einer\u2026<\/p>\n","protected":false},"author":2,"featured_media":0,"parent":0,"menu_order":0,"comment_status":"closed","ping_status":"closed","template":"","meta":{"wp_typography_post_enhancements_disabled":false,"footnotes":""},"class_list":["post-3689","page","type-page","status-publish","hentry"],"yoast_head":"<!-- This site is optimized with the Yoast SEO plugin v27.6 - https:\/\/yoast.com\/product\/yoast-seo-wordpress\/ -->\n<title>Impressum - Die Expertin f\u00fcr Selbstf\u00fchrung<\/title>\n<meta name=\"robots\" content=\"index, follow, max-snippet:-1, max-image-preview:large, max-video-preview:-1\" \/>\n<link rel=\"canonical\" href=\"https:\/\/www.elke-groeger.de\/selbstfuehrung\/impressum\/\" \/>\n<meta property=\"og:locale\" content=\"de_DE\" \/>\n<meta property=\"og:type\" content=\"article\" \/>\n<meta property=\"og:title\" content=\"Impressum - Die Expertin f\u00fcr Selbstf\u00fchrung\" \/>\n<meta property=\"og:description\" content=\"Quellenangaben f\u00fcr Bildmaterial: [\/vc_column_text][vc_empty_space height=\u201c18px\u201d][vc_column_text]Die Nut\u00adzungs\u00adrech\u00adte des ver\u00adwen\u00adde\u00adten Bild\u00adma\u00adte\u00adri\u00adals sind&nbsp;ent\u00adwe\u00adder im per\u00ads\u00f6n\u00adli\u00adchen Besitz von Elke Groe\u00adger oder wur\u00adden bei einer...\" \/>\n<meta property=\"og:url\" content=\"https:\/\/www.elke-groeger.de\/selbstfuehrung\/impressum\/\" \/>\n<meta property=\"og:site_name\" content=\"Die Expertin f\u00fcr Selbstf\u00fchrung\" \/>\n<meta property=\"article:modified_time\" content=\"2025-06-05T18:13:28+00:00\" \/>\n<meta name=\"twitter:card\" content=\"summary_large_image\" \/>\n<meta name=\"twitter:label1\" content=\"Gesch\u00e4tzte Lesezeit\" \/>\n\t<meta name=\"twitter:data1\" content=\"1\u00a0Minute\" \/>\n<script type=\"application\/ld+json\" class=\"yoast-schema-graph\">{\"@context\":\"https:\\\/\\\/schema.org\",\"@graph\":[{\"@type\":\"WebPage\",\"@id\":\"https:\\\/\\\/www.elke-groeger.de\\\/selbstfuehrung\\\/impressum\\\/\",\"url\":\"https:\\\/\\\/www.elke-groeger.de\\\/selbstfuehrung\\\/impressum\\\/\",\"name\":\"Impressum - Die Expertin f\u00fcr Selbstf\u00fchrung\",\"isPartOf\":{\"@id\":\"https:\\\/\\\/www.elke-groeger.de\\\/selbstfuehrung\\\/#website\"},\"datePublished\":\"2017-08-01T15:44:36+00:00\",\"dateModified\":\"2025-06-05T18:13:28+00:00\",\"breadcrumb\":{\"@id\":\"https:\\\/\\\/www.elke-groeger.de\\\/selbstfuehrung\\\/impressum\\\/#breadcrumb\"},\"inLanguage\":\"de\",\"potentialAction\":[{\"@type\":\"ReadAction\",\"target\":[\"https:\\\/\\\/www.elke-groeger.de\\\/selbstfuehrung\\\/impressum\\\/\"]}]},{\"@type\":\"BreadcrumbList\",\"@id\":\"https:\\\/\\\/www.elke-groeger.de\\\/selbstfuehrung\\\/impressum\\\/#breadcrumb\",\"itemListElement\":[{\"@type\":\"ListItem\",\"position\":1,\"name\":\"Home\",\"item\":\"https:\\\/\\\/www.elke-groeger.de\\\/selbstfuehrung\\\/\"},{\"@type\":\"ListItem\",\"position\":2,\"name\":\"Impressum\"}]},{\"@type\":\"WebSite\",\"@id\":\"https:\\\/\\\/www.elke-groeger.de\\\/selbstfuehrung\\\/#website\",\"url\":\"https:\\\/\\\/www.elke-groeger.de\\\/selbstfuehrung\\\/\",\"name\":\"Die Expertin f\u00fcr Selbstf\u00fchrung\",\"description\":\"\",\"potentialAction\":[{\"@type\":\"SearchAction\",\"target\":{\"@type\":\"EntryPoint\",\"urlTemplate\":\"https:\\\/\\\/www.elke-groeger.de\\\/selbstfuehrung\\\/?s={search_term_string}\"},\"query-input\":{\"@type\":\"PropertyValueSpecification\",\"valueRequired\":true,\"valueName\":\"search_term_string\"}}],\"inLanguage\":\"de\"}]}<\/script>\n<!-- \/ Yoast SEO plugin. -->","yoast_head_json":{"title":"Impressum - Die Expertin f\u00fcr Selbstf\u00fchrung","robots":{"index":"index","follow":"follow","max-snippet":"max-snippet:-1","max-image-preview":"max-image-preview:large","max-video-preview":"max-video-preview:-1"},"canonical":"https:\/\/www.elke-groeger.de\/selbstfuehrung\/impressum\/","og_locale":"de_DE","og_type":"article","og_title":"Impressum - Die Expertin f\u00fcr Selbstf\u00fchrung","og_description":"Quellenangaben f\u00fcr Bildmaterial: [\/vc_column_text][vc_empty_space height=\u201c18px\u201d][vc_column_text]Die Nut\u00adzungs\u00adrech\u00adte des ver\u00adwen\u00adde\u00adten Bild\u00adma\u00adte\u00adri\u00adals sind&nbsp;ent\u00adwe\u00adder im per\u00ads\u00f6n\u00adli\u00adchen Besitz von Elke Groe\u00adger oder wur\u00adden bei einer...","og_url":"https:\/\/www.elke-groeger.de\/selbstfuehrung\/impressum\/","og_site_name":"Die Expertin f\u00fcr Selbstf\u00fchrung","article_modified_time":"2025-06-05T18:13:28+00:00","twitter_card":"summary_large_image","twitter_misc":{"Gesch\u00e4tzte Lesezeit":"1\u00a0Minute"},"schema":{"@context":"https:\/\/schema.org","@graph":[{"@type":"WebPage","@id":"https:\/\/www.elke-groeger.de\/selbstfuehrung\/impressum\/","url":"https:\/\/www.elke-groeger.de\/selbstfuehrung\/impressum\/","name":"Impressum - Die Expertin f\u00fcr Selbstf\u00fchrung","isPartOf":{"@id":"https:\/\/www.elke-groeger.de\/selbstfuehrung\/#website"},"datePublished":"2017-08-01T15:44:36+00:00","dateModified":"2025-06-05T18:13:28+00:00","breadcrumb":{"@id":"https:\/\/www.elke-groeger.de\/selbstfuehrung\/impressum\/#breadcrumb"},"inLanguage":"de","potentialAction":[{"@type":"ReadAction","target":["https:\/\/www.elke-groeger.de\/selbstfuehrung\/impressum\/"]}]},{"@type":"BreadcrumbList","@id":"https:\/\/www.elke-groeger.de\/selbstfuehrung\/impressum\/#breadcrumb","itemListElement":[{"@type":"ListItem","position":1,"name":"Home","item":"https:\/\/www.elke-groeger.de\/selbstfuehrung\/"},{"@type":"ListItem","position":2,"name":"Impressum"}]},{"@type":"WebSite","@id":"https:\/\/www.elke-groeger.de\/selbstfuehrung\/#website","url":"https:\/\/www.elke-groeger.de\/selbstfuehrung\/","name":"Die Expertin f\u00fcr Selbstf\u00fchrung","description":"","potentialAction":[{"@type":"SearchAction","target":{"@type":"EntryPoint","urlTemplate":"https:\/\/www.elke-groeger.de\/selbstfuehrung\/?s={search_term_string}"},"query-input":{"@type":"PropertyValueSpecification","valueRequired":true,"valueName":"search_term_string"}}],"inLanguage":"de"}]}},"_links":{"self":[{"href":"https:\/\/www.elke-groeger.de\/selbstfuehrung\/wp-json\/wp\/v2\/pages\/3689","targetHints":{"allow":["GET"]}}],"collection":[{"href":"https:\/\/www.elke-groeger.de\/selbstfuehrung\/wp-json\/wp\/v2\/pages"}],"about":[{"href":"https:\/\/www.elke-groeger.de\/selbstfuehrung\/wp-json\/wp\/v2\/types\/page"}],"author":[{"embeddable":true,"href":"https:\/\/www.elke-groeger.de\/selbstfuehrung\/wp-json\/wp\/v2\/users\/2"}],"replies":[{"embeddable":true,"href":"https:\/\/www.elke-groeger.de\/selbstfuehrung\/wp-json\/wp\/v2\/comments?post=3689"}],"version-history":[{"count":8,"href":"https:\/\/www.elke-groeger.de\/selbstfuehrung\/wp-json\/wp\/v2\/pages\/3689\/revisions"}],"predecessor-version":[{"id":8495,"href":"https:\/\/www.elke-groeger.de\/selbstfuehrung\/wp-json\/wp\/v2\/pages\/3689\/revisions\/8495"}],"wp:attachment":[{"href":"https:\/\/www.elke-groeger.de\/selbstfuehrung\/wp-json\/wp\/v2\/media?parent=3689"}],"curies":[{"name":"wp","href":"https:\/\/api.w.org\/{rel}","templated":true}]}}