{"id":504,"date":"2015-07-03T21:56:10","date_gmt":"2015-07-03T19:56:10","guid":{"rendered":"https:\/\/www.elke-groeger.de\/?page_id=504"},"modified":"2017-12-04T09:49:08","modified_gmt":"2017-12-04T08:49:08","slug":"bewusstheit-im-handeln","status":"publish","type":"page","link":"https:\/\/www.elke-groeger.de\/privatkunden\/leitbild\/bewusstheit-im-handeln\/","title":{"rendered":"Bewusstheit im Handeln"},"content":{"rendered":"<p class=\"spruch text\"><span style=\"color: #000000;\" title=\"Klick f\u00fcr Detailanzeige\"><strong><br \/>\n<\/strong><span style=\"color: #800080;\"><em>&#8222;Entscheidend ist, aus welchem Geist wir handeln.&#8220;<br \/>\n(Paul Schibler \u2013 Schweizer Aphoristiker, Verfasser von Sinn-<br \/>\nspr\u00fcchen)<strong><br \/>\n<\/strong><\/em><\/span><\/span><\/p>\n<p><span style=\"color: #800080;\"><strong>Was ich beobachte:<\/strong><\/span><\/p>\n<ul>\n<li>In unserer Leistungsgesellschaft herrscht Funktionieren vor, wenige kennen ihre eigenen, wahren Ziele im Leben.<\/li>\n<li>Viele gehen ihren Pflichten nach, um die Ziele anderer zu erf\u00fcllen.<\/li>\n<li>Trotz zahlreicher Ver\u00e4nderungen und Entwicklungen dominiert das patriarchalische Prinzip, das weibliche Prinzip hat in meinen Augen immer noch nicht seine angemessene Bedeutung, beides hat jedoch seine Berechtigung (Dualit\u00e4t).<\/li>\n<li>So bezeichnet auch Prof. Dr. Dieter Frey, akademischer Leiter des LMU Center for Leadership and People Management an der Ludwig-Maximilians-Universit\u00e4t M\u00fcnchen\u00a0die ideale F\u00fchrungskraft folgenderma\u00dfen:<br \/>\nWissenschaftler nennen sie \u201eandrogyn\u201c. Sie verf\u00fcgt sowohl \u00fcber typisch m\u00e4nnliche Eigenschaften wie Durchsetzungsst\u00e4rke, klares Positionieren und strategisches Denken als auch typisch weibliche Merkmale wie Beobachtungsgabe, Zuh\u00f6renk\u00f6nnen und Empathie. Dieser Manager ist vergleichbar mit einem Dirigenten, der seinem Orchester Orientierung vorgibt, dabei aber den Einzelnen gro\u00df werden l\u00e4sst.<\/li>\n<li>Leider sind viele Unternehmen sehr \u201eKennzahlen-gesteuert\u201c, und das menschliche Miteinander und die Potenziale Einzelner geraten dadurch oftmals ins Abseits.<\/li>\n<\/ul>\n<p><span style=\"color: #800080;\"><strong>Wozu ich Sie inspirieren m\u00f6chte:<\/strong><\/span><\/p>\n<ul>\n<li>Ein Gef\u00fchl daf\u00fcr entwickeln, wie Ihr Gegen\u00fcber \u201etickt\u201c.<\/li>\n<li>Dualit\u00e4t zu leben, denn jeder hat m\u00e4nnliche und weibliche Anteile in sich. Diese gilt es, zu erkennen, akzeptieren und leben.<\/li>\n<li>Authentisch zu leben und zu handeln entsprechend Ihrer eigenen Bed\u00fcrfnisse, W\u00fcnsche und Ziele.<\/li>\n<li>Jeder hat eigene Ans\u00e4tze, Potenziale und L\u00f6sungswege.<\/li>\n<li>Unternehmen m\u00f6chte ich inspirieren, mehr auf die Individualit\u00e4t der Mitarbeiter einzugehen.<\/li>\n<\/ul>\n<p><strong><span style=\"color: #800080;\">Was ich Ihnen anbiete:<\/span><\/strong><\/p>\n<ul>\n<li>Einzelsitzungen<\/li>\n<li>Gruppen<\/li>\n<li>Kurse<\/li>\n<li>Kurse f\u00fcr Frauen, um das weibliche Potenzial zu f\u00f6rdern und zu st\u00e4rken<\/li>\n<li>Vortr\u00e4ge<\/li>\n<li>Paartherapie<\/li>\n<li>Beitrage auf meiner Homepage<\/li>\n<li>Schule sorglos-Coaching<\/li>\n<\/ul>\n","protected":false},"excerpt":{"rendered":"<p>&#8222;Entscheidend ist, aus welchem Geist wir handeln.&#8220; (Paul Schibler \u2013 Schweizer Aphoristiker, Verfasser von Sinn- spr\u00fcchen) Was ich beobachte: In&#8230;<\/p>\n","protected":false},"author":2,"featured_media":0,"parent":96,"menu_order":0,"comment_status":"closed","ping_status":"closed","template":"","meta":{"footnotes":""},"class_list":["post-504","page","type-page","status-publish","hentry"],"yoast_head":"<!-- This site is optimized with the Yoast SEO plugin v27.3 - https:\/\/yoast.com\/product\/yoast-seo-wordpress\/ -->\n<title>Bewusstheit im Handeln - HeldenWege - Elke Groeger<\/title>\n<meta name=\"robots\" content=\"index, follow, max-snippet:-1, max-image-preview:large, max-video-preview:-1\" \/>\n<link rel=\"canonical\" href=\"https:\/\/www.elke-groeger.de\/privatkunden\/leitbild\/bewusstheit-im-handeln\/\" \/>\n<meta property=\"og:locale\" content=\"de_DE\" \/>\n<meta property=\"og:type\" content=\"article\" \/>\n<meta property=\"og:title\" content=\"Bewusstheit im Handeln - HeldenWege - Elke Groeger\" \/>\n<meta property=\"og:description\" content=\"&#8222;Entscheidend ist, aus welchem Geist wir handeln.&#8220; (Paul Schibler \u2013 Schweizer Aphoristiker, Verfasser von Sinn- spr\u00fcchen) Was ich beobachte: In...\" \/>\n<meta property=\"og:url\" content=\"https:\/\/www.elke-groeger.de\/privatkunden\/leitbild\/bewusstheit-im-handeln\/\" \/>\n<meta property=\"og:site_name\" content=\"HeldenWege - Elke Groeger\" \/>\n<meta property=\"article:publisher\" content=\"https:\/\/www.facebook.com\/ElkeGroegerStuttgart\/\" \/>\n<meta property=\"article:modified_time\" content=\"2017-12-04T08:49:08+00:00\" \/>\n<meta name=\"twitter:card\" content=\"summary_large_image\" \/>\n<meta name=\"twitter:label1\" content=\"Gesch\u00e4tzte Lesezeit\" \/>\n\t<meta name=\"twitter:data1\" content=\"1\u00a0Minute\" \/>\n<script type=\"application\/ld+json\" class=\"yoast-schema-graph\">{\"@context\":\"https:\\\/\\\/schema.org\",\"@graph\":[{\"@type\":\"WebPage\",\"@id\":\"https:\\\/\\\/www.elke-groeger.de\\\/privatkunden\\\/leitbild\\\/bewusstheit-im-handeln\\\/\",\"url\":\"https:\\\/\\\/www.elke-groeger.de\\\/privatkunden\\\/leitbild\\\/bewusstheit-im-handeln\\\/\",\"name\":\"Bewusstheit im Handeln - HeldenWege - Elke Groeger\",\"isPartOf\":{\"@id\":\"https:\\\/\\\/www.elke-groeger.de\\\/privatkunden\\\/#website\"},\"datePublished\":\"2015-07-03T19:56:10+00:00\",\"dateModified\":\"2017-12-04T08:49:08+00:00\",\"breadcrumb\":{\"@id\":\"https:\\\/\\\/www.elke-groeger.de\\\/privatkunden\\\/leitbild\\\/bewusstheit-im-handeln\\\/#breadcrumb\"},\"inLanguage\":\"de\",\"potentialAction\":[{\"@type\":\"ReadAction\",\"target\":[\"https:\\\/\\\/www.elke-groeger.de\\\/privatkunden\\\/leitbild\\\/bewusstheit-im-handeln\\\/\"]}]},{\"@type\":\"BreadcrumbList\",\"@id\":\"https:\\\/\\\/www.elke-groeger.de\\\/privatkunden\\\/leitbild\\\/bewusstheit-im-handeln\\\/#breadcrumb\",\"itemListElement\":[{\"@type\":\"ListItem\",\"position\":1,\"name\":\"Home\",\"item\":\"https:\\\/\\\/www.elke-groeger.de\\\/privatkunden\\\/\"},{\"@type\":\"ListItem\",\"position\":2,\"name\":\"Bewusstheit f\u00f6rdern \u2014 Potenziale entfalten\",\"item\":\"https:\\\/\\\/www.elke-groeger.de\\\/privatkunden\\\/?page_id=96\"},{\"@type\":\"ListItem\",\"position\":3,\"name\":\"Bewusstheit im Handeln\"}]},{\"@type\":\"WebSite\",\"@id\":\"https:\\\/\\\/www.elke-groeger.de\\\/privatkunden\\\/#website\",\"url\":\"https:\\\/\\\/www.elke-groeger.de\\\/privatkunden\\\/\",\"name\":\"HeldenWege - Elke Groeger\",\"description\":\"Bewusstsein f\u00f6rdern, Potenziale entfalten\",\"publisher\":{\"@id\":\"https:\\\/\\\/www.elke-groeger.de\\\/privatkunden\\\/#organization\"},\"potentialAction\":[{\"@type\":\"SearchAction\",\"target\":{\"@type\":\"EntryPoint\",\"urlTemplate\":\"https:\\\/\\\/www.elke-groeger.de\\\/privatkunden\\\/?s={search_term_string}\"},\"query-input\":{\"@type\":\"PropertyValueSpecification\",\"valueRequired\":true,\"valueName\":\"search_term_string\"}}],\"inLanguage\":\"de\"},{\"@type\":\"Organization\",\"@id\":\"https:\\\/\\\/www.elke-groeger.de\\\/privatkunden\\\/#organization\",\"name\":\"Elke Groeger - Heilpraktikerin (Psychotherapie), Personal Coach\",\"url\":\"https:\\\/\\\/www.elke-groeger.de\\\/privatkunden\\\/\",\"logo\":{\"@type\":\"ImageObject\",\"inLanguage\":\"de\",\"@id\":\"https:\\\/\\\/www.elke-groeger.de\\\/privatkunden\\\/#\\\/schema\\\/logo\\\/image\\\/\",\"url\":\"https:\\\/\\\/www.elke-groeger.de\\\/privatkunden\\\/wp-content\\\/uploads\\\/2017\\\/11\\\/Elke-Groeger-Psychotherapie-Stuttgart.png\",\"contentUrl\":\"https:\\\/\\\/www.elke-groeger.de\\\/privatkunden\\\/wp-content\\\/uploads\\\/2017\\\/11\\\/Elke-Groeger-Psychotherapie-Stuttgart.png\",\"width\":502,\"height\":140,\"caption\":\"Elke Groeger - Heilpraktikerin (Psychotherapie), Personal Coach\"},\"image\":{\"@id\":\"https:\\\/\\\/www.elke-groeger.de\\\/privatkunden\\\/#\\\/schema\\\/logo\\\/image\\\/\"},\"sameAs\":[\"https:\\\/\\\/www.facebook.com\\\/ElkeGroegerStuttgart\\\/\"]}]}<\/script>\n<!-- \/ Yoast SEO plugin. -->","yoast_head_json":{"title":"Bewusstheit im Handeln - HeldenWege - Elke Groeger","robots":{"index":"index","follow":"follow","max-snippet":"max-snippet:-1","max-image-preview":"max-image-preview:large","max-video-preview":"max-video-preview:-1"},"canonical":"https:\/\/www.elke-groeger.de\/privatkunden\/leitbild\/bewusstheit-im-handeln\/","og_locale":"de_DE","og_type":"article","og_title":"Bewusstheit im Handeln - HeldenWege - Elke Groeger","og_description":"&#8222;Entscheidend ist, aus welchem Geist wir handeln.&#8220; (Paul Schibler \u2013 Schweizer Aphoristiker, Verfasser von Sinn- spr\u00fcchen) Was ich beobachte: In...","og_url":"https:\/\/www.elke-groeger.de\/privatkunden\/leitbild\/bewusstheit-im-handeln\/","og_site_name":"HeldenWege - Elke Groeger","article_publisher":"https:\/\/www.facebook.com\/ElkeGroegerStuttgart\/","article_modified_time":"2017-12-04T08:49:08+00:00","twitter_card":"summary_large_image","twitter_misc":{"Gesch\u00e4tzte Lesezeit":"1\u00a0Minute"},"schema":{"@context":"https:\/\/schema.org","@graph":[{"@type":"WebPage","@id":"https:\/\/www.elke-groeger.de\/privatkunden\/leitbild\/bewusstheit-im-handeln\/","url":"https:\/\/www.elke-groeger.de\/privatkunden\/leitbild\/bewusstheit-im-handeln\/","name":"Bewusstheit im Handeln - HeldenWege - Elke Groeger","isPartOf":{"@id":"https:\/\/www.elke-groeger.de\/privatkunden\/#website"},"datePublished":"2015-07-03T19:56:10+00:00","dateModified":"2017-12-04T08:49:08+00:00","breadcrumb":{"@id":"https:\/\/www.elke-groeger.de\/privatkunden\/leitbild\/bewusstheit-im-handeln\/#breadcrumb"},"inLanguage":"de","potentialAction":[{"@type":"ReadAction","target":["https:\/\/www.elke-groeger.de\/privatkunden\/leitbild\/bewusstheit-im-handeln\/"]}]},{"@type":"BreadcrumbList","@id":"https:\/\/www.elke-groeger.de\/privatkunden\/leitbild\/bewusstheit-im-handeln\/#breadcrumb","itemListElement":[{"@type":"ListItem","position":1,"name":"Home","item":"https:\/\/www.elke-groeger.de\/privatkunden\/"},{"@type":"ListItem","position":2,"name":"Bewusstheit f\u00f6rdern \u2014 Potenziale entfalten","item":"https:\/\/www.elke-groeger.de\/privatkunden\/?page_id=96"},{"@type":"ListItem","position":3,"name":"Bewusstheit im Handeln"}]},{"@type":"WebSite","@id":"https:\/\/www.elke-groeger.de\/privatkunden\/#website","url":"https:\/\/www.elke-groeger.de\/privatkunden\/","name":"HeldenWege - Elke Groeger","description":"Bewusstsein f\u00f6rdern, Potenziale entfalten","publisher":{"@id":"https:\/\/www.elke-groeger.de\/privatkunden\/#organization"},"potentialAction":[{"@type":"SearchAction","target":{"@type":"EntryPoint","urlTemplate":"https:\/\/www.elke-groeger.de\/privatkunden\/?s={search_term_string}"},"query-input":{"@type":"PropertyValueSpecification","valueRequired":true,"valueName":"search_term_string"}}],"inLanguage":"de"},{"@type":"Organization","@id":"https:\/\/www.elke-groeger.de\/privatkunden\/#organization","name":"Elke Groeger - Heilpraktikerin (Psychotherapie), Personal Coach","url":"https:\/\/www.elke-groeger.de\/privatkunden\/","logo":{"@type":"ImageObject","inLanguage":"de","@id":"https:\/\/www.elke-groeger.de\/privatkunden\/#\/schema\/logo\/image\/","url":"https:\/\/www.elke-groeger.de\/privatkunden\/wp-content\/uploads\/2017\/11\/Elke-Groeger-Psychotherapie-Stuttgart.png","contentUrl":"https:\/\/www.elke-groeger.de\/privatkunden\/wp-content\/uploads\/2017\/11\/Elke-Groeger-Psychotherapie-Stuttgart.png","width":502,"height":140,"caption":"Elke Groeger - Heilpraktikerin (Psychotherapie), Personal Coach"},"image":{"@id":"https:\/\/www.elke-groeger.de\/privatkunden\/#\/schema\/logo\/image\/"},"sameAs":["https:\/\/www.facebook.com\/ElkeGroegerStuttgart\/"]}]}},"_links":{"self":[{"href":"https:\/\/www.elke-groeger.de\/privatkunden\/wp-json\/wp\/v2\/pages\/504","targetHints":{"allow":["GET"]}}],"collection":[{"href":"https:\/\/www.elke-groeger.de\/privatkunden\/wp-json\/wp\/v2\/pages"}],"about":[{"href":"https:\/\/www.elke-groeger.de\/privatkunden\/wp-json\/wp\/v2\/types\/page"}],"author":[{"embeddable":true,"href":"https:\/\/www.elke-groeger.de\/privatkunden\/wp-json\/wp\/v2\/users\/2"}],"replies":[{"embeddable":true,"href":"https:\/\/www.elke-groeger.de\/privatkunden\/wp-json\/wp\/v2\/comments?post=504"}],"version-history":[{"count":10,"href":"https:\/\/www.elke-groeger.de\/privatkunden\/wp-json\/wp\/v2\/pages\/504\/revisions"}],"predecessor-version":[{"id":713,"href":"https:\/\/www.elke-groeger.de\/privatkunden\/wp-json\/wp\/v2\/pages\/504\/revisions\/713"}],"up":[{"embeddable":true,"href":"https:\/\/www.elke-groeger.de\/privatkunden\/wp-json\/wp\/v2\/pages\/96"}],"wp:attachment":[{"href":"https:\/\/www.elke-groeger.de\/privatkunden\/wp-json\/wp\/v2\/media?parent=504"}],"curies":[{"name":"wp","href":"https:\/\/api.w.org\/{rel}","templated":true}]}}