{"id":3623,"date":"2017-06-28T11:13:29","date_gmt":"2017-06-28T09:13:29","guid":{"rendered":"https:\/\/www.elke-groeger.de\/privatkunden\/?page_id=3623"},"modified":"2025-12-31T13:01:29","modified_gmt":"2025-12-31T12:01:29","slug":"unsere-zusammenarbeit","status":"publish","type":"page","link":"https:\/\/www.elke-groeger.de\/privatkunden\/unsere-zusammenarbeit\/","title":{"rendered":"Unsere Zusammenarbeit"},"content":{"rendered":"<div class=\"wpb-content-wrapper\">[vc_row css_animation=&#8220;&#8220; row_type=&#8220;row&#8220; use_row_as_full_screen_section=&#8220;no&#8220; type=&#8220;full_width&#8220; angled_section=&#8220;no&#8220; text_align=&#8220;left&#8220; background_image_as_pattern=&#8220;without_pattern&#8220;][vc_column][vc_empty_space height=&#8220;18px&#8220;][vc_column_text]\n<h1><span style=\"color: #e94b21;\"><strong>Unsere Zusammenarbeit<\/strong><\/span><\/h1>\n[\/vc_column_text][vc_empty_space height=&#8220;18px&#8220;][vc_empty_space height=&#8220;18px&#8220;][vc_row_inner row_type=&#8220;row&#8220; use_as_box=&#8220;use_row_as_box&#8220; type=&#8220;full_width&#8220; text_align=&#8220;left&#8220; css_animation=&#8220;&#8220; css=&#8220;.vc_custom_1511026315364{margin-right: px !important;margin-left: 20px !important;}&#8220;][vc_column_inner width=&#8220;1\/2&#8243; css=&#8220;.vc_custom_1511025894025{margin-right: px !important;margin-left: -40px !important;}&#8220;][vc_single_image image=&#8220;4491&#8243; img_size=&#8220;full&#8220; css=&#8220;.vc_custom_1511259361643{margin-right: -30px !important;}&#8220; qode_css_animation=&#8220;&#8220;][\/vc_column_inner][vc_column_inner width=&#8220;1\/2&#8243; css=&#8220;.vc_custom_1511115456236{background-color: #e8dee6 !important;}&#8220;][vc_column_text]\n<h2><span style=\"color: #e94b21;\"><strong>Termine<\/strong><\/span><\/h2>\n[\/vc_column_text][vc_empty_space height=&#8220;18px&#8220;][vc_column_text css=&#8220;&#8220;]\n<p style=\"text-align: justify;\"><span style=\"font-size: 14pt; color: #3e002d;\">Rufen Sie mich an oder schreiben Sie mir eine Mail, so dass wir montags oder freitags einen passenden Termin f\u00fcr Sie in meiner Praxis vereinbaren k\u00f6nnen. Dienstag, Mittwoch und Donnerstag auch gerne via Zoom. Gerne rufe ich Sie zur\u00fcck.\u00a0<\/span><\/p>\n[\/vc_column_text][vc_empty_space height=&#8220;18px&#8220;][vc_column_text]\n<p style=\"text-align: justify;\"><span style=\"font-size: 14pt; color: #3e002d;\">In meiner Praxis gibt es in der Regel keine lange Wartezeiten. Mir ist es sehr wichtig, dass wir umgehend einen Termin finden, so dass Sie sich Ihre Probleme, Sorgen, N\u00f6te so schnell wie m\u00f6glich von der Seele reden und wir daran arbeiten k\u00f6nnen. Gerne biete ich auch Berufst\u00e4tigen Abendtermine an.<\/span><\/p>\n[\/vc_column_text][vc_empty_space height=&#8220;18px&#8220;][vc_empty_space height=&#8220;18px&#8220;][vc_empty_space height=&#8220;18px&#8220;][vc_empty_space height=&#8220;18px&#8220;][\/vc_column_inner][\/vc_row_inner][vc_empty_space height=&#8220;18px&#8220;][vc_empty_space height=&#8220;18px&#8220;][vc_empty_space height=&#8220;18px&#8220;][\/vc_column][\/vc_row][vc_row css_animation=&#8220;&#8220; row_type=&#8220;row&#8220; use_row_as_full_screen_section=&#8220;no&#8220; type=&#8220;full_width&#8220; angled_section=&#8220;no&#8220; text_align=&#8220;left&#8220; background_image_as_pattern=&#8220;without_pattern&#8220; css=&#8220;.vc_custom_1498645562099{margin-right: 20px !important;}&#8220;][vc_column width=&#8220;1\/2&#8243; css=&#8220;.vc_custom_1498645582555{margin-right: 30px !important;margin-left: 10px !important;background-color: #e0e0e0 !important;}&#8220;][vc_column_text]\n<h2><span style=\"color: #e94b21;\"><strong>Erstgespr\u00e4ch zum Kennenlernen<\/strong><\/span><\/h2>\n[\/vc_column_text][vc_empty_space height=&#8220;18px&#8220;][vc_column_text]\n<p style=\"text-align: justify;\"><span style=\"font-size: 14pt; color: #3e002d;\">Sie kennen sicherlich den Spruch: \u201eDie Chemie muss stimmen!\u201c Vertrauen ist bei unserer Zusammenarbeit das A &amp; O. Wenn Sie das Gef\u00fchl haben, dass Sie bei mir \u201egut aufgehoben\u201c sind, ist das schon mal die erste Voraussetzung f\u00fcr einen erfolgreichen HeldenWeg.<\/span><\/p>\n[\/vc_column_text][vc_column_text css=&#8220;&#8220;]\n<p style=\"text-align: justify;\"><span style=\"color: #3e002d;\"><span style=\"font-size: 14pt;\">Damit wir uns zun\u00e4chst kennen lernen k\u00f6nnen, biete ich Ihnen ein unverbindliches Erstgespr\u00e4ch an. In diesem Gespr\u00e4ch, das in der Regel 30 Minuten dauert, k\u00f6nnen Sie mir Ihr Thema schildern, ich erl\u00e4utere Ihnen, wie ich bei meiner Therapie vorgehe und welche Methoden ich anwende (Anerkennung f\u00fcr das Erstgespr\u00e4ch: 50 \u20ac in bar). Danach k\u00f6nnen Sie und ich entscheiden, ob wir weiter miteinander arbeiten wollen. <\/span><span style=\"font-size: 14pt;\">Wenn Sie nach dem halbst\u00fcndigen Gespr\u00e4ch das Gef\u00fchl haben, dass Sie mir Ihre Thematik tiefer erl\u00e4utern m\u00f6chten, k\u00f6nnen wir gleich mit einer Sitzung beginnen.<\/span><\/span><\/p>\n[\/vc_column_text][vc_empty_space height=&#8220;18px&#8220;][\/vc_column][vc_column width=&#8220;1\/2&#8243; css=&#8220;.vc_custom_1511259174375{margin-right: 20px !important;margin-left: 30px !important;background-color: #f7f3e4 !important;}&#8220;][vc_column_text]\n<h2><span style=\"color: #e94b21;\"><strong>Selbstzahler<\/strong><\/span><\/h2>\n[\/vc_column_text][vc_empty_space height=&#8220;18px&#8220;][vc_column_text]\n<p style=\"text-align: justify;\"><span style=\"font-size: 14pt; color: #3e002d;\">Die Kosten f\u00fcr die Sitzungen werden in der Regel leider nicht von den Gesetzlichen Krankenkassen bezahlt, das hei\u00dft, Sie m\u00fcssen die Sitzungen aus eigener Tasche bezahlen \u2013 Ausnahme: manche private Krankenversicherungen und private Zusatzversicherungen. Kl\u00e4ren Sie dies bitte im Vorfeld mit Ihrer Krankenversicherung.<\/span><\/p>\n[\/vc_column_text][vc_empty_space height=&#8220;18px&#8220;][vc_column_text]\n<p style=\"text-align: justify;\"><span style=\"font-size: 14pt; color: #3e002d;\">Selbstzahlung hat f\u00fcr Ihren Therapieerfolg durchaus positive Effekte: Ihre Eigenverantwortung wird betont und die Motivation ist erfahrungsgem\u00e4\u00df h\u00f6her. Sie investieren in Ihr pers\u00f6nliches Wohlbefinden, Ihre Gesundheit und Ihre Weiterentwicklung. Im Gegensatz zu kassenzugelassenen Therapeuten bin ich frei in der Wahl meiner Behandlungsmethode, die Behandlungsdauer ist meist deutlich geringer und es gibt kaum Wartezeiten.<\/span><\/p>\n[\/vc_column_text][vc_empty_space height=&#8220;18px&#8220;][\/vc_column][\/vc_row][vc_row css_animation=&#8220;&#8220; row_type=&#8220;row&#8220; use_row_as_full_screen_section=&#8220;no&#8220; type=&#8220;full_width&#8220; angled_section=&#8220;no&#8220; text_align=&#8220;left&#8220; background_image_as_pattern=&#8220;without_pattern&#8220;][vc_column][vc_empty_space height=&#8220;18px&#8220;][vc_empty_space height=&#8220;18px&#8220;][vc_empty_space height=&#8220;18px&#8220;][\/vc_column][\/vc_row][vc_row css_animation=&#8220;&#8220; row_type=&#8220;row&#8220; use_row_as_full_screen_section=&#8220;no&#8220; type=&#8220;full_width&#8220; angled_section=&#8220;no&#8220; text_align=&#8220;left&#8220; background_image_as_pattern=&#8220;without_pattern&#8220;][vc_column css=&#8220;.vc_custom_1511115487417{background-color: #f9d7cc !important;}&#8220;][vc_column_text]\n<h2><span style=\"color: #e94b21;\"><strong>Warum 90 Minuten f\u00fcr eine Sitzung?<\/strong><\/span><\/h2>\n[\/vc_column_text][vc_empty_space height=&#8220;18px&#8220;][vc_column_text]\n<p style=\"text-align: justify;\"><span style=\"color: #3e002d;\"><span style=\"font-size: 14pt;\">Der Zeitbedarf einer Sitzung variiert nach Thema und angewandter Methode. In der Regel beansprucht eine Sitzung 90 Minuten, bei Bedarf nehme ich mir auch gerne l\u00e4nger Zeit f\u00fcr Sie.\u00a0<\/span><span style=\"font-size: 14pt;\">Meine Erfahrung zeigt, dass dieses Zeitfenster f\u00fcr die meisten Klienten optimal geeignet ist, um ein gutes Vorankommen zu gew\u00e4hrleisten.\u00a0<\/span><\/span><\/p>\n[\/vc_column_text][vc_empty_space height=&#8220;18px&#8220;][vc_column_text]\n<p style=\"text-align: justify;\"><span style=\"color: #3e002d;\"><span style=\"font-size: 14pt;\">Zu Beginn jeder Sitzung k\u00f6nnen Sie ohne Zeitdruck von dem berichten, was Sie belastet, was aktuell vorgefallen ist oder was eine vorangegangene Sitzung bei Ihnen bewirkt hat. Dies bietet Ihnen die M\u00f6glichkeit, noch mal zu reflektieren, und f\u00fcr mich ist es ungemein wichtig zu erfahren, wo Sie gerade stehen. So k\u00f6nnen wir uns dann dem jeweiligen Thema widmen, das f\u00fcr Sie gerade ansteht.\u00a0<\/span><span style=\"font-size: 14pt;\">Aus meiner Sicht sind 50 Minuten f\u00fcr eine Sitzung, wie sie meist \u00fcblich sind, oft zu kurz, um Ihnen das Gef\u00fchl zu geben, rundum aufgefangen zu werden.<\/span><\/span><\/p>\n[\/vc_column_text][vc_empty_space height=&#8220;18px&#8220;][\/vc_column][\/vc_row][vc_row css_animation=&#8220;&#8220; row_type=&#8220;row&#8220; use_row_as_full_screen_section=&#8220;no&#8220; type=&#8220;full_width&#8220; angled_section=&#8220;no&#8220; text_align=&#8220;left&#8220; background_image_as_pattern=&#8220;without_pattern&#8220;][vc_column][vc_empty_space height=&#8220;18px&#8220;][vc_empty_space height=&#8220;18px&#8220;][vc_column_text]<span style=\"font-size: 14pt; color: #3e002d;\"><strong>Ich freue mich auf unsere Zusammenarbeit und Ihren heldenhaften Weg!<\/strong><\/span>[\/vc_column_text][vc_empty_space height=&#8220;18px&#8220;][vc_column_text css=&#8220;&#8220;]<span style=\"font-size: 14pt; color: #3e002d;\"><strong>Rufen Sie mich gerne an unter Tel. <a href=\"tel:+4975319184668\">+49 7531 9184668<\/a> oder schreiben Sie mir eine <a href=\"&#109;&#97;&#x69;l&#116;&#x6f;&#x3a;i&#110;&#x66;&#x6f;&#64;&#101;&#x6c;k&#101;&#x2d;&#x67;r&#111;&#x65;&#x67;e&#114;&#x2e;d&#101;\">E-Mail.<\/a><\/strong><\/span>[\/vc_column_text][\/vc_column][\/vc_row][vc_row css_animation=&#8220;&#8220; row_type=&#8220;row&#8220; use_row_as_full_screen_section=&#8220;no&#8220; type=&#8220;full_width&#8220; angled_section=&#8220;no&#8220; text_align=&#8220;left&#8220; background_image_as_pattern=&#8220;without_pattern&#8220;][vc_column][vc_empty_space height=&#8220;18px&#8220;][vc_empty_space height=&#8220;18px&#8220;][vc_empty_space height=&#8220;18px&#8220;][\/vc_column][\/vc_row][vc_row css_animation=&#8220;&#8220; row_type=&#8220;row&#8220; use_row_as_full_screen_section=&#8220;no&#8220; type=&#8220;full_width&#8220; angled_section=&#8220;no&#8220; text_align=&#8220;left&#8220; background_image_as_pattern=&#8220;without_pattern&#8220;][\/vc_row][vc_column][\/vc_column][vc_empty_space height=&#8220;18px&#8220;][vc_empty_space height=&#8220;18px&#8220;][vc_empty_space height=&#8220;18px&#8220;]\n<\/div>","protected":false},"excerpt":{"rendered":"<p>[vc_row css_animation=&#8220;&#8220; row_type=&#8220;row&#8220; use_row_as_full_screen_section=&#8220;no&#8220; type=&#8220;full_width&#8220; angled_section=&#8220;no&#8220; text_align=&#8220;left&#8220; background_image_as_pattern=&#8220;without_pattern&#8220;][vc_column][vc_empty_space height=&#8220;18px&#8220;][vc_column_text] Unsere Zusammenarbeit [\/vc_column_text][vc_empty_space height=&#8220;18px&#8220;][vc_empty_space height=&#8220;18px&#8220;][vc_row_inner row_type=&#8220;row&#8220; use_as_box=&#8220;use_row_as_box&#8220; type=&#8220;full_width&#8220; text_align=&#8220;left&#8220; css_animation=&#8220;&#8220; css=&#8220;.vc_custom_1511026315364{margin-right:&#8230;<\/p>\n","protected":false},"author":2,"featured_media":0,"parent":0,"menu_order":0,"comment_status":"closed","ping_status":"closed","template":"","meta":{"footnotes":""},"class_list":["post-3623","page","type-page","status-publish","hentry"],"yoast_head":"<!-- This site is optimized with the Yoast SEO plugin v27.6 - https:\/\/yoast.com\/product\/yoast-seo-wordpress\/ -->\n<title>Unsere Zusammenarbeit - HeldenWege - Elke Groeger<\/title>\n<meta name=\"robots\" content=\"index, follow, max-snippet:-1, max-image-preview:large, max-video-preview:-1\" \/>\n<link rel=\"canonical\" href=\"https:\/\/www.elke-groeger.de\/privatkunden\/unsere-zusammenarbeit\/\" \/>\n<meta property=\"og:locale\" content=\"de_DE\" \/>\n<meta property=\"og:type\" content=\"article\" \/>\n<meta property=\"og:title\" content=\"Unsere Zusammenarbeit - HeldenWege - Elke Groeger\" \/>\n<meta property=\"og:description\" content=\"[vc_row css_animation=&#8220;&#8220; row_type=&#8220;row&#8220; use_row_as_full_screen_section=&#8220;no&#8220; type=&#8220;full_width&#8220; angled_section=&#8220;no&#8220; text_align=&#8220;left&#8220; background_image_as_pattern=&#8220;without_pattern&#8220;][vc_column][vc_empty_space height=&#8220;18px&#8220;][vc_column_text] Unsere Zusammenarbeit [\/vc_column_text][vc_empty_space height=&#8220;18px&#8220;][vc_empty_space height=&#8220;18px&#8220;][vc_row_inner row_type=&#8220;row&#8220; use_as_box=&#8220;use_row_as_box&#8220; type=&#8220;full_width&#8220; text_align=&#8220;left&#8220; css_animation=&#8220;&#8220; css=&#8220;.vc_custom_1511026315364{margin-right:...\" \/>\n<meta property=\"og:url\" content=\"https:\/\/www.elke-groeger.de\/privatkunden\/unsere-zusammenarbeit\/\" \/>\n<meta property=\"og:site_name\" content=\"HeldenWege - Elke Groeger\" \/>\n<meta property=\"article:publisher\" content=\"https:\/\/www.facebook.com\/ElkeGroegerStuttgart\/\" \/>\n<meta property=\"article:modified_time\" content=\"2025-12-31T12:01:29+00:00\" \/>\n<meta name=\"twitter:card\" content=\"summary_large_image\" \/>\n<meta name=\"twitter:label1\" content=\"Gesch\u00e4tzte Lesezeit\" \/>\n\t<meta name=\"twitter:data1\" content=\"4\u00a0Minuten\" \/>\n<script type=\"application\/ld+json\" class=\"yoast-schema-graph\">{\"@context\":\"https:\\\/\\\/schema.org\",\"@graph\":[{\"@type\":\"WebPage\",\"@id\":\"https:\\\/\\\/www.elke-groeger.de\\\/privatkunden\\\/unsere-zusammenarbeit\\\/\",\"url\":\"https:\\\/\\\/www.elke-groeger.de\\\/privatkunden\\\/unsere-zusammenarbeit\\\/\",\"name\":\"Unsere Zusammenarbeit - HeldenWege - Elke Groeger\",\"isPartOf\":{\"@id\":\"https:\\\/\\\/www.elke-groeger.de\\\/privatkunden\\\/#website\"},\"datePublished\":\"2017-06-28T09:13:29+00:00\",\"dateModified\":\"2025-12-31T12:01:29+00:00\",\"breadcrumb\":{\"@id\":\"https:\\\/\\\/www.elke-groeger.de\\\/privatkunden\\\/unsere-zusammenarbeit\\\/#breadcrumb\"},\"inLanguage\":\"de\",\"potentialAction\":[{\"@type\":\"ReadAction\",\"target\":[\"https:\\\/\\\/www.elke-groeger.de\\\/privatkunden\\\/unsere-zusammenarbeit\\\/\"]}]},{\"@type\":\"BreadcrumbList\",\"@id\":\"https:\\\/\\\/www.elke-groeger.de\\\/privatkunden\\\/unsere-zusammenarbeit\\\/#breadcrumb\",\"itemListElement\":[{\"@type\":\"ListItem\",\"position\":1,\"name\":\"Home\",\"item\":\"https:\\\/\\\/www.elke-groeger.de\\\/privatkunden\\\/\"},{\"@type\":\"ListItem\",\"position\":2,\"name\":\"Unsere Zusammenarbeit\"}]},{\"@type\":\"WebSite\",\"@id\":\"https:\\\/\\\/www.elke-groeger.de\\\/privatkunden\\\/#website\",\"url\":\"https:\\\/\\\/www.elke-groeger.de\\\/privatkunden\\\/\",\"name\":\"HeldenWege - Elke Groeger\",\"description\":\"Bewusstsein f\u00f6rdern, Potenziale entfalten\",\"publisher\":{\"@id\":\"https:\\\/\\\/www.elke-groeger.de\\\/privatkunden\\\/#organization\"},\"potentialAction\":[{\"@type\":\"SearchAction\",\"target\":{\"@type\":\"EntryPoint\",\"urlTemplate\":\"https:\\\/\\\/www.elke-groeger.de\\\/privatkunden\\\/?s={search_term_string}\"},\"query-input\":{\"@type\":\"PropertyValueSpecification\",\"valueRequired\":true,\"valueName\":\"search_term_string\"}}],\"inLanguage\":\"de\"},{\"@type\":\"Organization\",\"@id\":\"https:\\\/\\\/www.elke-groeger.de\\\/privatkunden\\\/#organization\",\"name\":\"Elke Groeger - Heilpraktikerin (Psychotherapie), Personal Coach\",\"url\":\"https:\\\/\\\/www.elke-groeger.de\\\/privatkunden\\\/\",\"logo\":{\"@type\":\"ImageObject\",\"inLanguage\":\"de\",\"@id\":\"https:\\\/\\\/www.elke-groeger.de\\\/privatkunden\\\/#\\\/schema\\\/logo\\\/image\\\/\",\"url\":\"https:\\\/\\\/www.elke-groeger.de\\\/privatkunden\\\/wp-content\\\/uploads\\\/2017\\\/11\\\/Elke-Groeger-Psychotherapie-Stuttgart.png\",\"contentUrl\":\"https:\\\/\\\/www.elke-groeger.de\\\/privatkunden\\\/wp-content\\\/uploads\\\/2017\\\/11\\\/Elke-Groeger-Psychotherapie-Stuttgart.png\",\"width\":502,\"height\":140,\"caption\":\"Elke Groeger - Heilpraktikerin (Psychotherapie), Personal Coach\"},\"image\":{\"@id\":\"https:\\\/\\\/www.elke-groeger.de\\\/privatkunden\\\/#\\\/schema\\\/logo\\\/image\\\/\"},\"sameAs\":[\"https:\\\/\\\/www.facebook.com\\\/ElkeGroegerStuttgart\\\/\"]}]}<\/script>\n<!-- \/ Yoast SEO plugin. -->","yoast_head_json":{"title":"Unsere Zusammenarbeit - HeldenWege - Elke Groeger","robots":{"index":"index","follow":"follow","max-snippet":"max-snippet:-1","max-image-preview":"max-image-preview:large","max-video-preview":"max-video-preview:-1"},"canonical":"https:\/\/www.elke-groeger.de\/privatkunden\/unsere-zusammenarbeit\/","og_locale":"de_DE","og_type":"article","og_title":"Unsere Zusammenarbeit - HeldenWege - Elke Groeger","og_description":"[vc_row css_animation=&#8220;&#8220; row_type=&#8220;row&#8220; use_row_as_full_screen_section=&#8220;no&#8220; type=&#8220;full_width&#8220; angled_section=&#8220;no&#8220; text_align=&#8220;left&#8220; background_image_as_pattern=&#8220;without_pattern&#8220;][vc_column][vc_empty_space height=&#8220;18px&#8220;][vc_column_text] Unsere Zusammenarbeit [\/vc_column_text][vc_empty_space height=&#8220;18px&#8220;][vc_empty_space height=&#8220;18px&#8220;][vc_row_inner row_type=&#8220;row&#8220; use_as_box=&#8220;use_row_as_box&#8220; type=&#8220;full_width&#8220; text_align=&#8220;left&#8220; css_animation=&#8220;&#8220; css=&#8220;.vc_custom_1511026315364{margin-right:...","og_url":"https:\/\/www.elke-groeger.de\/privatkunden\/unsere-zusammenarbeit\/","og_site_name":"HeldenWege - Elke Groeger","article_publisher":"https:\/\/www.facebook.com\/ElkeGroegerStuttgart\/","article_modified_time":"2025-12-31T12:01:29+00:00","twitter_card":"summary_large_image","twitter_misc":{"Gesch\u00e4tzte Lesezeit":"4\u00a0Minuten"},"schema":{"@context":"https:\/\/schema.org","@graph":[{"@type":"WebPage","@id":"https:\/\/www.elke-groeger.de\/privatkunden\/unsere-zusammenarbeit\/","url":"https:\/\/www.elke-groeger.de\/privatkunden\/unsere-zusammenarbeit\/","name":"Unsere Zusammenarbeit - HeldenWege - Elke Groeger","isPartOf":{"@id":"https:\/\/www.elke-groeger.de\/privatkunden\/#website"},"datePublished":"2017-06-28T09:13:29+00:00","dateModified":"2025-12-31T12:01:29+00:00","breadcrumb":{"@id":"https:\/\/www.elke-groeger.de\/privatkunden\/unsere-zusammenarbeit\/#breadcrumb"},"inLanguage":"de","potentialAction":[{"@type":"ReadAction","target":["https:\/\/www.elke-groeger.de\/privatkunden\/unsere-zusammenarbeit\/"]}]},{"@type":"BreadcrumbList","@id":"https:\/\/www.elke-groeger.de\/privatkunden\/unsere-zusammenarbeit\/#breadcrumb","itemListElement":[{"@type":"ListItem","position":1,"name":"Home","item":"https:\/\/www.elke-groeger.de\/privatkunden\/"},{"@type":"ListItem","position":2,"name":"Unsere Zusammenarbeit"}]},{"@type":"WebSite","@id":"https:\/\/www.elke-groeger.de\/privatkunden\/#website","url":"https:\/\/www.elke-groeger.de\/privatkunden\/","name":"HeldenWege - Elke Groeger","description":"Bewusstsein f\u00f6rdern, Potenziale entfalten","publisher":{"@id":"https:\/\/www.elke-groeger.de\/privatkunden\/#organization"},"potentialAction":[{"@type":"SearchAction","target":{"@type":"EntryPoint","urlTemplate":"https:\/\/www.elke-groeger.de\/privatkunden\/?s={search_term_string}"},"query-input":{"@type":"PropertyValueSpecification","valueRequired":true,"valueName":"search_term_string"}}],"inLanguage":"de"},{"@type":"Organization","@id":"https:\/\/www.elke-groeger.de\/privatkunden\/#organization","name":"Elke Groeger - Heilpraktikerin (Psychotherapie), Personal Coach","url":"https:\/\/www.elke-groeger.de\/privatkunden\/","logo":{"@type":"ImageObject","inLanguage":"de","@id":"https:\/\/www.elke-groeger.de\/privatkunden\/#\/schema\/logo\/image\/","url":"https:\/\/www.elke-groeger.de\/privatkunden\/wp-content\/uploads\/2017\/11\/Elke-Groeger-Psychotherapie-Stuttgart.png","contentUrl":"https:\/\/www.elke-groeger.de\/privatkunden\/wp-content\/uploads\/2017\/11\/Elke-Groeger-Psychotherapie-Stuttgart.png","width":502,"height":140,"caption":"Elke Groeger - Heilpraktikerin (Psychotherapie), Personal Coach"},"image":{"@id":"https:\/\/www.elke-groeger.de\/privatkunden\/#\/schema\/logo\/image\/"},"sameAs":["https:\/\/www.facebook.com\/ElkeGroegerStuttgart\/"]}]}},"_links":{"self":[{"href":"https:\/\/www.elke-groeger.de\/privatkunden\/wp-json\/wp\/v2\/pages\/3623","targetHints":{"allow":["GET"]}}],"collection":[{"href":"https:\/\/www.elke-groeger.de\/privatkunden\/wp-json\/wp\/v2\/pages"}],"about":[{"href":"https:\/\/www.elke-groeger.de\/privatkunden\/wp-json\/wp\/v2\/types\/page"}],"author":[{"embeddable":true,"href":"https:\/\/www.elke-groeger.de\/privatkunden\/wp-json\/wp\/v2\/users\/2"}],"replies":[{"embeddable":true,"href":"https:\/\/www.elke-groeger.de\/privatkunden\/wp-json\/wp\/v2\/comments?post=3623"}],"version-history":[{"count":20,"href":"https:\/\/www.elke-groeger.de\/privatkunden\/wp-json\/wp\/v2\/pages\/3623\/revisions"}],"predecessor-version":[{"id":6630,"href":"https:\/\/www.elke-groeger.de\/privatkunden\/wp-json\/wp\/v2\/pages\/3623\/revisions\/6630"}],"wp:attachment":[{"href":"https:\/\/www.elke-groeger.de\/privatkunden\/wp-json\/wp\/v2\/media?parent=3623"}],"curies":[{"name":"wp","href":"https:\/\/api.w.org\/{rel}","templated":true}]}}