{"id":2044,"date":"2017-02-09T15:23:59","date_gmt":"2017-02-09T14:23:59","guid":{"rendered":"https:\/\/www.elke-groeger.de\/privatkunden\/?page_id=2044"},"modified":"2026-01-02T11:27:17","modified_gmt":"2026-01-02T10:27:17","slug":"schmerz","status":"publish","type":"page","link":"https:\/\/www.elke-groeger.de\/privatkunden\/schmerz\/","title":{"rendered":"Schmerz"},"content":{"rendered":"<div class=\"wpb-content-wrapper\">[vc_row css_animation=&#8220;&#8220; row_type=&#8220;row&#8220; use_row_as_full_screen_section=&#8220;no&#8220; type=&#8220;full_width&#8220; angled_section=&#8220;no&#8220; text_align=&#8220;left&#8220; background_image_as_pattern=&#8220;without_pattern&#8220;][vc_column][vc_empty_space height=&#8220;18px&#8220;][vc_empty_space height=&#8220;18px&#8220;][\/vc_column][\/vc_row][vc_row css_animation=&#8220;&#8220; row_type=&#8220;row&#8220; use_row_as_full_screen_section=&#8220;no&#8220; type=&#8220;full_width&#8220; angled_section=&#8220;no&#8220; text_align=&#8220;left&#8220; background_image_as_pattern=&#8220;without_pattern&#8220;][vc_column width=&#8220;1\/4&#8243;][vc_single_image image=&#8220;4552&#8243; img_size=&#8220;full&#8220; style=&#8220;vc_box_border_circle&#8220; border_color=&#8220;violet&#8220; qode_css_animation=&#8220;&#8220;][\/vc_column][vc_column width=&#8220;3\/4&#8243;][vc_empty_space height=&#8220;18px&#8220;][vc_empty_space height=&#8220;18px&#8220;][vc_column_text]\n<p style=\"text-align: justify;\"><span style=\"font-size: 14pt; color: #3e002d;\">Aus Sicht der Psychosomatik m\u00f6chte ich Sie zun\u00e4chst ermutigen, Ihre Schmerzen und damit Ihren K\u00f6rper als Freund zu betrachten. Meist verbergen sich f\u00fcr Sie wichtige Botschaften hinter den K\u00f6rpersignalen. Denn K\u00f6rper und Psyche sind aufs Engste miteinander verbunden, und unser K\u00f6rper tr\u00e4gt eine wertvolle Weisheit in sich. Ich unterst\u00fctze Sie gerne, um herauszufinden, was Ihre Schmerzen Ihnen mitteilen m\u00f6chten.<\/span><\/p>\n[\/vc_column_text][\/vc_column][\/vc_row][vc_row css_animation=&#8220;&#8220; row_type=&#8220;row&#8220; use_row_as_full_screen_section=&#8220;no&#8220; type=&#8220;full_width&#8220; angled_section=&#8220;no&#8220; text_align=&#8220;left&#8220; background_image_as_pattern=&#8220;without_pattern&#8220;][vc_column][vc_empty_space height=&#8220;18px&#8220;][vc_empty_space height=&#8220;18px&#8220;][vc_empty_space height=&#8220;18px&#8220;][vc_column_text css=&#8220;&#8220;]\n<h1><span style=\"font-size: 18pt; color: #e94b21;\"><strong>Die Sprache Ihres K\u00f6rpers kennen lernen<\/strong><\/span><\/h1>\n[\/vc_column_text][vc_empty_space height=&#8220;18px&#8220;][vc_column_text]\n<p style=\"text-align: justify;\"><span style=\"font-size: 14pt; color: #3e002d;\">Vielleicht zeigt sich Ihr Anliegen in psychosomatischen Symptomen wie Kopf- oder R\u00fcckenschmerzen, Verspannungen oder Magenschmerzen oder oder oder. Dies k\u00f6nnen Zeichen von Ihrem K\u00f6rper sein, der nach einer L\u00f6sung f\u00f6rmlich \u201eschreit\u201c. Sie kennen auch die Sprichw\u00f6rter &#8222;Mir sitzt etwas im Genick&#8220;, &#8222;Das ist mir auf den Magen geschlagen&#8220;, &#8222;Mir ist eine Laus \u00fcber die Leber gelaufen&#8220; &#8230; Wenn wir genauer hinschauen, lassen sich auch konkrete L\u00f6sungen und Verbesserung der Situation und damit der Schmerzen erzielen.<\/span><\/p>\n[\/vc_column_text][vc_empty_space height=&#8220;18px&#8220;][vc_column_text]\n<p style=\"text-align: justify;\"><span style=\"font-size: 14pt; color: #3e002d;\">Betonen m\u00f6chte ich aber, dass immer auch eine vorherige fach\u00e4rztliche Abkl\u00e4rung Ihrer Symptomatik wichtig ist. Es l\u00e4sst sich nicht alles mit dem psychosomatischen Ansatz erkl\u00e4ren. Das gilt ganz besonders, wenn Sie unter chronischen Schmerzen leiden. Hierbei k\u00f6nnen Psychotherapie, Entspannungs- und Achtsamkeits\u00fcbungen aber eine sinnvolle Begleitung sein, was ich Ihnen gerne anbiete.<\/span><\/p>\n[\/vc_column_text][vc_empty_space height=&#8220;18px&#8220;][vc_column_text css=&#8220;&#8220;]\n<p style=\"vertical-align: baseline; text-align: justify;\"><span style=\"font-size: 14pt; color: #3e002d;\">Auch bei Schmerzen biete ich Ihnen die Methode <a href=\"https:\/\/www.elke-groeger.de\/privatkunden\/emdr-therapie-konstanz\/\" target=\"_blank\" rel=\"noopener\">EMDR<\/a> (Eye Movement Desensitization and Reprocessing) an. F\u00fcr die Schmerzsymptomatik gibt es ein spezielles, so genanntes Protokoll, mit dem ich arbeite.<\/span><\/p>\n[\/vc_column_text][vc_empty_space height=&#8220;18px&#8220;][vc_column_text css=&#8220;&#8220;]\n<p style=\"text-align: justify;\"><span style=\"font-size: 14pt; color: #3e002d;\"><strong>Melden Sie sich unter Tel. <a href=\"tel:+4975319184668\">+49 7531 9184668<\/a>. In einem ersten Gespr\u00e4ch kann ich mir ein Bild Ihrer Schmerzsymptomatik machen.<\/strong><\/span><\/p>\n[\/vc_column_text][vc_empty_space height=&#8220;18px&#8220;][vc_empty_space height=&#8220;18px&#8220;][vc_separator type=&#8220;normal&#8220; color=&#8220;#e94b21&#8243; thickness=&#8220;1&#8243;][vc_empty_space height=&#8220;18px&#8220;][vc_empty_space height=&#8220;18px&#8220;][vc_empty_space height=&#8220;18px&#8220;][\/vc_column][\/vc_row][vc_row css_animation=&#8220;&#8220; row_type=&#8220;row&#8220; use_row_as_full_screen_section=&#8220;no&#8220; type=&#8220;full_width&#8220; angled_section=&#8220;no&#8220; text_align=&#8220;left&#8220; background_image_as_pattern=&#8220;without_pattern&#8220;][vc_column][vc_column_text css=&#8220;&#8220;]<span style=\"font-size: 18pt; color: #e94b21;\"><strong>Meine Buchempfehlung zu diesem Thema:<\/strong><\/span>[\/vc_column_text][vc_empty_space height=&#8220;18px&#8220;][vc_empty_space height=&#8220;18px&#8220;][vc_empty_space height=&#8220;18px&#8220;][\/vc_column][\/vc_row][vc_row css_animation=&#8220;&#8220; row_type=&#8220;row&#8220; use_row_as_full_screen_section=&#8220;no&#8220; type=&#8220;full_width&#8220; angled_section=&#8220;no&#8220; text_align=&#8220;left&#8220; background_image_as_pattern=&#8220;without_pattern&#8220;][vc_column width=&#8220;1\/4&#8243;][vc_single_image image=&#8220;6263&#8243; img_size=&#8220;medium&#8220; css=&#8220;&#8220; qode_css_animation=&#8220;&#8220;][\/vc_column][vc_column width=&#8220;3\/4&#8243;][vc_column_text css=&#8220;&#8220;]<span style=\"font-size: 14pt;\">Maja Storch, Benita Cantieni, Gerald H\u00fcther, Wolfgang Tschacher,<\/span><\/p>\n<h3><strong><span style=\"font-size: 14pt;\">Embodiment<\/span><\/strong><\/h3>\n<p>&nbsp;<\/p>\n<p><span style=\"font-size: 14pt;\">Der K\u00f6rper &#8211; unser wichtigstes Erfahrungselement<\/span><br \/>\n<span style=\"font-size: 14pt;\">Die Wechselwirkung von K\u00f6rper und Psyche verstehen und nutzen<\/span>[\/vc_column_text][vc_empty_space height=&#8220;18px&#8220;][vc_empty_space height=&#8220;18px&#8220;][vc_empty_space height=&#8220;18px&#8220;][vc_column_text css=&#8220;&#8220;]<span style=\"font-size: 14pt;\"><strong>Weitere Informationen und Buchbestellung<\/strong><\/span>[\/vc_column_text][vc_empty_space height=&#8220;18px&#8220;]<a  itemprop=\"url\" href=\"https:\/\/www.hogrefe.com\/de\/shop\/embodiment-96514.html\" target=\"_blank\"  class=\"qbutton  medium default\" style=\"font-style: normal; font-weight: 700; font-family: Georgia; text-transform: none; font-size: 16px; \">Direkt zum Verlag<\/a>[\/vc_column][\/vc_row][vc_column][\/vc_column][vc_row css_animation=&#8220;&#8220; row_type=&#8220;row&#8220; use_row_as_full_screen_section=&#8220;no&#8220; type=&#8220;full_width&#8220; angled_section=&#8220;no&#8220; text_align=&#8220;left&#8220; background_image_as_pattern=&#8220;without_pattern&#8220;][vc_column][vc_empty_space][\/vc_column][\/vc_row]\n<\/div>","protected":false},"excerpt":{"rendered":"<p>[vc_row css_animation=&#8220;&#8220; row_type=&#8220;row&#8220; use_row_as_full_screen_section=&#8220;no&#8220; type=&#8220;full_width&#8220; angled_section=&#8220;no&#8220; text_align=&#8220;left&#8220; background_image_as_pattern=&#8220;without_pattern&#8220;][vc_column][vc_empty_space height=&#8220;18px&#8220;][vc_empty_space height=&#8220;18px&#8220;][\/vc_column][\/vc_row][vc_row css_animation=&#8220;&#8220; row_type=&#8220;row&#8220; use_row_as_full_screen_section=&#8220;no&#8220; type=&#8220;full_width&#8220; angled_section=&#8220;no&#8220; text_align=&#8220;left&#8220; background_image_as_pattern=&#8220;without_pattern&#8220;][vc_column width=&#8220;1\/4&#8243;][vc_single_image image=&#8220;4552&#8243; img_size=&#8220;full&#8220;&#8230;<\/p>\n","protected":false},"author":2,"featured_media":0,"parent":0,"menu_order":0,"comment_status":"closed","ping_status":"closed","template":"","meta":{"footnotes":""},"class_list":["post-2044","page","type-page","status-publish","hentry"],"yoast_head":"<!-- This site is optimized with the Yoast SEO plugin v27.4 - https:\/\/yoast.com\/product\/yoast-seo-wordpress\/ -->\n<title>Schmerz - HeldenWege - Elke Groeger<\/title>\n<meta name=\"robots\" content=\"index, follow, max-snippet:-1, max-image-preview:large, max-video-preview:-1\" \/>\n<link rel=\"canonical\" href=\"https:\/\/www.elke-groeger.de\/privatkunden\/schmerz\/\" \/>\n<meta property=\"og:locale\" content=\"de_DE\" \/>\n<meta property=\"og:type\" content=\"article\" \/>\n<meta property=\"og:title\" content=\"Schmerz - HeldenWege - Elke Groeger\" \/>\n<meta property=\"og:description\" content=\"[vc_row css_animation=&#8220;&#8220; row_type=&#8220;row&#8220; use_row_as_full_screen_section=&#8220;no&#8220; type=&#8220;full_width&#8220; angled_section=&#8220;no&#8220; text_align=&#8220;left&#8220; background_image_as_pattern=&#8220;without_pattern&#8220;][vc_column][vc_empty_space height=&#8220;18px&#8220;][vc_empty_space height=&#8220;18px&#8220;][\/vc_column][\/vc_row][vc_row css_animation=&#8220;&#8220; row_type=&#8220;row&#8220; use_row_as_full_screen_section=&#8220;no&#8220; type=&#8220;full_width&#8220; angled_section=&#8220;no&#8220; text_align=&#8220;left&#8220; background_image_as_pattern=&#8220;without_pattern&#8220;][vc_column width=&#8220;1\/4&#8243;][vc_single_image image=&#8220;4552&#8243; img_size=&#8220;full&#8220;...\" \/>\n<meta property=\"og:url\" content=\"https:\/\/www.elke-groeger.de\/privatkunden\/schmerz\/\" \/>\n<meta property=\"og:site_name\" content=\"HeldenWege - Elke Groeger\" \/>\n<meta property=\"article:publisher\" content=\"https:\/\/www.facebook.com\/ElkeGroegerStuttgart\/\" \/>\n<meta property=\"article:modified_time\" content=\"2026-01-02T10:27:17+00:00\" \/>\n<meta name=\"twitter:card\" content=\"summary_large_image\" \/>\n<meta name=\"twitter:label1\" content=\"Gesch\u00e4tzte Lesezeit\" \/>\n\t<meta name=\"twitter:data1\" content=\"3\u00a0Minuten\" \/>\n<script type=\"application\/ld+json\" class=\"yoast-schema-graph\">{\"@context\":\"https:\\\/\\\/schema.org\",\"@graph\":[{\"@type\":\"WebPage\",\"@id\":\"https:\\\/\\\/www.elke-groeger.de\\\/privatkunden\\\/schmerz\\\/\",\"url\":\"https:\\\/\\\/www.elke-groeger.de\\\/privatkunden\\\/schmerz\\\/\",\"name\":\"Schmerz - HeldenWege - Elke Groeger\",\"isPartOf\":{\"@id\":\"https:\\\/\\\/www.elke-groeger.de\\\/privatkunden\\\/#website\"},\"datePublished\":\"2017-02-09T14:23:59+00:00\",\"dateModified\":\"2026-01-02T10:27:17+00:00\",\"breadcrumb\":{\"@id\":\"https:\\\/\\\/www.elke-groeger.de\\\/privatkunden\\\/schmerz\\\/#breadcrumb\"},\"inLanguage\":\"de\",\"potentialAction\":[{\"@type\":\"ReadAction\",\"target\":[\"https:\\\/\\\/www.elke-groeger.de\\\/privatkunden\\\/schmerz\\\/\"]}]},{\"@type\":\"BreadcrumbList\",\"@id\":\"https:\\\/\\\/www.elke-groeger.de\\\/privatkunden\\\/schmerz\\\/#breadcrumb\",\"itemListElement\":[{\"@type\":\"ListItem\",\"position\":1,\"name\":\"Home\",\"item\":\"https:\\\/\\\/www.elke-groeger.de\\\/privatkunden\\\/\"},{\"@type\":\"ListItem\",\"position\":2,\"name\":\"Schmerz\"}]},{\"@type\":\"WebSite\",\"@id\":\"https:\\\/\\\/www.elke-groeger.de\\\/privatkunden\\\/#website\",\"url\":\"https:\\\/\\\/www.elke-groeger.de\\\/privatkunden\\\/\",\"name\":\"HeldenWege - Elke Groeger\",\"description\":\"Bewusstsein f\u00f6rdern, Potenziale entfalten\",\"publisher\":{\"@id\":\"https:\\\/\\\/www.elke-groeger.de\\\/privatkunden\\\/#organization\"},\"potentialAction\":[{\"@type\":\"SearchAction\",\"target\":{\"@type\":\"EntryPoint\",\"urlTemplate\":\"https:\\\/\\\/www.elke-groeger.de\\\/privatkunden\\\/?s={search_term_string}\"},\"query-input\":{\"@type\":\"PropertyValueSpecification\",\"valueRequired\":true,\"valueName\":\"search_term_string\"}}],\"inLanguage\":\"de\"},{\"@type\":\"Organization\",\"@id\":\"https:\\\/\\\/www.elke-groeger.de\\\/privatkunden\\\/#organization\",\"name\":\"Elke Groeger - Heilpraktikerin (Psychotherapie), Personal Coach\",\"url\":\"https:\\\/\\\/www.elke-groeger.de\\\/privatkunden\\\/\",\"logo\":{\"@type\":\"ImageObject\",\"inLanguage\":\"de\",\"@id\":\"https:\\\/\\\/www.elke-groeger.de\\\/privatkunden\\\/#\\\/schema\\\/logo\\\/image\\\/\",\"url\":\"https:\\\/\\\/www.elke-groeger.de\\\/privatkunden\\\/wp-content\\\/uploads\\\/2017\\\/11\\\/Elke-Groeger-Psychotherapie-Stuttgart.png\",\"contentUrl\":\"https:\\\/\\\/www.elke-groeger.de\\\/privatkunden\\\/wp-content\\\/uploads\\\/2017\\\/11\\\/Elke-Groeger-Psychotherapie-Stuttgart.png\",\"width\":502,\"height\":140,\"caption\":\"Elke Groeger - Heilpraktikerin (Psychotherapie), Personal Coach\"},\"image\":{\"@id\":\"https:\\\/\\\/www.elke-groeger.de\\\/privatkunden\\\/#\\\/schema\\\/logo\\\/image\\\/\"},\"sameAs\":[\"https:\\\/\\\/www.facebook.com\\\/ElkeGroegerStuttgart\\\/\"]}]}<\/script>\n<!-- \/ Yoast SEO plugin. -->","yoast_head_json":{"title":"Schmerz - HeldenWege - Elke Groeger","robots":{"index":"index","follow":"follow","max-snippet":"max-snippet:-1","max-image-preview":"max-image-preview:large","max-video-preview":"max-video-preview:-1"},"canonical":"https:\/\/www.elke-groeger.de\/privatkunden\/schmerz\/","og_locale":"de_DE","og_type":"article","og_title":"Schmerz - HeldenWege - Elke Groeger","og_description":"[vc_row css_animation=&#8220;&#8220; row_type=&#8220;row&#8220; use_row_as_full_screen_section=&#8220;no&#8220; type=&#8220;full_width&#8220; angled_section=&#8220;no&#8220; text_align=&#8220;left&#8220; background_image_as_pattern=&#8220;without_pattern&#8220;][vc_column][vc_empty_space height=&#8220;18px&#8220;][vc_empty_space height=&#8220;18px&#8220;][\/vc_column][\/vc_row][vc_row css_animation=&#8220;&#8220; row_type=&#8220;row&#8220; use_row_as_full_screen_section=&#8220;no&#8220; type=&#8220;full_width&#8220; angled_section=&#8220;no&#8220; text_align=&#8220;left&#8220; background_image_as_pattern=&#8220;without_pattern&#8220;][vc_column width=&#8220;1\/4&#8243;][vc_single_image image=&#8220;4552&#8243; img_size=&#8220;full&#8220;...","og_url":"https:\/\/www.elke-groeger.de\/privatkunden\/schmerz\/","og_site_name":"HeldenWege - Elke Groeger","article_publisher":"https:\/\/www.facebook.com\/ElkeGroegerStuttgart\/","article_modified_time":"2026-01-02T10:27:17+00:00","twitter_card":"summary_large_image","twitter_misc":{"Gesch\u00e4tzte Lesezeit":"3\u00a0Minuten"},"schema":{"@context":"https:\/\/schema.org","@graph":[{"@type":"WebPage","@id":"https:\/\/www.elke-groeger.de\/privatkunden\/schmerz\/","url":"https:\/\/www.elke-groeger.de\/privatkunden\/schmerz\/","name":"Schmerz - HeldenWege - Elke Groeger","isPartOf":{"@id":"https:\/\/www.elke-groeger.de\/privatkunden\/#website"},"datePublished":"2017-02-09T14:23:59+00:00","dateModified":"2026-01-02T10:27:17+00:00","breadcrumb":{"@id":"https:\/\/www.elke-groeger.de\/privatkunden\/schmerz\/#breadcrumb"},"inLanguage":"de","potentialAction":[{"@type":"ReadAction","target":["https:\/\/www.elke-groeger.de\/privatkunden\/schmerz\/"]}]},{"@type":"BreadcrumbList","@id":"https:\/\/www.elke-groeger.de\/privatkunden\/schmerz\/#breadcrumb","itemListElement":[{"@type":"ListItem","position":1,"name":"Home","item":"https:\/\/www.elke-groeger.de\/privatkunden\/"},{"@type":"ListItem","position":2,"name":"Schmerz"}]},{"@type":"WebSite","@id":"https:\/\/www.elke-groeger.de\/privatkunden\/#website","url":"https:\/\/www.elke-groeger.de\/privatkunden\/","name":"HeldenWege - Elke Groeger","description":"Bewusstsein f\u00f6rdern, Potenziale entfalten","publisher":{"@id":"https:\/\/www.elke-groeger.de\/privatkunden\/#organization"},"potentialAction":[{"@type":"SearchAction","target":{"@type":"EntryPoint","urlTemplate":"https:\/\/www.elke-groeger.de\/privatkunden\/?s={search_term_string}"},"query-input":{"@type":"PropertyValueSpecification","valueRequired":true,"valueName":"search_term_string"}}],"inLanguage":"de"},{"@type":"Organization","@id":"https:\/\/www.elke-groeger.de\/privatkunden\/#organization","name":"Elke Groeger - Heilpraktikerin (Psychotherapie), Personal Coach","url":"https:\/\/www.elke-groeger.de\/privatkunden\/","logo":{"@type":"ImageObject","inLanguage":"de","@id":"https:\/\/www.elke-groeger.de\/privatkunden\/#\/schema\/logo\/image\/","url":"https:\/\/www.elke-groeger.de\/privatkunden\/wp-content\/uploads\/2017\/11\/Elke-Groeger-Psychotherapie-Stuttgart.png","contentUrl":"https:\/\/www.elke-groeger.de\/privatkunden\/wp-content\/uploads\/2017\/11\/Elke-Groeger-Psychotherapie-Stuttgart.png","width":502,"height":140,"caption":"Elke Groeger - Heilpraktikerin (Psychotherapie), Personal Coach"},"image":{"@id":"https:\/\/www.elke-groeger.de\/privatkunden\/#\/schema\/logo\/image\/"},"sameAs":["https:\/\/www.facebook.com\/ElkeGroegerStuttgart\/"]}]}},"_links":{"self":[{"href":"https:\/\/www.elke-groeger.de\/privatkunden\/wp-json\/wp\/v2\/pages\/2044","targetHints":{"allow":["GET"]}}],"collection":[{"href":"https:\/\/www.elke-groeger.de\/privatkunden\/wp-json\/wp\/v2\/pages"}],"about":[{"href":"https:\/\/www.elke-groeger.de\/privatkunden\/wp-json\/wp\/v2\/types\/page"}],"author":[{"embeddable":true,"href":"https:\/\/www.elke-groeger.de\/privatkunden\/wp-json\/wp\/v2\/users\/2"}],"replies":[{"embeddable":true,"href":"https:\/\/www.elke-groeger.de\/privatkunden\/wp-json\/wp\/v2\/comments?post=2044"}],"version-history":[{"count":16,"href":"https:\/\/www.elke-groeger.de\/privatkunden\/wp-json\/wp\/v2\/pages\/2044\/revisions"}],"predecessor-version":[{"id":6722,"href":"https:\/\/www.elke-groeger.de\/privatkunden\/wp-json\/wp\/v2\/pages\/2044\/revisions\/6722"}],"wp:attachment":[{"href":"https:\/\/www.elke-groeger.de\/privatkunden\/wp-json\/wp\/v2\/media?parent=2044"}],"curies":[{"name":"wp","href":"https:\/\/api.w.org\/{rel}","templated":true}]}}