{"id":1984,"date":"2017-02-08T17:32:20","date_gmt":"2017-02-08T16:32:20","guid":{"rendered":"https:\/\/www.elke-groeger.de\/privatkunden\/?page_id=1984"},"modified":"2026-01-02T11:23:56","modified_gmt":"2026-01-02T10:23:56","slug":"depression-ueberwinden-konstanz","status":"publish","type":"page","link":"https:\/\/www.elke-groeger.de\/privatkunden\/depression-ueberwinden-konstanz\/","title":{"rendered":"Depression \u00fcberwinden"},"content":{"rendered":"<div class=\"wpb-content-wrapper\">[vc_row css_animation=&#8220;&#8220; row_type=&#8220;row&#8220; use_row_as_full_screen_section=&#8220;no&#8220; type=&#8220;full_width&#8220; angled_section=&#8220;no&#8220; text_align=&#8220;left&#8220; background_image_as_pattern=&#8220;without_pattern&#8220;][vc_column][vc_empty_space height=&#8220;18px&#8220;][vc_empty_space height=&#8220;18px&#8220;][vc_row_inner row_type=&#8220;row&#8220; type=&#8220;full_width&#8220; text_align=&#8220;left&#8220; css_animation=&#8220;&#8220;][vc_column_inner width=&#8220;1\/4&#8243;][vc_single_image image=&#8220;4539&#8243; img_size=&#8220;full&#8220; style=&#8220;vc_box_border_circle&#8220; border_color=&#8220;juicy_pink&#8220; qode_css_animation=&#8220;&#8220;][\/vc_column_inner][vc_column_inner width=&#8220;3\/4&#8243;][vc_empty_space height=&#8220;18px&#8220;][vc_empty_space height=&#8220;18px&#8220;][vc_column_text]\n<p style=\"text-align: justify;\"><span style=\"font-size: 14pt; color: #3e002d;\">Wir alle sind nicht immer &#8222;gut drauf&#8220;, und das ist v\u00f6llig normal, dass wir im Leben Stimmungsschwankungen haben. Sollte aber eine depressive Verstimmung oder gar eine Depression bei Ihnen schon l\u00e4nger anhalten, dann gilt es zu handeln. Als Erstes sollten wir die Ursachen\u00a0ergr\u00fcnden, die bei Ihnen dazu gef\u00fchrt haben.<\/span><\/p>\n[\/vc_column_text][\/vc_column_inner][\/vc_row_inner][vc_empty_space height=&#8220;18px&#8220;][vc_empty_space height=&#8220;18px&#8220;][vc_empty_space height=&#8220;18px&#8220;][vc_column_text css=&#8220;&#8220;]\n<h1><span style=\"color: #e94b21; font-size: 18pt;\"><strong>Nehmen Sie Ihr Leben wieder tatkr\u00e4ftig in die Hand<\/strong><\/span><\/h1>\n[\/vc_column_text][vc_empty_space height=&#8220;18px&#8220;][vc_column_text]\n<p style=\"text-align: justify;\"><span style=\"font-size: 14pt; color: #3e002d;\">Die typischen Symptome bei einer Depression sind vor allem, wenn Sie die Freude und das Interesse an vielen Dingen verloren haben, st\u00e4ndig am Gr\u00fcbeln sind, sich antriebslos f\u00fchlen und an Appetitlosigkeit und Schlafst\u00f6rungen leiden. Es k\u00f6nnen sich aber durchaus noch mehr Symptome zeigen. Meist liegen hinter einer Depression fr\u00fche Verlust- und Traumaereignisse, die nicht verarbeitet und gel\u00f6st wurden. Auch k\u00f6rperliche Erkrankungen, Stresssituationen und Konflikte k\u00f6nnen die Ausl\u00f6ser f\u00fcr eine Depression sein.\u00a0<\/span><\/p>\n[\/vc_column_text][vc_empty_space height=&#8220;18px&#8220;][vc_column_text css=&#8220;&#8220;]\n<p style=\"text-align: justify;\"><span style=\"font-size: 14pt; color: #3e002d;\"><strong>Ich bin gerne f\u00fcr Sie da, um Sie auf Ihrem Weg aus der Depression zu begleiten. Vereinbaren Sie einen ersten Termin mit mir unter Tel. <a href=\"tel:+4975319184668\">+49 7531 9184668<\/a>.<\/strong><\/span><\/p>\n[\/vc_column_text][vc_empty_space height=&#8220;18px&#8220;][vc_empty_space height=&#8220;18px&#8220;][vc_separator type=&#8220;normal&#8220; color=&#8220;#e94b21&#8243; thickness=&#8220;1&#8243;][\/vc_column][\/vc_row][vc_row css_animation=&#8220;&#8220; row_type=&#8220;row&#8220; use_row_as_full_screen_section=&#8220;no&#8220; type=&#8220;full_width&#8220; angled_section=&#8220;no&#8220; text_align=&#8220;left&#8220; background_image_as_pattern=&#8220;without_pattern&#8220;][vc_column][vc_empty_space height=&#8220;18px&#8220;][vc_empty_space height=&#8220;18px&#8220;][vc_empty_space height=&#8220;18px&#8220;][\/vc_column][\/vc_row][vc_row css_animation=&#8220;&#8220; row_type=&#8220;row&#8220; use_row_as_full_screen_section=&#8220;no&#8220; type=&#8220;full_width&#8220; angled_section=&#8220;no&#8220; text_align=&#8220;left&#8220; background_image_as_pattern=&#8220;without_pattern&#8220;][vc_column][vc_column_text css=&#8220;&#8220;]<span style=\"font-size: 18pt; color: #e94b21;\"><strong>Meine Buchempfehlung zu diesem Thema:<\/strong><\/span>[\/vc_column_text][\/vc_column][\/vc_row][vc_row css_animation=&#8220;&#8220; row_type=&#8220;row&#8220; use_row_as_full_screen_section=&#8220;no&#8220; type=&#8220;full_width&#8220; angled_section=&#8220;no&#8220; text_align=&#8220;left&#8220; background_image_as_pattern=&#8220;without_pattern&#8220;][vc_column][vc_empty_space height=&#8220;18px&#8220;][vc_empty_space height=&#8220;18px&#8220;][vc_empty_space height=&#8220;18px&#8220;][\/vc_column][\/vc_row][vc_row css_animation=&#8220;&#8220; row_type=&#8220;row&#8220; use_row_as_full_screen_section=&#8220;no&#8220; type=&#8220;full_width&#8220; angled_section=&#8220;no&#8220; text_align=&#8220;left&#8220; background_image_as_pattern=&#8220;without_pattern&#8220;][vc_column width=&#8220;1\/4&#8243;][vc_single_image image=&#8220;6252&#8243; img_size=&#8220;medium&#8220; css=&#8220;&#8220; qode_css_animation=&#8220;&#8220;][\/vc_column][vc_column width=&#8220;3\/4&#8243;][vc_column_text css=&#8220;&#8220;]<span style=\"font-size: 14pt;\">Rolf Merkle,<\/span><\/p>\n<h3><strong><span style=\"font-size: 14pt;\">Wenn das Leben zur Last wird<\/span><\/strong><\/h3>\n<p>&nbsp;<\/p>\n<p><span style=\"font-size: 14pt;\">Depressionen \u00fcberwinden, ins Leben zur\u00fcckkehren Taschenbuch<\/span>[\/vc_column_text][vc_empty_space height=&#8220;18px&#8220;][vc_empty_space height=&#8220;18px&#8220;][vc_empty_space height=&#8220;18px&#8220;][vc_column_text css=&#8220;&#8220;]<span style=\"font-size: 14pt;\"><strong>Weitere Informationen und Buchbestellung<\/strong><\/span>[\/vc_column_text][vc_empty_space height=&#8220;18px&#8220;]<a  itemprop=\"url\" href=\"https:\/\/shop.palverlag.de\/products\/wenn-das-leben-zur-last-wird?srsltid=AfmBOorjBAl7NcdzwLTPky0CtsxYiFcEBWS5F2rYY3AaozfkVpOTHpJ4\" target=\"_blank\"  class=\"qbutton  medium default\" style=\"font-style: normal; font-weight: 700; font-family: Georgia; text-transform: none; font-size: 16px; \">Direkt zum Verlag<\/a>[\/vc_column][\/vc_row][vc_column][\/vc_column][vc_row css_animation=&#8220;&#8220; row_type=&#8220;row&#8220; use_row_as_full_screen_section=&#8220;no&#8220; type=&#8220;full_width&#8220; angled_section=&#8220;no&#8220; text_align=&#8220;left&#8220; background_image_as_pattern=&#8220;without_pattern&#8220;][vc_column][vc_empty_space][\/vc_column][\/vc_row]\n<\/div>","protected":false},"excerpt":{"rendered":"<p>[vc_row css_animation=&#8220;&#8220; row_type=&#8220;row&#8220; use_row_as_full_screen_section=&#8220;no&#8220; type=&#8220;full_width&#8220; angled_section=&#8220;no&#8220; text_align=&#8220;left&#8220; background_image_as_pattern=&#8220;without_pattern&#8220;][vc_column][vc_empty_space height=&#8220;18px&#8220;][vc_empty_space height=&#8220;18px&#8220;][vc_row_inner row_type=&#8220;row&#8220; type=&#8220;full_width&#8220; text_align=&#8220;left&#8220; css_animation=&#8220;&#8220;][vc_column_inner width=&#8220;1\/4&#8243;][vc_single_image image=&#8220;4539&#8243; img_size=&#8220;full&#8220; style=&#8220;vc_box_border_circle&#8220; border_color=&#8220;juicy_pink&#8220; qode_css_animation=&#8220;&#8220;][\/vc_column_inner][vc_column_inner&#8230;<\/p>\n","protected":false},"author":2,"featured_media":0,"parent":0,"menu_order":0,"comment_status":"closed","ping_status":"closed","template":"","meta":{"footnotes":""},"class_list":["post-1984","page","type-page","status-publish","hentry"],"yoast_head":"<!-- This site is optimized with the Yoast SEO plugin v27.4 - https:\/\/yoast.com\/product\/yoast-seo-wordpress\/ -->\n<title>Depression \u00fcberwinden - professionelle Hilfe I Elke Groeger<\/title>\n<meta name=\"description\" content=\"Depression \u00fcberwinden - Lebensqualit\u00e4t steigern. Die erfahrene Therapeutin Elke Groeger hilft. Termin buchen unter Tel. 0711 46967007!\" \/>\n<meta name=\"robots\" content=\"index, follow, max-snippet:-1, max-image-preview:large, max-video-preview:-1\" \/>\n<link rel=\"canonical\" href=\"https:\/\/www.elke-groeger.de\/privatkunden\/depression-ueberwinden-konstanz\/\" \/>\n<meta property=\"og:locale\" content=\"de_DE\" \/>\n<meta property=\"og:type\" content=\"article\" \/>\n<meta property=\"og:title\" content=\"Depression \u00fcberwinden - professionelle Hilfe I Elke Groeger\" \/>\n<meta property=\"og:description\" content=\"Depression \u00fcberwinden - Lebensqualit\u00e4t steigern. Die erfahrene Therapeutin Elke Groeger hilft. Termin buchen unter Tel. 0711 46967007!\" \/>\n<meta property=\"og:url\" content=\"https:\/\/www.elke-groeger.de\/privatkunden\/depression-ueberwinden-konstanz\/\" \/>\n<meta property=\"og:site_name\" content=\"HeldenWege - Elke Groeger\" \/>\n<meta property=\"article:publisher\" content=\"https:\/\/www.facebook.com\/ElkeGroegerStuttgart\/\" \/>\n<meta property=\"article:modified_time\" content=\"2026-01-02T10:23:56+00:00\" \/>\n<meta name=\"twitter:card\" content=\"summary_large_image\" \/>\n<meta name=\"twitter:label1\" content=\"Gesch\u00e4tzte Lesezeit\" \/>\n\t<meta name=\"twitter:data1\" content=\"3\u00a0Minuten\" \/>\n<script type=\"application\/ld+json\" class=\"yoast-schema-graph\">{\"@context\":\"https:\\\/\\\/schema.org\",\"@graph\":[{\"@type\":\"WebPage\",\"@id\":\"https:\\\/\\\/www.elke-groeger.de\\\/privatkunden\\\/depression-ueberwinden-konstanz\\\/\",\"url\":\"https:\\\/\\\/www.elke-groeger.de\\\/privatkunden\\\/depression-ueberwinden-konstanz\\\/\",\"name\":\"Depression \u00fcberwinden - professionelle Hilfe I Elke Groeger\",\"isPartOf\":{\"@id\":\"https:\\\/\\\/www.elke-groeger.de\\\/privatkunden\\\/#website\"},\"datePublished\":\"2017-02-08T16:32:20+00:00\",\"dateModified\":\"2026-01-02T10:23:56+00:00\",\"description\":\"Depression \u00fcberwinden - Lebensqualit\u00e4t steigern. Die erfahrene Therapeutin Elke Groeger hilft. Termin buchen unter Tel. 0711 46967007!\",\"breadcrumb\":{\"@id\":\"https:\\\/\\\/www.elke-groeger.de\\\/privatkunden\\\/depression-ueberwinden-konstanz\\\/#breadcrumb\"},\"inLanguage\":\"de\",\"potentialAction\":[{\"@type\":\"ReadAction\",\"target\":[\"https:\\\/\\\/www.elke-groeger.de\\\/privatkunden\\\/depression-ueberwinden-konstanz\\\/\"]}]},{\"@type\":\"BreadcrumbList\",\"@id\":\"https:\\\/\\\/www.elke-groeger.de\\\/privatkunden\\\/depression-ueberwinden-konstanz\\\/#breadcrumb\",\"itemListElement\":[{\"@type\":\"ListItem\",\"position\":1,\"name\":\"Home\",\"item\":\"https:\\\/\\\/www.elke-groeger.de\\\/privatkunden\\\/\"},{\"@type\":\"ListItem\",\"position\":2,\"name\":\"Depression \u00fcberwinden\"}]},{\"@type\":\"WebSite\",\"@id\":\"https:\\\/\\\/www.elke-groeger.de\\\/privatkunden\\\/#website\",\"url\":\"https:\\\/\\\/www.elke-groeger.de\\\/privatkunden\\\/\",\"name\":\"HeldenWege - Elke Groeger\",\"description\":\"Bewusstsein f\u00f6rdern, Potenziale entfalten\",\"publisher\":{\"@id\":\"https:\\\/\\\/www.elke-groeger.de\\\/privatkunden\\\/#organization\"},\"potentialAction\":[{\"@type\":\"SearchAction\",\"target\":{\"@type\":\"EntryPoint\",\"urlTemplate\":\"https:\\\/\\\/www.elke-groeger.de\\\/privatkunden\\\/?s={search_term_string}\"},\"query-input\":{\"@type\":\"PropertyValueSpecification\",\"valueRequired\":true,\"valueName\":\"search_term_string\"}}],\"inLanguage\":\"de\"},{\"@type\":\"Organization\",\"@id\":\"https:\\\/\\\/www.elke-groeger.de\\\/privatkunden\\\/#organization\",\"name\":\"Elke Groeger - Heilpraktikerin (Psychotherapie), Personal Coach\",\"url\":\"https:\\\/\\\/www.elke-groeger.de\\\/privatkunden\\\/\",\"logo\":{\"@type\":\"ImageObject\",\"inLanguage\":\"de\",\"@id\":\"https:\\\/\\\/www.elke-groeger.de\\\/privatkunden\\\/#\\\/schema\\\/logo\\\/image\\\/\",\"url\":\"https:\\\/\\\/www.elke-groeger.de\\\/privatkunden\\\/wp-content\\\/uploads\\\/2017\\\/11\\\/Elke-Groeger-Psychotherapie-Stuttgart.png\",\"contentUrl\":\"https:\\\/\\\/www.elke-groeger.de\\\/privatkunden\\\/wp-content\\\/uploads\\\/2017\\\/11\\\/Elke-Groeger-Psychotherapie-Stuttgart.png\",\"width\":502,\"height\":140,\"caption\":\"Elke Groeger - Heilpraktikerin (Psychotherapie), Personal Coach\"},\"image\":{\"@id\":\"https:\\\/\\\/www.elke-groeger.de\\\/privatkunden\\\/#\\\/schema\\\/logo\\\/image\\\/\"},\"sameAs\":[\"https:\\\/\\\/www.facebook.com\\\/ElkeGroegerStuttgart\\\/\"]}]}<\/script>\n<!-- \/ Yoast SEO plugin. -->","yoast_head_json":{"title":"Depression \u00fcberwinden - professionelle Hilfe I Elke Groeger","description":"Depression \u00fcberwinden - Lebensqualit\u00e4t steigern. Die erfahrene Therapeutin Elke Groeger hilft. Termin buchen unter Tel. 0711 46967007!","robots":{"index":"index","follow":"follow","max-snippet":"max-snippet:-1","max-image-preview":"max-image-preview:large","max-video-preview":"max-video-preview:-1"},"canonical":"https:\/\/www.elke-groeger.de\/privatkunden\/depression-ueberwinden-konstanz\/","og_locale":"de_DE","og_type":"article","og_title":"Depression \u00fcberwinden - professionelle Hilfe I Elke Groeger","og_description":"Depression \u00fcberwinden - Lebensqualit\u00e4t steigern. Die erfahrene Therapeutin Elke Groeger hilft. Termin buchen unter Tel. 0711 46967007!","og_url":"https:\/\/www.elke-groeger.de\/privatkunden\/depression-ueberwinden-konstanz\/","og_site_name":"HeldenWege - Elke Groeger","article_publisher":"https:\/\/www.facebook.com\/ElkeGroegerStuttgart\/","article_modified_time":"2026-01-02T10:23:56+00:00","twitter_card":"summary_large_image","twitter_misc":{"Gesch\u00e4tzte Lesezeit":"3\u00a0Minuten"},"schema":{"@context":"https:\/\/schema.org","@graph":[{"@type":"WebPage","@id":"https:\/\/www.elke-groeger.de\/privatkunden\/depression-ueberwinden-konstanz\/","url":"https:\/\/www.elke-groeger.de\/privatkunden\/depression-ueberwinden-konstanz\/","name":"Depression \u00fcberwinden - professionelle Hilfe I Elke Groeger","isPartOf":{"@id":"https:\/\/www.elke-groeger.de\/privatkunden\/#website"},"datePublished":"2017-02-08T16:32:20+00:00","dateModified":"2026-01-02T10:23:56+00:00","description":"Depression \u00fcberwinden - Lebensqualit\u00e4t steigern. Die erfahrene Therapeutin Elke Groeger hilft. Termin buchen unter Tel. 0711 46967007!","breadcrumb":{"@id":"https:\/\/www.elke-groeger.de\/privatkunden\/depression-ueberwinden-konstanz\/#breadcrumb"},"inLanguage":"de","potentialAction":[{"@type":"ReadAction","target":["https:\/\/www.elke-groeger.de\/privatkunden\/depression-ueberwinden-konstanz\/"]}]},{"@type":"BreadcrumbList","@id":"https:\/\/www.elke-groeger.de\/privatkunden\/depression-ueberwinden-konstanz\/#breadcrumb","itemListElement":[{"@type":"ListItem","position":1,"name":"Home","item":"https:\/\/www.elke-groeger.de\/privatkunden\/"},{"@type":"ListItem","position":2,"name":"Depression \u00fcberwinden"}]},{"@type":"WebSite","@id":"https:\/\/www.elke-groeger.de\/privatkunden\/#website","url":"https:\/\/www.elke-groeger.de\/privatkunden\/","name":"HeldenWege - Elke Groeger","description":"Bewusstsein f\u00f6rdern, Potenziale entfalten","publisher":{"@id":"https:\/\/www.elke-groeger.de\/privatkunden\/#organization"},"potentialAction":[{"@type":"SearchAction","target":{"@type":"EntryPoint","urlTemplate":"https:\/\/www.elke-groeger.de\/privatkunden\/?s={search_term_string}"},"query-input":{"@type":"PropertyValueSpecification","valueRequired":true,"valueName":"search_term_string"}}],"inLanguage":"de"},{"@type":"Organization","@id":"https:\/\/www.elke-groeger.de\/privatkunden\/#organization","name":"Elke Groeger - Heilpraktikerin (Psychotherapie), Personal Coach","url":"https:\/\/www.elke-groeger.de\/privatkunden\/","logo":{"@type":"ImageObject","inLanguage":"de","@id":"https:\/\/www.elke-groeger.de\/privatkunden\/#\/schema\/logo\/image\/","url":"https:\/\/www.elke-groeger.de\/privatkunden\/wp-content\/uploads\/2017\/11\/Elke-Groeger-Psychotherapie-Stuttgart.png","contentUrl":"https:\/\/www.elke-groeger.de\/privatkunden\/wp-content\/uploads\/2017\/11\/Elke-Groeger-Psychotherapie-Stuttgart.png","width":502,"height":140,"caption":"Elke Groeger - Heilpraktikerin (Psychotherapie), Personal Coach"},"image":{"@id":"https:\/\/www.elke-groeger.de\/privatkunden\/#\/schema\/logo\/image\/"},"sameAs":["https:\/\/www.facebook.com\/ElkeGroegerStuttgart\/"]}]}},"_links":{"self":[{"href":"https:\/\/www.elke-groeger.de\/privatkunden\/wp-json\/wp\/v2\/pages\/1984","targetHints":{"allow":["GET"]}}],"collection":[{"href":"https:\/\/www.elke-groeger.de\/privatkunden\/wp-json\/wp\/v2\/pages"}],"about":[{"href":"https:\/\/www.elke-groeger.de\/privatkunden\/wp-json\/wp\/v2\/types\/page"}],"author":[{"embeddable":true,"href":"https:\/\/www.elke-groeger.de\/privatkunden\/wp-json\/wp\/v2\/users\/2"}],"replies":[{"embeddable":true,"href":"https:\/\/www.elke-groeger.de\/privatkunden\/wp-json\/wp\/v2\/comments?post=1984"}],"version-history":[{"count":16,"href":"https:\/\/www.elke-groeger.de\/privatkunden\/wp-json\/wp\/v2\/pages\/1984\/revisions"}],"predecessor-version":[{"id":6718,"href":"https:\/\/www.elke-groeger.de\/privatkunden\/wp-json\/wp\/v2\/pages\/1984\/revisions\/6718"}],"wp:attachment":[{"href":"https:\/\/www.elke-groeger.de\/privatkunden\/wp-json\/wp\/v2\/media?parent=1984"}],"curies":[{"name":"wp","href":"https:\/\/api.w.org\/{rel}","templated":true}]}}