{"id":1970,"date":"2017-02-08T16:52:18","date_gmt":"2017-02-08T15:52:18","guid":{"rendered":"https:\/\/www.elke-groeger.de\/privatkunden\/?page_id=1970"},"modified":"2026-01-02T11:23:05","modified_gmt":"2026-01-02T10:23:05","slug":"burnout-therapie-konstanz-elke-groeger","status":"publish","type":"page","link":"https:\/\/www.elke-groeger.de\/privatkunden\/burnout-therapie-konstanz-elke-groeger\/","title":{"rendered":"Burnout"},"content":{"rendered":"<div class=\"wpb-content-wrapper\">[vc_row css_animation=&#8220;&#8220; row_type=&#8220;row&#8220; use_row_as_full_screen_section=&#8220;no&#8220; type=&#8220;full_width&#8220; angled_section=&#8220;no&#8220; text_align=&#8220;left&#8220; background_image_as_pattern=&#8220;without_pattern&#8220;][vc_column][vc_empty_space height=&#8220;18px&#8220;][vc_empty_space height=&#8220;18px&#8220;][vc_row_inner row_type=&#8220;row&#8220; type=&#8220;full_width&#8220; text_align=&#8220;left&#8220; css_animation=&#8220;&#8220;][vc_column_inner width=&#8220;1\/4&#8243;][vc_single_image image=&#8220;4528&#8243; img_size=&#8220;full&#8220; style=&#8220;vc_box_border_circle&#8220; border_color=&#8220;mulled_wine&#8220; qode_css_animation=&#8220;&#8220;][vc_empty_space height=&#8220;18px&#8220;][vc_empty_space height=&#8220;18px&#8220;][\/vc_column_inner][vc_column_inner width=&#8220;3\/4&#8243;][vc_empty_space height=&#8220;18px&#8220;][vc_empty_space height=&#8220;18px&#8220;][vc_column_text]\n<p style=\"text-align: justify;\"><span style=\"font-size: 14pt; color: #3e002d;\">Ist es bei Ihnen \u00fcberw\u00e4ltigender Stress, oder sind Sie auf dem besten Weg, in ein Burnout reinzuschlittern, oder sogar schon mitten drin? Burnout kommt nicht allein durch Stress, es ist ein viel komplexeres Krankheitsbild. Es gibt laut Freudenberger 12 Stufen des Burnout. Wir analysieren zun\u00e4chst, ob Sie davon betroffen sind und auf welcher Stufe Sie eventuell stehen.\u00a0<\/span><\/p>\n[\/vc_column_text][\/vc_column_inner][\/vc_row_inner][vc_empty_space height=&#8220;18px&#8220;][vc_empty_space height=&#8220;18px&#8220;][vc_row_inner row_type=&#8220;row&#8220; type=&#8220;full_width&#8220; text_align=&#8220;left&#8220; css_animation=&#8220;&#8220;][vc_column_inner][vc_column_text css=&#8220;&#8220;]\n<h1><span style=\"color: #e94b21; font-size: 18pt;\"><strong>Die 12 Stufen des Burnout nach Freudenberger<\/strong><\/span><\/h1>\n[\/vc_column_text][vc_empty_space height=&#8220;18px&#8220;][vc_empty_space height=&#8220;18px&#8220;][vc_single_image image=&#8220;4535&#8243; img_size=&#8220;large&#8220; qode_css_animation=&#8220;&#8220;][vc_empty_space height=&#8220;18px&#8220;][vc_empty_space height=&#8220;18px&#8220;][vc_column_text]\n<p style=\"text-align: justify;\"><span style=\"font-size: 14pt; color: #3e002d;\">Lange galt das Burnout-Syndrom als so genannte Managerkrankheit. Doch treffen kann es jeden \u2013 auch die allein erziehende Mutter, Menschen in sozialen Berufen, Leistungssportler und und und. Doch Burnout hat nicht nur allein etwas mit Stress zu tun. Besonders betroffen sind Menschen mit ausgepr\u00e4gtem Perfektionismus, Helfersyndrom mit Aufopferungstendenzen und krankhaftem Ehrgeiz.<\/span><\/p>\n[\/vc_column_text][vc_empty_space height=&#8220;18px&#8220;][vc_empty_space height=&#8220;18px&#8220;][vc_column_text]\n<h2><span style=\"color: #db2e13;\"><strong>Seien Sie ehrlich zu sich selbst und schauen Sie mutig der Realit\u00e4t ins Auge<\/strong><\/span><\/h2>\n[\/vc_column_text][vc_empty_space height=&#8220;18px&#8220;][vc_column_text]\n<p style=\"text-align: justify;\"><span style=\"font-size: 14pt; color: #3e002d;\">Burnout hat sehr viel auch mit der Pers\u00f6nlichkeitsstruktur zu tun und welche Glaubenss\u00e4tze da tief in Ihrem Inneren arbeiten. Deshalb ist das Burnout-Syndrom auch so komplex. In den ersten Stufen steht haupts\u00e4chlich die Ersch\u00f6pfung im Vordergrund, bis dann in den weiteren Stufen mehr und mehr k\u00f6rperliche Symptome hinzukommen. Und damit ist dann wirklich nicht zu spa\u00dfen. Steuern Sie deswegen so fr\u00fch wie m\u00f6glich entgegen. Gerne analysieren wir in Einzelsitzungen, wo Sie stehen und was der beste Weg f\u00fcr Sie ist. Gerne k\u00f6nnen Sie aber auch zun\u00e4chst einen Vortrag oder ein Seminar von mir zu diesen Themen besuchen.\u00a0Auch\u00a0&#8222;Achtsamkeit&#8220;, eine geistige Grundhaltung, ist\u00a0bei Burnout sehr hilfreich.<\/span><\/p>\n[\/vc_column_text][\/vc_column_inner][\/vc_row_inner][vc_row_inner row_type=&#8220;row&#8220; type=&#8220;full_width&#8220; text_align=&#8220;left&#8220; css_animation=&#8220;&#8220;][vc_column_inner][vc_empty_space height=&#8220;18px&#8220;][vc_empty_space height=&#8220;18px&#8220;][vc_column_text]\n<p style=\"text-align: justify;\"><span style=\"color: #3e002d; font-size: 14pt;\"><strong>Melden Sie sich gerne bei mir, dass wir schauen, ob Sie vom Burnout-Syndrom betroffen sind oder ob Sie eher mit einer Stressbew\u00e4ltigungs-Strategie Ihre Symptome beheben k\u00f6nnen.<\/strong><\/span><\/p>\n[\/vc_column_text][vc_empty_space height=&#8220;18px&#8220;][vc_column_text css=&#8220;&#8220;]<span style=\"color: #3e002d; font-size: 14pt;\"><strong>Tel. <a href=\"tel:+4975319184668\">+49 7531 9184668<\/a><\/strong><\/span>[\/vc_column_text][vc_empty_space height=&#8220;18px&#8220;][vc_empty_space height=&#8220;18px&#8220;][\/vc_column_inner][\/vc_row_inner][vc_separator type=&#8220;normal&#8220; color=&#8220;#e94b21&#8243; thickness=&#8220;1&#8243;][\/vc_column][\/vc_row][vc_row css_animation=&#8220;&#8220; row_type=&#8220;row&#8220; use_row_as_full_screen_section=&#8220;no&#8220; type=&#8220;full_width&#8220; angled_section=&#8220;no&#8220; text_align=&#8220;left&#8220; background_image_as_pattern=&#8220;without_pattern&#8220;][\/vc_row][vc_column][\/vc_column][vc_empty_space height=&#8220;18px&#8220;][vc_empty_space height=&#8220;18px&#8220;][vc_empty_space height=&#8220;18px&#8220;][vc_row css_animation=&#8220;&#8220; row_type=&#8220;row&#8220; use_row_as_full_screen_section=&#8220;no&#8220; type=&#8220;full_width&#8220; angled_section=&#8220;no&#8220; text_align=&#8220;left&#8220; background_image_as_pattern=&#8220;without_pattern&#8220;][vc_column][vc_column_text css=&#8220;&#8220;]<span style=\"font-size: 18pt; color: #e94b21;\"><strong>Meine Buchempfehlung zu diesem Thema:<\/strong><\/span>[\/vc_column_text][vc_empty_space height=&#8220;18px&#8220;][vc_empty_space height=&#8220;18px&#8220;][vc_empty_space height=&#8220;18px&#8220;][\/vc_column][\/vc_row][vc_row css_animation=&#8220;&#8220; row_type=&#8220;row&#8220; use_row_as_full_screen_section=&#8220;no&#8220; type=&#8220;full_width&#8220; angled_section=&#8220;no&#8220; text_align=&#8220;left&#8220; background_image_as_pattern=&#8220;without_pattern&#8220;][vc_column width=&#8220;1\/4&#8243;][vc_single_image image=&#8220;6248&#8243; img_size=&#8220;medium&#8220; css=&#8220;&#8220; qode_css_animation=&#8220;&#8220;][\/vc_column][vc_column width=&#8220;3\/4&#8243;][vc_column_text css=&#8220;&#8220;]<span style=\"font-size: 14pt;\">Thomas Bergner,<\/span><\/p>\n<h3><strong><span style=\"font-size: 14pt;\">Burnout-Pr\u00e4vention<\/span><\/strong><\/h3>\n<p>&nbsp;<\/p>\n<p><span style=\"font-size: 14pt;\">Ersch\u00f6pfung verhindern &#8211; Energie aufbauen &#8211; Selbsthilfe in 12 Stufen<\/span>[\/vc_column_text][vc_empty_space height=&#8220;18px&#8220;][vc_empty_space height=&#8220;18px&#8220;][vc_empty_space height=&#8220;18px&#8220;][vc_column_text css=&#8220;&#8220;]<span style=\"font-size: 14pt;\"><strong>Weitere Informationen und Buchbestellung<\/strong><\/span>[\/vc_column_text][vc_empty_space height=&#8220;18px&#8220;]<a  itemprop=\"url\" href=\"https:\/\/www.klett-cotta.de\/produkt\/thomas-bergner-burnout-praevention-9783608430882-t-2562\" target=\"_blank\"  class=\"qbutton  medium default\" style=\"font-style: normal; font-weight: 700; font-family: Georgia; text-transform: none; font-size: 16px; \">Direkt zum Verlag<\/a>[\/vc_column][\/vc_row][vc_row css_animation=&#8220;&#8220; row_type=&#8220;row&#8220; use_row_as_full_screen_section=&#8220;no&#8220; type=&#8220;full_width&#8220; angled_section=&#8220;no&#8220; text_align=&#8220;left&#8220; background_image_as_pattern=&#8220;without_pattern&#8220;][vc_column][vc_empty_space][\/vc_column][\/vc_row]\n<\/div>","protected":false},"excerpt":{"rendered":"<p>[vc_row css_animation=&#8220;&#8220; row_type=&#8220;row&#8220; use_row_as_full_screen_section=&#8220;no&#8220; type=&#8220;full_width&#8220; angled_section=&#8220;no&#8220; text_align=&#8220;left&#8220; background_image_as_pattern=&#8220;without_pattern&#8220;][vc_column][vc_empty_space height=&#8220;18px&#8220;][vc_empty_space height=&#8220;18px&#8220;][vc_row_inner row_type=&#8220;row&#8220; type=&#8220;full_width&#8220; text_align=&#8220;left&#8220; css_animation=&#8220;&#8220;][vc_column_inner width=&#8220;1\/4&#8243;][vc_single_image image=&#8220;4528&#8243; img_size=&#8220;full&#8220; style=&#8220;vc_box_border_circle&#8220; border_color=&#8220;mulled_wine&#8220; qode_css_animation=&#8220;&#8220;][vc_empty_space&#8230;<\/p>\n","protected":false},"author":2,"featured_media":0,"parent":0,"menu_order":0,"comment_status":"closed","ping_status":"closed","template":"","meta":{"footnotes":""},"class_list":["post-1970","page","type-page","status-publish","hentry"],"yoast_head":"<!-- This site is optimized with the Yoast SEO plugin v27.4 - https:\/\/yoast.com\/product\/yoast-seo-wordpress\/ -->\n<title>Burnout Therapie Stuttgart I Elke Groeger<\/title>\n<meta name=\"description\" content=\"Burnout ist eine komplexe Krankheit, die qualifizierte Therapie erfordert. Elke Groeger bietet Burnout Therapie in Stuttgart an: 0711 46967007\" \/>\n<meta name=\"robots\" content=\"index, follow, max-snippet:-1, max-image-preview:large, max-video-preview:-1\" \/>\n<link rel=\"canonical\" href=\"https:\/\/www.elke-groeger.de\/privatkunden\/burnout-therapie-konstanz-elke-groeger\/\" \/>\n<meta property=\"og:locale\" content=\"de_DE\" \/>\n<meta property=\"og:type\" content=\"article\" \/>\n<meta property=\"og:title\" content=\"Burnout Therapie Stuttgart I Elke Groeger\" \/>\n<meta property=\"og:description\" content=\"Burnout ist eine komplexe Krankheit, die qualifizierte Therapie erfordert. Elke Groeger bietet Burnout Therapie in Stuttgart an: 0711 46967007\" \/>\n<meta property=\"og:url\" content=\"https:\/\/www.elke-groeger.de\/privatkunden\/burnout-therapie-konstanz-elke-groeger\/\" \/>\n<meta property=\"og:site_name\" content=\"HeldenWege - Elke Groeger\" \/>\n<meta property=\"article:publisher\" content=\"https:\/\/www.facebook.com\/ElkeGroegerStuttgart\/\" \/>\n<meta property=\"article:modified_time\" content=\"2026-01-02T10:23:05+00:00\" \/>\n<meta name=\"twitter:card\" content=\"summary_large_image\" \/>\n<meta name=\"twitter:label1\" content=\"Gesch\u00e4tzte Lesezeit\" \/>\n\t<meta name=\"twitter:data1\" content=\"3\u00a0Minuten\" \/>\n<script type=\"application\/ld+json\" class=\"yoast-schema-graph\">{\"@context\":\"https:\\\/\\\/schema.org\",\"@graph\":[{\"@type\":\"WebPage\",\"@id\":\"https:\\\/\\\/www.elke-groeger.de\\\/privatkunden\\\/burnout-therapie-konstanz-elke-groeger\\\/\",\"url\":\"https:\\\/\\\/www.elke-groeger.de\\\/privatkunden\\\/burnout-therapie-konstanz-elke-groeger\\\/\",\"name\":\"Burnout Therapie Stuttgart I Elke Groeger\",\"isPartOf\":{\"@id\":\"https:\\\/\\\/www.elke-groeger.de\\\/privatkunden\\\/#website\"},\"datePublished\":\"2017-02-08T15:52:18+00:00\",\"dateModified\":\"2026-01-02T10:23:05+00:00\",\"description\":\"Burnout ist eine komplexe Krankheit, die qualifizierte Therapie erfordert. Elke Groeger bietet Burnout Therapie in Stuttgart an: 0711 46967007\",\"breadcrumb\":{\"@id\":\"https:\\\/\\\/www.elke-groeger.de\\\/privatkunden\\\/burnout-therapie-konstanz-elke-groeger\\\/#breadcrumb\"},\"inLanguage\":\"de\",\"potentialAction\":[{\"@type\":\"ReadAction\",\"target\":[\"https:\\\/\\\/www.elke-groeger.de\\\/privatkunden\\\/burnout-therapie-konstanz-elke-groeger\\\/\"]}]},{\"@type\":\"BreadcrumbList\",\"@id\":\"https:\\\/\\\/www.elke-groeger.de\\\/privatkunden\\\/burnout-therapie-konstanz-elke-groeger\\\/#breadcrumb\",\"itemListElement\":[{\"@type\":\"ListItem\",\"position\":1,\"name\":\"Home\",\"item\":\"https:\\\/\\\/www.elke-groeger.de\\\/privatkunden\\\/\"},{\"@type\":\"ListItem\",\"position\":2,\"name\":\"Burnout\"}]},{\"@type\":\"WebSite\",\"@id\":\"https:\\\/\\\/www.elke-groeger.de\\\/privatkunden\\\/#website\",\"url\":\"https:\\\/\\\/www.elke-groeger.de\\\/privatkunden\\\/\",\"name\":\"HeldenWege - Elke Groeger\",\"description\":\"Bewusstsein f\u00f6rdern, Potenziale entfalten\",\"publisher\":{\"@id\":\"https:\\\/\\\/www.elke-groeger.de\\\/privatkunden\\\/#organization\"},\"potentialAction\":[{\"@type\":\"SearchAction\",\"target\":{\"@type\":\"EntryPoint\",\"urlTemplate\":\"https:\\\/\\\/www.elke-groeger.de\\\/privatkunden\\\/?s={search_term_string}\"},\"query-input\":{\"@type\":\"PropertyValueSpecification\",\"valueRequired\":true,\"valueName\":\"search_term_string\"}}],\"inLanguage\":\"de\"},{\"@type\":\"Organization\",\"@id\":\"https:\\\/\\\/www.elke-groeger.de\\\/privatkunden\\\/#organization\",\"name\":\"Elke Groeger - Heilpraktikerin (Psychotherapie), Personal Coach\",\"url\":\"https:\\\/\\\/www.elke-groeger.de\\\/privatkunden\\\/\",\"logo\":{\"@type\":\"ImageObject\",\"inLanguage\":\"de\",\"@id\":\"https:\\\/\\\/www.elke-groeger.de\\\/privatkunden\\\/#\\\/schema\\\/logo\\\/image\\\/\",\"url\":\"https:\\\/\\\/www.elke-groeger.de\\\/privatkunden\\\/wp-content\\\/uploads\\\/2017\\\/11\\\/Elke-Groeger-Psychotherapie-Stuttgart.png\",\"contentUrl\":\"https:\\\/\\\/www.elke-groeger.de\\\/privatkunden\\\/wp-content\\\/uploads\\\/2017\\\/11\\\/Elke-Groeger-Psychotherapie-Stuttgart.png\",\"width\":502,\"height\":140,\"caption\":\"Elke Groeger - Heilpraktikerin (Psychotherapie), Personal Coach\"},\"image\":{\"@id\":\"https:\\\/\\\/www.elke-groeger.de\\\/privatkunden\\\/#\\\/schema\\\/logo\\\/image\\\/\"},\"sameAs\":[\"https:\\\/\\\/www.facebook.com\\\/ElkeGroegerStuttgart\\\/\"]}]}<\/script>\n<!-- \/ Yoast SEO plugin. -->","yoast_head_json":{"title":"Burnout Therapie Stuttgart I Elke Groeger","description":"Burnout ist eine komplexe Krankheit, die qualifizierte Therapie erfordert. Elke Groeger bietet Burnout Therapie in Stuttgart an: 0711 46967007","robots":{"index":"index","follow":"follow","max-snippet":"max-snippet:-1","max-image-preview":"max-image-preview:large","max-video-preview":"max-video-preview:-1"},"canonical":"https:\/\/www.elke-groeger.de\/privatkunden\/burnout-therapie-konstanz-elke-groeger\/","og_locale":"de_DE","og_type":"article","og_title":"Burnout Therapie Stuttgart I Elke Groeger","og_description":"Burnout ist eine komplexe Krankheit, die qualifizierte Therapie erfordert. Elke Groeger bietet Burnout Therapie in Stuttgart an: 0711 46967007","og_url":"https:\/\/www.elke-groeger.de\/privatkunden\/burnout-therapie-konstanz-elke-groeger\/","og_site_name":"HeldenWege - Elke Groeger","article_publisher":"https:\/\/www.facebook.com\/ElkeGroegerStuttgart\/","article_modified_time":"2026-01-02T10:23:05+00:00","twitter_card":"summary_large_image","twitter_misc":{"Gesch\u00e4tzte Lesezeit":"3\u00a0Minuten"},"schema":{"@context":"https:\/\/schema.org","@graph":[{"@type":"WebPage","@id":"https:\/\/www.elke-groeger.de\/privatkunden\/burnout-therapie-konstanz-elke-groeger\/","url":"https:\/\/www.elke-groeger.de\/privatkunden\/burnout-therapie-konstanz-elke-groeger\/","name":"Burnout Therapie Stuttgart I Elke Groeger","isPartOf":{"@id":"https:\/\/www.elke-groeger.de\/privatkunden\/#website"},"datePublished":"2017-02-08T15:52:18+00:00","dateModified":"2026-01-02T10:23:05+00:00","description":"Burnout ist eine komplexe Krankheit, die qualifizierte Therapie erfordert. Elke Groeger bietet Burnout Therapie in Stuttgart an: 0711 46967007","breadcrumb":{"@id":"https:\/\/www.elke-groeger.de\/privatkunden\/burnout-therapie-konstanz-elke-groeger\/#breadcrumb"},"inLanguage":"de","potentialAction":[{"@type":"ReadAction","target":["https:\/\/www.elke-groeger.de\/privatkunden\/burnout-therapie-konstanz-elke-groeger\/"]}]},{"@type":"BreadcrumbList","@id":"https:\/\/www.elke-groeger.de\/privatkunden\/burnout-therapie-konstanz-elke-groeger\/#breadcrumb","itemListElement":[{"@type":"ListItem","position":1,"name":"Home","item":"https:\/\/www.elke-groeger.de\/privatkunden\/"},{"@type":"ListItem","position":2,"name":"Burnout"}]},{"@type":"WebSite","@id":"https:\/\/www.elke-groeger.de\/privatkunden\/#website","url":"https:\/\/www.elke-groeger.de\/privatkunden\/","name":"HeldenWege - Elke Groeger","description":"Bewusstsein f\u00f6rdern, Potenziale entfalten","publisher":{"@id":"https:\/\/www.elke-groeger.de\/privatkunden\/#organization"},"potentialAction":[{"@type":"SearchAction","target":{"@type":"EntryPoint","urlTemplate":"https:\/\/www.elke-groeger.de\/privatkunden\/?s={search_term_string}"},"query-input":{"@type":"PropertyValueSpecification","valueRequired":true,"valueName":"search_term_string"}}],"inLanguage":"de"},{"@type":"Organization","@id":"https:\/\/www.elke-groeger.de\/privatkunden\/#organization","name":"Elke Groeger - Heilpraktikerin (Psychotherapie), Personal Coach","url":"https:\/\/www.elke-groeger.de\/privatkunden\/","logo":{"@type":"ImageObject","inLanguage":"de","@id":"https:\/\/www.elke-groeger.de\/privatkunden\/#\/schema\/logo\/image\/","url":"https:\/\/www.elke-groeger.de\/privatkunden\/wp-content\/uploads\/2017\/11\/Elke-Groeger-Psychotherapie-Stuttgart.png","contentUrl":"https:\/\/www.elke-groeger.de\/privatkunden\/wp-content\/uploads\/2017\/11\/Elke-Groeger-Psychotherapie-Stuttgart.png","width":502,"height":140,"caption":"Elke Groeger - Heilpraktikerin (Psychotherapie), Personal Coach"},"image":{"@id":"https:\/\/www.elke-groeger.de\/privatkunden\/#\/schema\/logo\/image\/"},"sameAs":["https:\/\/www.facebook.com\/ElkeGroegerStuttgart\/"]}]}},"_links":{"self":[{"href":"https:\/\/www.elke-groeger.de\/privatkunden\/wp-json\/wp\/v2\/pages\/1970","targetHints":{"allow":["GET"]}}],"collection":[{"href":"https:\/\/www.elke-groeger.de\/privatkunden\/wp-json\/wp\/v2\/pages"}],"about":[{"href":"https:\/\/www.elke-groeger.de\/privatkunden\/wp-json\/wp\/v2\/types\/page"}],"author":[{"embeddable":true,"href":"https:\/\/www.elke-groeger.de\/privatkunden\/wp-json\/wp\/v2\/users\/2"}],"replies":[{"embeddable":true,"href":"https:\/\/www.elke-groeger.de\/privatkunden\/wp-json\/wp\/v2\/comments?post=1970"}],"version-history":[{"count":21,"href":"https:\/\/www.elke-groeger.de\/privatkunden\/wp-json\/wp\/v2\/pages\/1970\/revisions"}],"predecessor-version":[{"id":6717,"href":"https:\/\/www.elke-groeger.de\/privatkunden\/wp-json\/wp\/v2\/pages\/1970\/revisions\/6717"}],"wp:attachment":[{"href":"https:\/\/www.elke-groeger.de\/privatkunden\/wp-json\/wp\/v2\/media?parent=1970"}],"curies":[{"name":"wp","href":"https:\/\/api.w.org\/{rel}","templated":true}]}}